{"id":5023,"date":"2025-12-12T18:13:55","date_gmt":"2025-12-12T16:13:55","guid":{"rendered":"https:\/\/www.grinnus.de\/wordpress\/?page_id=5023"},"modified":"2025-12-12T19:49:46","modified_gmt":"2025-12-12T17:49:46","slug":"ueber-mich-asl-magicart-kuenstler","status":"publish","type":"page","link":"https:\/\/www.grinnus.de\/wordpress\/ueber-mich-asl-magicart-kuenstler\/","title":{"rendered":"\u00dcber mich als K\u00fcnstler"},"content":{"rendered":"\n<h2 class=\"wp-block-heading\">Vom K\u00fcnstler zum Werber und zur\u00fcck!<\/h2>\n\n\n\n<p>Mein Name ist Michael Grinnus. Auf dieser Seite m\u00f6chte ich Ihnen meine Entwicklung vom Kunststudium \u00fcber Jahrelanges Arbeiten als Artdirektor, Motiondesigner, Illustrator und Charakterdesigner f\u00fcr die Werbung bis hin zu meiner fantastischen MagicART Popart Kunst erz\u00e4hlen.<\/p>\n\n\n\n<figure class=\"wp-block-image size-large\"><img loading=\"lazy\" decoding=\"async\" width=\"1200\" height=\"675\" src=\"https:\/\/www.grinnus.de\/wordpress\/wp-content\/uploads\/2025\/12\/GC-mailer-MagicART-schaukelpferd-2025-1-1200x675.jpg\" alt=\"\" class=\"wp-image-4999\" srcset=\"https:\/\/www.grinnus.de\/wordpress\/wp-content\/uploads\/2025\/12\/GC-mailer-MagicART-schaukelpferd-2025-1-1200x675.jpg 1200w, https:\/\/www.grinnus.de\/wordpress\/wp-content\/uploads\/2025\/12\/GC-mailer-MagicART-schaukelpferd-2025-1-1000x562.jpg 1000w, https:\/\/www.grinnus.de\/wordpress\/wp-content\/uploads\/2025\/12\/GC-mailer-MagicART-schaukelpferd-2025-1-792x445.jpg 792w, https:\/\/www.grinnus.de\/wordpress\/wp-content\/uploads\/2025\/12\/GC-mailer-MagicART-schaukelpferd-2025-1-768x432.jpg 768w, https:\/\/www.grinnus.de\/wordpress\/wp-content\/uploads\/2025\/12\/GC-mailer-MagicART-schaukelpferd-2025-1.jpg 1334w\" sizes=\"auto, (max-width: 1200px) 100vw, 1200px\" \/><\/figure>\n\n\n\n<h2 class=\"wp-block-heading\"><br \/>Was bisher geschah:<\/h2>\n\n\n\n<p>Studiert an der Fachhochschule f\u00fcr Gestaltung in Hamburg habe ich schon fr\u00fch mit surrealer und fantastische Malerei \u00fcber romantischer Malere bis zu Portraitmalerei, gro\u00dfformatigen Wandgem\u00e4lde begonnen und viele Gem\u00e4lde und Kunstobjekte realisiert. W\u00e4hrend meines Studiums an der Fachhochschule f\u00fcr Grafik und Design in Hamburg habe ich mich zum Teil durch Malerei und Kunstauftr\u00e4ge finanziert. Parallel habe ich als Artdirektor und Illustrator gearbeitet und Werbefiguren, Illustrationen, Animationen und Designprojekte f\u00fcr die Werbung erstellt. <\/p>\n\n\n\n<h3 class=\"wp-block-heading\">Famili\u00e4rer Hintergrund<\/h3>\n\n\n\n<p>Schon mein Grossvater Hans Reimers hatte in den 20er Jahren des letzten Jahrhundert hatte an der Kunstakademie in Kiel Malerei studiert.<br \/>Mit Ihm habe ich viel \u00fcber Malerei gesprochen. Seine Gem\u00e4lde waren stark von der romantischen Malerei inspiriert. <br \/>Ebenso seine Tochter und meine Mutter Elke Grinnus die haupts\u00e4chlich als Hobby viele tolle Aquarelle gemalt hat. <br \/>Mein zweiter Gro\u00dfvater Carl Bergner hat ab den 70er Jahren neben seinem Beruf als F\u00e4rber als freischaffender Kunstmaler gearbeitet.<br \/>Mein Vater Kurt Grinnus war selbst\u00e4ndiger Malermeister und hatte einen eigenen Malereibetrieb. Dadurch hatte ich immer schnellen Zugang zu Farben und Kunstmaterialien. Auch einen gro\u00dfen Einfluss hat meine Tochter Tamina, die ebenfalls sehr kreativ und kunstbegabt ist.<br \/>Entsprechend hatte meine Familie auch grossen Einfluss auf mich und meine Leidenschaft f\u00fcr Kunst und Gem\u00e4lde.<\/p>\n\n\n\n<p>2017 bin ich \u00fcber  an Theatermalerei und B\u00fchnenbilddesign f\u00fcr m\u00e4rchentheaterst\u00fccke in Ber\u00fchrung gekommen.<br \/>Und schon wurde meine Begeisterung f\u00fcr Kunst wieder geweckt.<\/p>\n\n\n\n<p>Entg\u00fcltig animiert wieder freischaffende Kunst zu machen, wurde ich durch Freunde im Sommer 2025.<br \/>Seither entwerfe realisiere und verkaufe ich  meine neue magische Kunst unter dem Motto &#8216;MagicART&#8217; <\/p>\n\n\n\n<p><\/p>\n","protected":false},"excerpt":{"rendered":"<p>Vom K\u00fcnstler zum Werber und zur\u00fcck! Mein Name ist Michael Grinnus. Auf dieser Seite m\u00f6chte ich Ihnen meine Entwicklung vom Kunststudium \u00fcber Jahrelanges Arbeiten als Artdirektor, Motiondesigner, Illustrator und Charakterdesigner &#8230;<\/p>\n","protected":false},"author":1,"featured_media":0,"parent":0,"menu_order":6,"comment_status":"open","ping_status":"closed","template":"","meta":{"footnotes":""},"class_list":["post-5023","page","type-page","status-publish","hentry"],"_links":{"self":[{"href":"https:\/\/www.grinnus.de\/wordpress\/wp-json\/wp\/v2\/pages\/5023","targetHints":{"allow":["GET"]}}],"collection":[{"href":"https:\/\/www.grinnus.de\/wordpress\/wp-json\/wp\/v2\/pages"}],"about":[{"href":"https:\/\/www.grinnus.de\/wordpress\/wp-json\/wp\/v2\/types\/page"}],"author":[{"embeddable":true,"href":"https:\/\/www.grinnus.de\/wordpress\/wp-json\/wp\/v2\/users\/1"}],"replies":[{"embeddable":true,"href":"https:\/\/www.grinnus.de\/wordpress\/wp-json\/wp\/v2\/comments?post=5023"}],"version-history":[{"count":12,"href":"https:\/\/www.grinnus.de\/wordpress\/wp-json\/wp\/v2\/pages\/5023\/revisions"}],"predecessor-version":[{"id":5071,"href":"https:\/\/www.grinnus.de\/wordpress\/wp-json\/wp\/v2\/pages\/5023\/revisions\/5071"}],"wp:attachment":[{"href":"https:\/\/www.grinnus.de\/wordpress\/wp-json\/wp\/v2\/media?parent=5023"}],"curies":[{"name":"wp","href":"https:\/\/api.w.org\/{rel}","templated":true}]}}