{"id":4660,"date":"2025-09-07T11:54:41","date_gmt":"2025-09-07T09:54:41","guid":{"rendered":"https:\/\/www.grinnus.de\/wordpress\/?page_id=4660"},"modified":"2025-11-13T12:05:07","modified_gmt":"2025-11-13T10:05:07","slug":"gemaelde-von-grinnus-de-michael-grinnus","status":"publish","type":"page","link":"https:\/\/www.grinnus.de\/wordpress\/gemaelde-von-grinnus-de-michael-grinnus\/","title":{"rendered":"sub > Gem\u00e4lde &amp; Art von Michael Grinnus"},"content":{"rendered":"\n\n\n<div>\n<h2>\u00d6l- u. Acryl- Gem\u00e4lde von Michael Grinnus<\/h2>\n<span style=\"font-size: 0.875rem;\"><div id=\"metaslider-id-4287\" style=\"width: 100%;\" class=\"ml-slider-3-108-0 metaslider metaslider-flex metaslider-4287 ml-slider has-dots-nav has-carousel-mode ms-theme-nivo-light\" role=\"region\" aria-label=\"x Gem\u00e4lde u Art slideshow\" data-height=\"512\" data-width=\"860\">\n    <div id=\"metaslider_container_4287\">\n        <div id=\"metaslider_4287\" class=\"flexslider\">\n            <ul class='slides'>\n                <li style=\"display: none; width: 100%;\" class=\"slide-4496 ms-image \" aria-roledescription=\"slide\" data-date=\"2025-07-02 20:00:59\" data-filename=\"HD-Charts-Gemaelde-grinnus1-860x512.jpg\" data-slide-type=\"image\"><img loading=\"lazy\" decoding=\"async\" src=\"https:\/\/www.grinnus.de\/wordpress\/wp-content\/uploads\/2025\/07\/HD-Charts-Gemaelde-grinnus1-860x512.jpg\" height=\"512\" width=\"860\" alt=\"\" class=\"slider-4287 slide-4496 msDefaultImage\" title=\"HD Charts &gt; Gemaelde grinnus1\" \/><\/li>\n                <li style=\"display: none; width: 100%;\" class=\"slide-4495 ms-image \" aria-roledescription=\"slide\" data-date=\"2025-07-02 20:00:59\" data-filename=\"HD-Charts-Gemaelde-grinnus2-860x512.jpg\" data-slide-type=\"image\"><img loading=\"lazy\" decoding=\"async\" src=\"https:\/\/www.grinnus.de\/wordpress\/wp-content\/uploads\/2025\/07\/HD-Charts-Gemaelde-grinnus2-860x512.jpg\" height=\"512\" width=\"860\" alt=\"\" class=\"slider-4287 slide-4495 msDefaultImage\" title=\"HD Charts &gt; Gemaelde grinnus2\" \/><\/li>\n                <li style=\"display: none; width: 100%;\" class=\"slide-4494 ms-image \" aria-roledescription=\"slide\" data-date=\"2025-07-02 20:00:59\" data-filename=\"HD-Charts-Gemaelde-grinnus3-860x512.jpg\" data-slide-type=\"image\"><img loading=\"lazy\" decoding=\"async\" src=\"https:\/\/www.grinnus.de\/wordpress\/wp-content\/uploads\/2025\/07\/HD-Charts-Gemaelde-grinnus3-860x512.jpg\" height=\"512\" width=\"860\" alt=\"\" class=\"slider-4287 slide-4494 msDefaultImage\" title=\"HD Charts &gt; Gemaelde grinnus3\" \/><\/li>\n                <li style=\"display: none; width: 100%;\" class=\"slide-4891 ms-image \" aria-roledescription=\"slide\" data-date=\"2025-11-13 11:14:31\" data-filename=\"HD-Charts-Gemaelde-grinnus26-860x512.png\" data-slide-type=\"image\"><img loading=\"lazy\" decoding=\"async\" src=\"https:\/\/www.grinnus.de\/wordpress\/wp-content\/uploads\/2025\/11\/HD-Charts-Gemaelde-grinnus26-860x512.png\" height=\"512\" width=\"860\" alt=\"\" class=\"slider-4287 slide-4891 msDefaultImage\" title=\"HD Charts &gt; Gemaelde grinnus26\" \/><\/li>\n                <li style=\"display: none; width: 100%;\" class=\"slide-4492 ms-image \" aria-roledescription=\"slide\" data-date=\"2025-07-02 20:00:59\" data-filename=\"HD-Charts-Gemaelde-grinnus5-860x512.jpg\" data-slide-type=\"image\"><img loading=\"lazy\" decoding=\"async\" src=\"https:\/\/www.grinnus.de\/wordpress\/wp-content\/uploads\/2025\/07\/HD-Charts-Gemaelde-grinnus5-860x512.jpg\" height=\"512\" width=\"860\" alt=\"\" class=\"slider-4287 slide-4492 msDefaultImage\" title=\"HD Charts &gt; Gemaelde grinnus5\" \/><\/li>\n                <li style=\"display: none; width: 100%;\" class=\"slide-4488 ms-image \" aria-roledescription=\"slide\" data-date=\"2025-07-02 20:00:58\" data-filename=\"HD-Charts-Gemaelde-grinnus9-860x512.jpg\" data-slide-type=\"image\"><img loading=\"lazy\" decoding=\"async\" src=\"https:\/\/www.grinnus.de\/wordpress\/wp-content\/uploads\/2025\/07\/HD-Charts-Gemaelde-grinnus9-860x512.jpg\" height=\"512\" width=\"860\" alt=\"\" class=\"slider-4287 slide-4488 msDefaultImage\" title=\"HD Charts &gt; Gemaelde grinnus9\" \/><\/li>\n                <li style=\"display: none; width: 100%;\" class=\"slide-4490 ms-image \" aria-roledescription=\"slide\" data-date=\"2025-07-02 20:00:58\" data-filename=\"HD-Charts-Gemaelde-grinnus7-860x512.jpg\" data-slide-type=\"image\"><img loading=\"lazy\" decoding=\"async\" src=\"https:\/\/www.grinnus.de\/wordpress\/wp-content\/uploads\/2025\/07\/HD-Charts-Gemaelde-grinnus7-860x512.jpg\" height=\"512\" width=\"860\" alt=\"\" class=\"slider-4287 slide-4490 msDefaultImage\" title=\"HD Charts &gt; Gemaelde grinnus7\" \/><\/li>\n                <li style=\"display: none; width: 100%;\" class=\"slide-4491 ms-image \" aria-roledescription=\"slide\" data-date=\"2025-07-02 20:00:58\" data-filename=\"HD-Charts-Gemaelde-grinnus6-860x512.jpg\" data-slide-type=\"image\"><img loading=\"lazy\" decoding=\"async\" src=\"https:\/\/www.grinnus.de\/wordpress\/wp-content\/uploads\/2025\/07\/HD-Charts-Gemaelde-grinnus6-860x512.jpg\" height=\"512\" width=\"860\" alt=\"\" class=\"slider-4287 slide-4491 msDefaultImage\" title=\"HD Charts &gt; Gemaelde grinnus6\" \/><\/li>\n                <li style=\"display: none; width: 100%;\" class=\"slide-4473 ms-image \" aria-roledescription=\"slide\" data-date=\"2025-07-02 20:00:57\" data-filename=\"HD-Charts-Gemaelde-grinnus24-860x512.jpg\" data-slide-type=\"image\"><img loading=\"lazy\" decoding=\"async\" src=\"https:\/\/www.grinnus.de\/wordpress\/wp-content\/uploads\/2025\/07\/HD-Charts-Gemaelde-grinnus24-860x512.jpg\" height=\"512\" width=\"860\" alt=\"\" class=\"slider-4287 slide-4473 msDefaultImage\" title=\"HD Charts &gt; Gemaelde grinnus24\" \/><\/li>\n                <li style=\"display: none; width: 100%;\" class=\"slide-4493 ms-image \" aria-roledescription=\"slide\" data-date=\"2025-07-02 20:00:59\" data-filename=\"HD-Charts-Gemaelde-grinnus4-860x512.jpg\" data-slide-type=\"image\"><img loading=\"lazy\" decoding=\"async\" src=\"https:\/\/www.grinnus.de\/wordpress\/wp-content\/uploads\/2025\/07\/HD-Charts-Gemaelde-grinnus4-860x512.jpg\" height=\"512\" width=\"860\" alt=\"\" class=\"slider-4287 slide-4493 msDefaultImage\" title=\"HD Charts &gt; Gemaelde grinnus4\" \/><\/li>\n                <li style=\"display: none; width: 100%;\" class=\"slide-4489 ms-image \" aria-roledescription=\"slide\" data-date=\"2025-07-02 20:00:58\" data-filename=\"HD-Charts-Gemaelde-grinnus8-860x512.jpg\" data-slide-type=\"image\"><img loading=\"lazy\" decoding=\"async\" src=\"https:\/\/www.grinnus.de\/wordpress\/wp-content\/uploads\/2025\/07\/HD-Charts-Gemaelde-grinnus8-860x512.jpg\" height=\"512\" width=\"860\" alt=\"\" class=\"slider-4287 slide-4489 msDefaultImage\" title=\"HD Charts &gt; Gemaelde grinnus8\" \/><\/li>\n                <li style=\"display: none; width: 100%;\" class=\"slide-4474 ms-image \" aria-roledescription=\"slide\" data-date=\"2025-07-02 20:00:57\" data-filename=\"HD-Charts-Gemaelde-grinnus23-860x512.jpg\" data-slide-type=\"image\"><img loading=\"lazy\" decoding=\"async\" src=\"https:\/\/www.grinnus.de\/wordpress\/wp-content\/uploads\/2025\/07\/HD-Charts-Gemaelde-grinnus23-860x512.jpg\" height=\"512\" width=\"860\" alt=\"\" class=\"slider-4287 slide-4474 msDefaultImage\" title=\"HD Charts &gt; Gemaelde grinnus23\" \/><\/li>\n                <li style=\"display: none; width: 100%;\" class=\"slide-4480 ms-image \" aria-roledescription=\"slide\" data-date=\"2025-07-02 20:00:57\" data-filename=\"HD-Charts-Gemaelde-grinnus17-860x512.jpg\" data-slide-type=\"image\"><img loading=\"lazy\" decoding=\"async\" src=\"https:\/\/www.grinnus.de\/wordpress\/wp-content\/uploads\/2025\/07\/HD-Charts-Gemaelde-grinnus17-860x512.jpg\" height=\"512\" width=\"860\" alt=\"\" class=\"slider-4287 slide-4480 msDefaultImage\" title=\"HD Charts &gt; Gemaelde grinnus17\" \/><\/li>\n                <li style=\"display: none; width: 100%;\" class=\"slide-4482 ms-image \" aria-roledescription=\"slide\" data-date=\"2025-07-02 20:00:58\" data-filename=\"HD-Charts-Gemaelde-grinnus15-860x512.jpg\" data-slide-type=\"image\"><img loading=\"lazy\" decoding=\"async\" src=\"https:\/\/www.grinnus.de\/wordpress\/wp-content\/uploads\/2025\/07\/HD-Charts-Gemaelde-grinnus15-860x512.jpg\" height=\"512\" width=\"860\" alt=\"\" class=\"slider-4287 slide-4482 msDefaultImage\" title=\"HD Charts &gt; Gemaelde grinnus15\" \/><\/li>\n                <li style=\"display: none; width: 100%;\" class=\"slide-4481 ms-image \" aria-roledescription=\"slide\" data-date=\"2025-07-02 20:00:57\" data-filename=\"HD-Charts-Gemaelde-grinnus16-860x512.jpg\" data-slide-type=\"image\"><img loading=\"lazy\" decoding=\"async\" src=\"https:\/\/www.grinnus.de\/wordpress\/wp-content\/uploads\/2025\/07\/HD-Charts-Gemaelde-grinnus16-860x512.jpg\" height=\"512\" width=\"860\" alt=\"\" class=\"slider-4287 slide-4481 msDefaultImage\" title=\"HD Charts &gt; Gemaelde grinnus16\" \/><\/li>\n                <li style=\"display: none; width: 100%;\" class=\"slide-4475 ms-image \" aria-roledescription=\"slide\" data-date=\"2025-07-02 20:00:57\" data-filename=\"HD-Charts-Gemaelde-grinnus22-860x512.jpg\" data-slide-type=\"image\"><img loading=\"lazy\" decoding=\"async\" src=\"https:\/\/www.grinnus.de\/wordpress\/wp-content\/uploads\/2025\/07\/HD-Charts-Gemaelde-grinnus22-860x512.jpg\" height=\"512\" width=\"860\" alt=\"\" class=\"slider-4287 slide-4475 msDefaultImage\" title=\"HD Charts &gt; Gemaelde grinnus22\" \/><\/li>\n                <li style=\"display: none; width: 100%;\" class=\"slide-4476 ms-image \" aria-roledescription=\"slide\" data-date=\"2025-07-02 20:00:57\" data-filename=\"HD-Charts-Gemaelde-grinnus21-860x512.jpg\" data-slide-type=\"image\"><img loading=\"lazy\" decoding=\"async\" src=\"https:\/\/www.grinnus.de\/wordpress\/wp-content\/uploads\/2025\/07\/HD-Charts-Gemaelde-grinnus21-860x512.jpg\" height=\"512\" width=\"860\" alt=\"\" class=\"slider-4287 slide-4476 msDefaultImage\" title=\"HD Charts &gt; Gemaelde grinnus21\" \/><\/li>\n                <li style=\"display: none; width: 100%;\" class=\"slide-4477 ms-image \" aria-roledescription=\"slide\" data-date=\"2025-07-02 20:00:57\" data-filename=\"HD-Charts-Gemaelde-grinnus20-860x512.jpg\" data-slide-type=\"image\"><img loading=\"lazy\" decoding=\"async\" src=\"https:\/\/www.grinnus.de\/wordpress\/wp-content\/uploads\/2025\/07\/HD-Charts-Gemaelde-grinnus20-860x512.jpg\" height=\"512\" width=\"860\" alt=\"\" class=\"slider-4287 slide-4477 msDefaultImage\" title=\"HD Charts &gt; Gemaelde grinnus20\" \/><\/li>\n                <li style=\"display: none; width: 100%;\" class=\"slide-4478 ms-image \" aria-roledescription=\"slide\" data-date=\"2025-07-02 20:00:57\" data-filename=\"HD-Charts-Gemaelde-grinnus19-860x512.jpg\" data-slide-type=\"image\"><img loading=\"lazy\" decoding=\"async\" src=\"https:\/\/www.grinnus.de\/wordpress\/wp-content\/uploads\/2025\/07\/HD-Charts-Gemaelde-grinnus19-860x512.jpg\" height=\"512\" width=\"860\" alt=\"\" class=\"slider-4287 slide-4478 msDefaultImage\" title=\"HD Charts &gt; Gemaelde grinnus19\" \/><\/li>\n                <li style=\"display: none; width: 100%;\" class=\"slide-4479 ms-image \" aria-roledescription=\"slide\" data-date=\"2025-07-02 20:00:57\" data-filename=\"HD-Charts-Gemaelde-grinnus18-860x512.jpg\" data-slide-type=\"image\"><img loading=\"lazy\" decoding=\"async\" src=\"https:\/\/www.grinnus.de\/wordpress\/wp-content\/uploads\/2025\/07\/HD-Charts-Gemaelde-grinnus18-860x512.jpg\" height=\"512\" width=\"860\" alt=\"\" class=\"slider-4287 slide-4479 msDefaultImage\" title=\"HD Charts &gt; Gemaelde grinnus18\" \/><\/li>\n                <li style=\"display: none; width: 100%;\" class=\"slide-4483 ms-image \" aria-roledescription=\"slide\" data-date=\"2025-07-02 20:00:58\" data-filename=\"HD-Charts-Gemaelde-grinnus14-860x512.jpg\" data-slide-type=\"image\"><img loading=\"lazy\" decoding=\"async\" src=\"https:\/\/www.grinnus.de\/wordpress\/wp-content\/uploads\/2025\/07\/HD-Charts-Gemaelde-grinnus14-860x512.jpg\" height=\"512\" width=\"860\" alt=\"\" class=\"slider-4287 slide-4483 msDefaultImage\" title=\"HD Charts &gt; Gemaelde grinnus14\" \/><\/li>\n                <li style=\"display: none; width: 100%;\" class=\"slide-4484 ms-image \" aria-roledescription=\"slide\" data-date=\"2025-07-02 20:00:58\" data-filename=\"HD-Charts-Gemaelde-grinnus13-860x512.jpg\" data-slide-type=\"image\"><img loading=\"lazy\" decoding=\"async\" src=\"https:\/\/www.grinnus.de\/wordpress\/wp-content\/uploads\/2025\/07\/HD-Charts-Gemaelde-grinnus13-860x512.jpg\" height=\"512\" width=\"860\" alt=\"\" class=\"slider-4287 slide-4484 msDefaultImage\" title=\"HD Charts &gt; Gemaelde grinnus13\" \/><\/li>\n                <li style=\"display: none; width: 100%;\" class=\"slide-4485 ms-image \" aria-roledescription=\"slide\" data-date=\"2025-07-02 20:00:58\" data-filename=\"HD-Charts-Gemaelde-grinnus12-860x512.jpg\" data-slide-type=\"image\"><img loading=\"lazy\" decoding=\"async\" src=\"https:\/\/www.grinnus.de\/wordpress\/wp-content\/uploads\/2025\/07\/HD-Charts-Gemaelde-grinnus12-860x512.jpg\" height=\"512\" width=\"860\" alt=\"\" class=\"slider-4287 slide-4485 msDefaultImage\" title=\"HD Charts &gt; Gemaelde grinnus12\" \/><\/li>\n                <li style=\"display: none; width: 100%;\" class=\"slide-4486 ms-image \" aria-roledescription=\"slide\" data-date=\"2025-07-02 20:00:58\" data-filename=\"HD-Charts-Gemaelde-grinnus11-860x512.jpg\" data-slide-type=\"image\"><img loading=\"lazy\" decoding=\"async\" src=\"https:\/\/www.grinnus.de\/wordpress\/wp-content\/uploads\/2025\/07\/HD-Charts-Gemaelde-grinnus11-860x512.jpg\" height=\"512\" width=\"860\" alt=\"\" class=\"slider-4287 slide-4486 msDefaultImage\" title=\"HD Charts &gt; Gemaelde grinnus11\" \/><\/li>\n                <li style=\"display: none; width: 100%;\" class=\"slide-4487 ms-image \" aria-roledescription=\"slide\" data-date=\"2025-07-02 20:00:58\" data-filename=\"HD-Charts-Gemaelde-grinnus10-860x512.jpg\" data-slide-type=\"image\"><img loading=\"lazy\" decoding=\"async\" src=\"https:\/\/www.grinnus.de\/wordpress\/wp-content\/uploads\/2025\/07\/HD-Charts-Gemaelde-grinnus10-860x512.jpg\" height=\"512\" width=\"860\" alt=\"\" class=\"slider-4287 slide-4487 msDefaultImage\" title=\"HD Charts &gt; Gemaelde grinnus10\" \/><\/li>\n                <li style=\"display: none; width: 100%;\" class=\"slide-4293 ms-image \" aria-roledescription=\"slide\" data-date=\"2025-06-29 16:20:43\" data-filename=\"onepr_slider3_2div2-860x512.jpg\" data-slide-type=\"image\"><img loading=\"lazy\" decoding=\"async\" src=\"https:\/\/www.grinnus.de\/wordpress\/wp-content\/uploads\/2021\/09\/onepr_slider3_2div2-860x512.jpg\" height=\"512\" width=\"860\" alt=\"\" class=\"slider-4287 slide-4293 msDefaultImage\" title=\"onepr_slider3_2div2\" \/><\/li>\n                <li style=\"display: none; width: 100%;\" class=\"slide-4892 ms-image \" aria-roledescription=\"slide\" data-date=\"2025-11-13 11:14:31\" data-filename=\"HD-Charts-Gemaelde-grinnus27-860x512.png\" data-slide-type=\"image\"><img loading=\"lazy\" decoding=\"async\" src=\"https:\/\/www.grinnus.de\/wordpress\/wp-content\/uploads\/2025\/11\/HD-Charts-Gemaelde-grinnus27-860x512.png\" height=\"512\" width=\"860\" alt=\"\" class=\"slider-4287 slide-4892 msDefaultImage\" title=\"HD Charts &gt; Gemaelde grinnus27\" \/><\/li>\n            <\/ul>\n        <\/div>\n        \n    <\/div>\n<\/div><\/span>\n\n<\/div>\n<div><\/div>\n<div>\n\n\n\n\n<p class=\"has-normal-font-size\">Mein Name ist Michael Grinnus und ich bin freiberuflicher Maler, Illustrator und Designer. \u00a0Jetzt in Zeiten der Digitalisierung und dem Einfluss von k\u00fcnstlicher Intelligenz gewinnt f\u00fcr mich analoge Kunst wieder zunehmend an Bedeutung durch ihren nachhaltigen Wert.<\/p>\n\n<\/div>\n<div><\/div>\n\n\n\n\n\n<h3>Analoge Kunst als wachsender Mehrwert in einer zunehmend digitalen Welt.<\/h3>\n\n\n\n<p class=\"has-normal-font-size\">Von romantischer Malere bis zu Portraitmalerei, surrealer und fantastische Malerei und Wandgem\u00e4lde und Theatermalerei habe ich schon viele Gem\u00e4lde und Kunstobjekte erstellt. Schon mein Grossvater Hans Reimers hatte an der Kunstakademie in Kiel Malerei studiert. Entsprechend hatte er auch grossen Einfluss auf mich und meine Leidenschaft f\u00fcr Kunst und Gem\u00e4lde. Durch meinen beruflichen Werdegang als Artdirektor und Illustrator in verschiedenen Hamburger Werbeagenturen und sp\u00e4ter auch freiberuflich habe ich diese Leidenschaft vermehrt aus dem Blick verloren. Schauen Sie sie aber gerne auch meine Gem\u00e4lde aus den Bereichen<\/p>\n<p class=\"has-normal-font-size\">Magische Popart,\u00a0<a href=\"https:\/\/www.grinnus.de\/wordpress\/art-is-dream-popart-projekte-von-michael-grinnus\/\" target=\"_blank\" rel=\"noopener\">Magische Popart<\/a>, <a href=\"https:\/\/www.grinnus.de\/wordpress\/wandgemaelde-von-grinnus-de-michael-grinnus\/\" target=\"_blank\" rel=\"noopener\">Wandmalerei<\/a>,\u00a0<a href=\"https:\/\/www.grinnus.de\/wordpress\/theatermalerei-von-grinnus-de-michael-grinnus\/\" target=\"_blank\" rel=\"noopener\">Theatermalerei<\/a>\u00a0und <a href=\"https:\/\/www.grinnus.de\/wordpress\/fantasy-art-von-grinnus-de-michael-grinnus\/\" target=\"_blank\" rel=\"noopener\">Fantasy Art<\/a> an.<\/p>\n\n\n\n\n\n\n\n\n\n<p class=\"has-normal-font-size\">Wenn Sie Interesse oder Fragen zu meiner Kunst oder einer Zusammenarbeit haben, so rufen Sie mich gerne an.\nFestnetz: 040 \/ 38610135<\/p>\n\n\n\n<p class=\"has-normal-font-size\">Viele Gr\u00fc\u00dfe, Michael Grinnus<\/p>\n\n\n\n\n\n\n\n\n\n\n","protected":false},"excerpt":{"rendered":"<p>Klassische Malerei von Michael Grinnus<\/p>\n","protected":false},"author":1,"featured_media":4380,"parent":0,"menu_order":10,"comment_status":"open","ping_status":"closed","template":"","meta":{"footnotes":""},"class_list":["post-4660","page","type-page","status-publish","has-post-thumbnail","hentry"],"_links":{"self":[{"href":"https:\/\/www.grinnus.de\/wordpress\/wp-json\/wp\/v2\/pages\/4660","targetHints":{"allow":["GET"]}}],"collection":[{"href":"https:\/\/www.grinnus.de\/wordpress\/wp-json\/wp\/v2\/pages"}],"about":[{"href":"https:\/\/www.grinnus.de\/wordpress\/wp-json\/wp\/v2\/types\/page"}],"author":[{"embeddable":true,"href":"https:\/\/www.grinnus.de\/wordpress\/wp-json\/wp\/v2\/users\/1"}],"replies":[{"embeddable":true,"href":"https:\/\/www.grinnus.de\/wordpress\/wp-json\/wp\/v2\/comments?post=4660"}],"version-history":[{"count":5,"href":"https:\/\/www.grinnus.de\/wordpress\/wp-json\/wp\/v2\/pages\/4660\/revisions"}],"predecessor-version":[{"id":4983,"href":"https:\/\/www.grinnus.de\/wordpress\/wp-json\/wp\/v2\/pages\/4660\/revisions\/4983"}],"wp:featuredmedia":[{"embeddable":true,"href":"https:\/\/www.grinnus.de\/wordpress\/wp-json\/wp\/v2\/media\/4380"}],"wp:attachment":[{"href":"https:\/\/www.grinnus.de\/wordpress\/wp-json\/wp\/v2\/media?parent=4660"}],"curies":[{"name":"wp","href":"https:\/\/api.w.org\/{rel}","templated":true}]}}