{"id":4576,"date":"2025-07-03T09:47:39","date_gmt":"2025-07-03T07:47:39","guid":{"rendered":"https:\/\/www.grinnus.de\/wordpress\/?page_id=4576"},"modified":"2025-11-13T12:23:42","modified_gmt":"2025-11-13T10:23:42","slug":"wandgemaelde-von-grinnus-de-michael-grinnus","status":"publish","type":"page","link":"https:\/\/www.grinnus.de\/wordpress\/wandgemaelde-von-grinnus-de-michael-grinnus\/","title":{"rendered":"sub > Wandgem\u00e4lde von Michael Grinnus"},"content":{"rendered":"<h2>Wandgem\u00e4lde und Deckengem\u00e4lde<!-- \/wp:post-content --><\/h2>\n<!-- wp:metaslider\/slider {\"slideshowId\":1890} -->\n\n<!-- wp:paragraph {\"fontSize\":\"normal\"} -->\n<p class=\"has-normal-font-size\"><div id=\"metaslider-id-4547\" style=\"width: 100%;\" class=\"ml-slider-3-108-0 metaslider metaslider-flex metaslider-4547 ml-slider has-dots-nav has-carousel-mode ms-theme-nivo-light\" role=\"region\" aria-label=\"x Wandbilder auch Kneipen\" data-height=\"512\" data-width=\"860\">\n    <div id=\"metaslider_container_4547\">\n        <div id=\"metaslider_4547\" class=\"flexslider\">\n            <ul class='slides'>\n                <li style=\"display: none; width: 100%;\" class=\"slide-4566 ms-image \" aria-roledescription=\"slide\" data-date=\"2025-07-03 09:24:13\" data-filename=\"HD-wandbilder-grinnus-1-860x512.jpg\" data-slide-type=\"image\"><img loading=\"lazy\" decoding=\"async\" src=\"https:\/\/www.grinnus.de\/wordpress\/wp-content\/uploads\/2025\/07\/HD-wandbilder-grinnus-1-860x512.jpg\" height=\"512\" width=\"860\" alt=\"\" class=\"slider-4547 slide-4566 msDefaultImage\" title=\"HD &gt; wandbilder grinnus 1\" \/><\/li>\n                <li style=\"display: none; width: 100%;\" class=\"slide-4574 ms-image \" aria-roledescription=\"slide\" data-date=\"2025-07-03 09:24:14\" data-filename=\"HD-wandbilder-grinnus-3-860x512.jpg\" data-slide-type=\"image\"><img loading=\"lazy\" decoding=\"async\" src=\"https:\/\/www.grinnus.de\/wordpress\/wp-content\/uploads\/2025\/07\/HD-wandbilder-grinnus-3-860x512.jpg\" height=\"512\" width=\"860\" alt=\"\" class=\"slider-4547 slide-4574 msDefaultImage\" title=\"HD &gt; wandbilder grinnus 3\" \/><\/li>\n                <li style=\"display: none; width: 100%;\" class=\"slide-4575 ms-image \" aria-roledescription=\"slide\" data-date=\"2025-07-03 09:24:15\" data-filename=\"HD-wandbilder-grinnus-2-860x512.jpg\" data-slide-type=\"image\"><img loading=\"lazy\" decoding=\"async\" src=\"https:\/\/www.grinnus.de\/wordpress\/wp-content\/uploads\/2025\/07\/HD-wandbilder-grinnus-2-860x512.jpg\" height=\"512\" width=\"860\" alt=\"\" class=\"slider-4547 slide-4575 msDefaultImage\" title=\"HD &gt; wandbilder grinnus 2\" \/><\/li>\n                <li style=\"display: none; width: 100%;\" class=\"slide-4573 ms-image \" aria-roledescription=\"slide\" data-date=\"2025-07-03 09:24:14\" data-filename=\"HD-wandbilder-grinnus-4-860x512.jpg\" data-slide-type=\"image\"><img loading=\"lazy\" decoding=\"async\" src=\"https:\/\/www.grinnus.de\/wordpress\/wp-content\/uploads\/2025\/07\/HD-wandbilder-grinnus-4-860x512.jpg\" height=\"512\" width=\"860\" alt=\"\" class=\"slider-4547 slide-4573 msDefaultImage\" title=\"HD &gt; wandbilder grinnus 4\" \/><\/li>\n                <li style=\"display: none; width: 100%;\" class=\"slide-4572 ms-image \" aria-roledescription=\"slide\" data-date=\"2025-07-03 09:24:14\" data-filename=\"HD-wandbilder-grinnus-5-860x512.jpg\" data-slide-type=\"image\"><img loading=\"lazy\" decoding=\"async\" src=\"https:\/\/www.grinnus.de\/wordpress\/wp-content\/uploads\/2025\/07\/HD-wandbilder-grinnus-5-860x512.jpg\" height=\"512\" width=\"860\" alt=\"\" class=\"slider-4547 slide-4572 msDefaultImage\" title=\"HD &gt; wandbilder grinnus 5\" \/><\/li>\n                <li style=\"display: none; width: 100%;\" class=\"slide-4571 ms-image \" aria-roledescription=\"slide\" data-date=\"2025-07-03 09:24:14\" data-filename=\"HD-wandbilder-grinnus-6-860x512.jpg\" data-slide-type=\"image\"><img loading=\"lazy\" decoding=\"async\" src=\"https:\/\/www.grinnus.de\/wordpress\/wp-content\/uploads\/2025\/07\/HD-wandbilder-grinnus-6-860x512.jpg\" height=\"512\" width=\"860\" alt=\"\" class=\"slider-4547 slide-4571 msDefaultImage\" title=\"HD &gt; wandbilder grinnus 6\" \/><\/li>\n                <li style=\"display: none; width: 100%;\" class=\"slide-4570 ms-image \" aria-roledescription=\"slide\" data-date=\"2025-07-03 09:24:14\" data-filename=\"HD-wandbilder-grinnus-7-860x512.jpg\" data-slide-type=\"image\"><img loading=\"lazy\" decoding=\"async\" src=\"https:\/\/www.grinnus.de\/wordpress\/wp-content\/uploads\/2025\/07\/HD-wandbilder-grinnus-7-860x512.jpg\" height=\"512\" width=\"860\" alt=\"\" class=\"slider-4547 slide-4570 msDefaultImage\" title=\"HD &gt; wandbilder grinnus 7\" \/><\/li>\n                <li style=\"display: none; width: 100%;\" class=\"slide-4569 ms-image \" aria-roledescription=\"slide\" data-date=\"2025-07-03 09:24:14\" data-filename=\"HD-wandbilder-grinnus-8-860x512.jpg\" data-slide-type=\"image\"><img loading=\"lazy\" decoding=\"async\" src=\"https:\/\/www.grinnus.de\/wordpress\/wp-content\/uploads\/2025\/07\/HD-wandbilder-grinnus-8-860x512.jpg\" height=\"512\" width=\"860\" alt=\"\" class=\"slider-4547 slide-4569 msDefaultImage\" title=\"HD &gt; wandbilder grinnus 8\" \/><\/li>\n                <li style=\"display: none; width: 100%;\" class=\"slide-4568 ms-image \" aria-roledescription=\"slide\" data-date=\"2025-07-03 09:24:13\" data-filename=\"HD-wandbilder-grinnus-9-860x512.jpg\" data-slide-type=\"image\"><img loading=\"lazy\" decoding=\"async\" src=\"https:\/\/www.grinnus.de\/wordpress\/wp-content\/uploads\/2025\/07\/HD-wandbilder-grinnus-9-860x512.jpg\" height=\"512\" width=\"860\" alt=\"\" class=\"slider-4547 slide-4568 msDefaultImage\" title=\"HD &gt; wandbilder grinnus 9\" \/><\/li>\n                <li style=\"display: none; width: 100%;\" class=\"slide-4567 ms-image \" aria-roledescription=\"slide\" data-date=\"2025-07-03 09:24:13\" data-filename=\"HD-wandbilder-grinnus-10-860x512.jpg\" data-slide-type=\"image\"><img loading=\"lazy\" decoding=\"async\" src=\"https:\/\/www.grinnus.de\/wordpress\/wp-content\/uploads\/2025\/07\/HD-wandbilder-grinnus-10-860x512.jpg\" height=\"512\" width=\"860\" alt=\"\" class=\"slider-4547 slide-4567 msDefaultImage\" title=\"HD &gt; wandbilder grinnus 10\" \/><\/li>\n            <\/ul>\n        <\/div>\n        \n    <\/div>\n<\/div><\/p>\n<p class=\"has-normal-font-size\">Mein Name ist Michael Grinnus und ich bin freiberuflicher Maler, Illustrator und Designer. Neben meinen digitalen Illustrationen, grafischen Designs und Cartoon Figurenwelten habe ich auch verschiedene Wandgestaltungen und Wandgem\u00e4lde f\u00fcr Restaurants, Kneipen und andere in- u. Outdoor Locations entworfen und erstellt. Nach dem Entwurf und der Abstimmung mit dem Kunden realisiere ich Bilder aller Art in verschiedenen Techniken.<\/p>\n<!-- \/wp:paragraph -->\n\n<!-- wp:metaslider\/slider {\"slideshowId\":1890} -->\n<div><\/div>\n<div><\/div>\n<!-- \/wp:metaslider\/slider -->\n\n<!-- wp:paragraph {\"style\":{\"typography\":{\"fontSize\":25}}} \/-->\n\n<!-- wp:paragraph {\"fontSize\":\"normal\"} \/-->\n<h3>Wand- und Deckengem\u00e4lde f\u00fcr gewerbliche und private Nutzung<\/h3>\n<!-- \/wp:metaslider\/slider -->\n\n<!-- wp:paragraph {\"fontSize\":\"normal\"} -->\n<p class=\"has-normal-font-size\">Neben den Wandgem\u00e4lden im Innenbereich erstelle ich auch gro\u00dfformatige Entw\u00fcrfe Gem\u00e4lde f\u00fcr den Aussenbereich sowie <a href=\"https:\/\/www.grinnus.de\/wordpress\/theatermalerei-von-grinnus-de-michael-grinnus\/\">Theaterkulissen<\/a>. Vermehrt neben <a href=\"https:\/\/www.grinnus.de\/wordpress\/gemaelde-von-grinnus-de-michael-grinnus\/\">analogen Gem\u00e4lden<\/a> auch als digitale XXL-Gro\u00dfdrucke f\u00fcr den gewerblichen und privaten Bereich (z.B. f\u00fcr die individuelle Schrankw\u00e4nde z.B. f\u00fcr Kinder- u. Schlafzimmer.<\/p>\n<!-- \/wp:paragraph -->\n\n<!-- wp:paragraph {\"fontSize\":\"normal\"} -->\n\n<!-- \/wp:paragraph -->\n\n<!-- wp:paragraph {\"fontSize\":\"normal\"} \/-->\n\n<!-- wp:paragraph {\"fontSize\":\"normal\"} -->\n<p class=\"has-normal-font-size\">Wenn Sie Interesse oder Fragen zu meiner Kunst oder einer Zusammenarbeit haben, so rufen Sie mich gerne an.\nFestnetz: 040 \/ 38610135<\/p>\n<!-- \/wp:paragraph -->\n\n<!-- wp:paragraph {\"fontSize\":\"normal\"} -->\n<p class=\"has-normal-font-size\">Viele Gr\u00fc\u00dfe, Michael Grinnus<\/p>\n<!-- wp:paragraph -->\n\n<!-- \/wp:paragraph -->","protected":false},"excerpt":{"rendered":"<p>Wand- und Deckengem\u00e4lde von Michael Grinnus<\/p>\n","protected":false},"author":1,"featured_media":4408,"parent":0,"menu_order":10,"comment_status":"open","ping_status":"closed","template":"","meta":{"footnotes":""},"class_list":["post-4576","page","type-page","status-publish","has-post-thumbnail","hentry"],"_links":{"self":[{"href":"https:\/\/www.grinnus.de\/wordpress\/wp-json\/wp\/v2\/pages\/4576","targetHints":{"allow":["GET"]}}],"collection":[{"href":"https:\/\/www.grinnus.de\/wordpress\/wp-json\/wp\/v2\/pages"}],"about":[{"href":"https:\/\/www.grinnus.de\/wordpress\/wp-json\/wp\/v2\/types\/page"}],"author":[{"embeddable":true,"href":"https:\/\/www.grinnus.de\/wordpress\/wp-json\/wp\/v2\/users\/1"}],"replies":[{"embeddable":true,"href":"https:\/\/www.grinnus.de\/wordpress\/wp-json\/wp\/v2\/comments?post=4576"}],"version-history":[{"count":8,"href":"https:\/\/www.grinnus.de\/wordpress\/wp-json\/wp\/v2\/pages\/4576\/revisions"}],"predecessor-version":[{"id":4997,"href":"https:\/\/www.grinnus.de\/wordpress\/wp-json\/wp\/v2\/pages\/4576\/revisions\/4997"}],"wp:featuredmedia":[{"embeddable":true,"href":"https:\/\/www.grinnus.de\/wordpress\/wp-json\/wp\/v2\/media\/4408"}],"wp:attachment":[{"href":"https:\/\/www.grinnus.de\/wordpress\/wp-json\/wp\/v2\/media?parent=4576"}],"curies":[{"name":"wp","href":"https:\/\/api.w.org\/{rel}","templated":true}]}}