{"id":4128,"date":"2025-05-24T14:34:01","date_gmt":"2025-05-24T12:34:01","guid":{"rendered":"https:\/\/www.grinnus.de\/wordpress\/?page_id=4128"},"modified":"2026-01-24T00:10:54","modified_gmt":"2026-01-23T22:10:54","slug":"theatermalerei-von-grinnus-de-michael-grinnus","status":"publish","type":"page","link":"https:\/\/www.grinnus.de\/wordpress\/theatermalerei-von-grinnus-de-michael-grinnus\/","title":{"rendered":"sub > Theatermalerei \u00fcbsi mit Slider"},"content":{"rendered":"<h2>Theatermalerei und B\u00fchnenbild-Konzeption<!-- \/wp:post-content --><\/h2>\n<!-- wp:metaslider\/slider {\"slideshowId\":1890} -->\n\n<!-- wp:paragraph {\"fontSize\":\"normal\"} -->\n\n<!-- \/wp:paragraph -->\n\n<!-- wp:metaslider\/slider {\"slideshowId\":1890} -->\n<div class=\"alignnormal\"><\/div>\n<div><div id=\"metaslider-id-4133\" style=\"width: 100%; margin: 0 auto;\" class=\"ml-slider-3-108-0 metaslider metaslider-flex metaslider-4133 ml-slider border-image has-dots-nav ms-theme-default\" role=\"region\" aria-label=\"x Theaterbilder u B\u00fchnenbildmalerei slider\" data-height=\"512\" data-width=\"900\">\n    <div id=\"metaslider_container_4133\">\n        <div id=\"metaslider_4133\" class=\"flexslider\">\n            <ul class='slides'>\n                <li style=\"display: block; width: 100%;\" class=\"slide-4608 ms-image \" aria-roledescription=\"slide\" data-date=\"2025-07-04 12:28:43\" data-filename=\"onepr_slider_14_laien19_buehn-e1748091873417-900x512.jpg\" data-slide-type=\"image\"><img loading=\"lazy\" decoding=\"async\" src=\"https:\/\/www.grinnus.de\/wordpress\/wp-content\/uploads\/2020\/11\/onepr_slider_14_laien19_buehn-e1748091873417-900x512.jpg\" height=\"512\" width=\"900\" alt=\"\" class=\"slider-4133 slide-4608 msDefaultImage\" title=\"onepr_slider_14_laien19_buehn\" \/><\/li>\n                <li style=\"display: none; width: 100%;\" class=\"slide-4450 ms-image \" aria-roledescription=\"slide\" data-date=\"2025-07-02 19:36:25\" data-filename=\"HD-TheatMal-michael-grinnus-alice--900x512.jpg\" data-slide-type=\"image\"><img loading=\"lazy\" decoding=\"async\" src=\"https:\/\/www.grinnus.de\/wordpress\/wp-content\/uploads\/2025\/07\/HD-TheatMal-michael-grinnus-alice--900x512.jpg\" height=\"512\" width=\"900\" alt=\"\" class=\"slider-4133 slide-4450 msDefaultImage\" title=\"HD TheatMal michael grinnus &gt; alice\" \/><\/li>\n                <li style=\"display: none; width: 100%;\" class=\"slide-4451 ms-image \" aria-roledescription=\"slide\" data-date=\"2025-07-02 19:37:01\" data-filename=\"HD-TheatMal-michael-grinnus-alice-2-900x512.jpg\" data-slide-type=\"image\"><img loading=\"lazy\" decoding=\"async\" src=\"https:\/\/www.grinnus.de\/wordpress\/wp-content\/uploads\/2025\/07\/HD-TheatMal-michael-grinnus-alice-2-900x512.jpg\" height=\"512\" width=\"900\" alt=\"\" class=\"slider-4133 slide-4451 msDefaultImage\" title=\"HD TheatMal michael grinnus &gt; alice 2\" \/><\/li>\n                <li style=\"display: none; width: 100%;\" class=\"slide-4452 ms-image \" aria-roledescription=\"slide\" data-date=\"2025-07-02 19:39:38\" data-filename=\"HD-TheatMal-michael-grinnus-alice-3-900x512.jpg\" data-slide-type=\"image\"><img loading=\"lazy\" decoding=\"async\" src=\"https:\/\/www.grinnus.de\/wordpress\/wp-content\/uploads\/2025\/07\/HD-TheatMal-michael-grinnus-alice-3-900x512.jpg\" height=\"512\" width=\"900\" alt=\"\" class=\"slider-4133 slide-4452 msDefaultImage\" title=\"HD TheatMal michael grinnus &gt; alice 3\" \/><\/li>\n                <li style=\"display: none; width: 100%;\" class=\"slide-4453 ms-image \" aria-roledescription=\"slide\" data-date=\"2025-07-02 19:41:33\" data-filename=\"HD-TheatMal-michael-grinnus-alice-4-900x512.jpg\" data-slide-type=\"image\"><img loading=\"lazy\" decoding=\"async\" src=\"https:\/\/www.grinnus.de\/wordpress\/wp-content\/uploads\/2025\/07\/HD-TheatMal-michael-grinnus-alice-4-900x512.jpg\" height=\"512\" width=\"900\" alt=\"\" class=\"slider-4133 slide-4453 msDefaultImage\" title=\"HD TheatMal michael grinnus &gt; alice 4\" \/><\/li>\n                <li style=\"display: none; width: 100%;\" class=\"slide-4454 ms-image \" aria-roledescription=\"slide\" data-date=\"2025-07-02 19:42:13\" data-filename=\"HD-TheatMal-michael-grinnus-alice-5-900x512.jpg\" data-slide-type=\"image\"><img loading=\"lazy\" decoding=\"async\" src=\"https:\/\/www.grinnus.de\/wordpress\/wp-content\/uploads\/2025\/07\/HD-TheatMal-michael-grinnus-alice-5-900x512.jpg\" height=\"512\" width=\"900\" alt=\"\" class=\"slider-4133 slide-4454 msDefaultImage\" title=\"HD TheatMal michael grinnus &gt; alice 5\" \/><\/li>\n                <li style=\"display: none; width: 100%;\" class=\"slide-4455 ms-image \" aria-roledescription=\"slide\" data-date=\"2025-07-02 19:42:56\" data-filename=\"HD-TheatMal-michael-grinnus-alice-6-900x512.jpg\" data-slide-type=\"image\"><img loading=\"lazy\" decoding=\"async\" src=\"https:\/\/www.grinnus.de\/wordpress\/wp-content\/uploads\/2025\/07\/HD-TheatMal-michael-grinnus-alice-6-900x512.jpg\" height=\"512\" width=\"900\" alt=\"\" class=\"slider-4133 slide-4455 msDefaultImage\" title=\"HD TheatMal michael grinnus &gt; alice 6\" \/><\/li>\n                <li style=\"display: none; width: 100%;\" class=\"slide-4456 ms-image \" aria-roledescription=\"slide\" data-date=\"2025-07-02 19:43:50\" data-filename=\"HD-TheatMal-michael-grinnus-alice-7-900x512.jpg\" data-slide-type=\"image\"><img loading=\"lazy\" decoding=\"async\" src=\"https:\/\/www.grinnus.de\/wordpress\/wp-content\/uploads\/2025\/07\/HD-TheatMal-michael-grinnus-alice-7-900x512.jpg\" height=\"512\" width=\"900\" alt=\"\" class=\"slider-4133 slide-4456 msDefaultImage\" title=\"HD TheatMal michael grinnus &gt; alice 7\" \/><\/li>\n                <li style=\"display: none; width: 100%;\" class=\"slide-4457 ms-image \" aria-roledescription=\"slide\" data-date=\"2025-07-02 19:44:04\" data-filename=\"HD-TheatMal-michael-grinnus-alice-8-900x512.jpg\" data-slide-type=\"image\"><img loading=\"lazy\" decoding=\"async\" src=\"https:\/\/www.grinnus.de\/wordpress\/wp-content\/uploads\/2025\/07\/HD-TheatMal-michael-grinnus-alice-8-900x512.jpg\" height=\"512\" width=\"900\" alt=\"\" class=\"slider-4133 slide-4457 msDefaultImage\" title=\"HD TheatMal michael grinnus &gt; alice 8\" \/><\/li>\n                <li style=\"display: none; width: 100%;\" class=\"slide-4458 ms-image \" aria-roledescription=\"slide\" data-date=\"2025-07-02 19:45:03\" data-filename=\"HD-TheatMal-michael-grinnus-alice-9-900x512.jpg\" data-slide-type=\"image\"><img loading=\"lazy\" decoding=\"async\" src=\"https:\/\/www.grinnus.de\/wordpress\/wp-content\/uploads\/2025\/07\/HD-TheatMal-michael-grinnus-alice-9-900x512.jpg\" height=\"512\" width=\"900\" alt=\"\" class=\"slider-4133 slide-4458 msDefaultImage\" title=\"HD TheatMal michael grinnus &gt; alice 9\" \/><\/li>\n                <li style=\"display: none; width: 100%;\" class=\"slide-4459 ms-image \" aria-roledescription=\"slide\" data-date=\"2025-07-02 19:45:04\" data-filename=\"HD-TheatMal-michael-grinnus-alice-10-900x512.jpg\" data-slide-type=\"image\"><img loading=\"lazy\" decoding=\"async\" src=\"https:\/\/www.grinnus.de\/wordpress\/wp-content\/uploads\/2025\/07\/HD-TheatMal-michael-grinnus-alice-10-900x512.jpg\" height=\"512\" width=\"900\" alt=\"\" class=\"slider-4133 slide-4459 msDefaultImage\" title=\"HD TheatMal michael grinnus &gt; alice 10\" \/><\/li>\n                <li style=\"display: none; width: 100%;\" class=\"slide-4460 ms-image \" aria-roledescription=\"slide\" data-date=\"2025-07-02 19:46:48\" data-filename=\"HD-TheatMal-michael-grinnus-alice-12-900x512.jpg\" data-slide-type=\"image\"><img loading=\"lazy\" decoding=\"async\" src=\"https:\/\/www.grinnus.de\/wordpress\/wp-content\/uploads\/2025\/07\/HD-TheatMal-michael-grinnus-alice-12-900x512.jpg\" height=\"512\" width=\"900\" alt=\"\" class=\"slider-4133 slide-4460 msDefaultImage\" title=\"HD TheatMal michael grinnus &gt; alice 12\" \/><\/li>\n                <li style=\"display: none; width: 100%;\" class=\"slide-4461 ms-image \" aria-roledescription=\"slide\" data-date=\"2025-07-02 19:46:48\" data-filename=\"HD-TheatMal-michael-grinnus-alice-11-900x512.jpg\" data-slide-type=\"image\"><img loading=\"lazy\" decoding=\"async\" src=\"https:\/\/www.grinnus.de\/wordpress\/wp-content\/uploads\/2025\/07\/HD-TheatMal-michael-grinnus-alice-11-900x512.jpg\" height=\"512\" width=\"900\" alt=\"\" class=\"slider-4133 slide-4461 msDefaultImage\" title=\"HD TheatMal michael grinnus &gt; alice 11\" \/><\/li>\n                <li style=\"display: none; width: 100%;\" class=\"slide-4462 ms-image \" aria-roledescription=\"slide\" data-date=\"2025-07-02 19:48:10\" data-filename=\"HD-TheatMal-michael-grinnus-alice-13-900x512.jpg\" data-slide-type=\"image\"><img loading=\"lazy\" decoding=\"async\" src=\"https:\/\/www.grinnus.de\/wordpress\/wp-content\/uploads\/2025\/07\/HD-TheatMal-michael-grinnus-alice-13-900x512.jpg\" height=\"512\" width=\"900\" alt=\"\" class=\"slider-4133 slide-4462 msDefaultImage\" title=\"HD TheatMal michael grinnus &gt; alice 13\" \/><\/li>\n                <li style=\"display: none; width: 100%;\" class=\"slide-4463 ms-image \" aria-roledescription=\"slide\" data-date=\"2025-07-02 19:48:10\" data-filename=\"HD-TheatMal-michael-grinnus-alice-14-900x512.jpg\" data-slide-type=\"image\"><img loading=\"lazy\" decoding=\"async\" src=\"https:\/\/www.grinnus.de\/wordpress\/wp-content\/uploads\/2025\/07\/HD-TheatMal-michael-grinnus-alice-14-900x512.jpg\" height=\"512\" width=\"900\" alt=\"\" class=\"slider-4133 slide-4463 msDefaultImage\" title=\"HD TheatMal michael grinnus &gt; alice 14\" \/><\/li>\n                <li style=\"display: none; width: 100%;\" class=\"slide-4467 ms-image \" aria-roledescription=\"slide\" data-date=\"2025-07-02 19:49:11\" data-filename=\"HD-TheatMal-michael-grinnus-alice-15-900x512.jpg\" data-slide-type=\"image\"><img loading=\"lazy\" decoding=\"async\" src=\"https:\/\/www.grinnus.de\/wordpress\/wp-content\/uploads\/2025\/07\/HD-TheatMal-michael-grinnus-alice-15-900x512.jpg\" height=\"512\" width=\"900\" alt=\"\" class=\"slider-4133 slide-4467 msDefaultImage\" title=\"HD TheatMal michael grinnus &gt; alice 15\" \/><\/li>\n                <li style=\"display: none; width: 100%;\" class=\"slide-4464 ms-image \" aria-roledescription=\"slide\" data-date=\"2025-07-02 19:49:10\" data-filename=\"HD-TheatMal-michael-grinnus-alice-18-900x512.jpg\" data-slide-type=\"image\"><img loading=\"lazy\" decoding=\"async\" src=\"https:\/\/www.grinnus.de\/wordpress\/wp-content\/uploads\/2025\/07\/HD-TheatMal-michael-grinnus-alice-18-900x512.jpg\" height=\"512\" width=\"900\" alt=\"\" class=\"slider-4133 slide-4464 msDefaultImage\" title=\"HD TheatMal michael grinnus &gt; alice 18\" \/><\/li>\n                <li style=\"display: none; width: 100%;\" class=\"slide-4466 ms-image \" aria-roledescription=\"slide\" data-date=\"2025-07-02 19:49:11\" data-filename=\"HD-TheatMal-michael-grinnus-alice-16-900x512.jpg\" data-slide-type=\"image\"><img loading=\"lazy\" decoding=\"async\" src=\"https:\/\/www.grinnus.de\/wordpress\/wp-content\/uploads\/2025\/07\/HD-TheatMal-michael-grinnus-alice-16-900x512.jpg\" height=\"512\" width=\"900\" alt=\"\" class=\"slider-4133 slide-4466 msDefaultImage\" title=\"HD TheatMal michael grinnus &gt; alice 16\" \/><\/li>\n                <li style=\"display: none; width: 100%;\" class=\"slide-4465 ms-image \" aria-roledescription=\"slide\" data-date=\"2025-07-02 19:49:11\" data-filename=\"HD-TheatMal-michael-grinnus-alice-17-900x512.jpg\" data-slide-type=\"image\"><img loading=\"lazy\" decoding=\"async\" src=\"https:\/\/www.grinnus.de\/wordpress\/wp-content\/uploads\/2025\/07\/HD-TheatMal-michael-grinnus-alice-17-900x512.jpg\" height=\"512\" width=\"900\" alt=\"\" class=\"slider-4133 slide-4465 msDefaultImage\" title=\"HD TheatMal michael grinnus &gt; alice 17\" \/><\/li>\n                <li style=\"display: none; width: 100%;\" class=\"slide-4469 ms-image \" aria-roledescription=\"slide\" data-date=\"2025-07-02 19:51:45\" data-filename=\"HD-TheatMal-michael-grinnus-alice-19-900x512.jpg\" data-slide-type=\"image\"><img loading=\"lazy\" decoding=\"async\" src=\"https:\/\/www.grinnus.de\/wordpress\/wp-content\/uploads\/2025\/07\/HD-TheatMal-michael-grinnus-alice-19-900x512.jpg\" height=\"512\" width=\"900\" alt=\"\" class=\"slider-4133 slide-4469 msDefaultImage\" title=\"HD TheatMal michael grinnus &gt; alice 19\" \/><\/li>\n                <li style=\"display: none; width: 100%;\" class=\"slide-4468 ms-image \" aria-roledescription=\"slide\" data-date=\"2025-07-02 19:51:45\" data-filename=\"HD-TheatMal-michael-grinnus-alice-20-900x512.jpg\" data-slide-type=\"image\"><img loading=\"lazy\" decoding=\"async\" src=\"https:\/\/www.grinnus.de\/wordpress\/wp-content\/uploads\/2025\/07\/HD-TheatMal-michael-grinnus-alice-20-900x512.jpg\" height=\"512\" width=\"900\" alt=\"\" class=\"slider-4133 slide-4468 msDefaultImage\" title=\"HD TheatMal michael grinnus &gt; alice 20\" \/><\/li>\n                <li style=\"display: none; width: 100%;\" class=\"slide-4470 ms-image \" aria-roledescription=\"slide\" data-date=\"2025-07-02 19:52:52\" data-filename=\"HD-TheatMal-michael-grinnus-alice-21-900x512.jpg\" data-slide-type=\"image\"><img loading=\"lazy\" decoding=\"async\" src=\"https:\/\/www.grinnus.de\/wordpress\/wp-content\/uploads\/2025\/07\/HD-TheatMal-michael-grinnus-alice-21-900x512.jpg\" height=\"512\" width=\"900\" alt=\"\" class=\"slider-4133 slide-4470 msDefaultImage\" title=\"HD TheatMal michael grinnus &gt; alice 21\" \/><\/li>\n                <li style=\"display: none; width: 100%;\" class=\"slide-4471 ms-image \" aria-roledescription=\"slide\" data-date=\"2025-07-02 19:52:52\" data-filename=\"HD-TheatMal-michael-grinnus-alice-22-900x512.jpg\" data-slide-type=\"image\"><img loading=\"lazy\" decoding=\"async\" src=\"https:\/\/www.grinnus.de\/wordpress\/wp-content\/uploads\/2025\/07\/HD-TheatMal-michael-grinnus-alice-22-900x512.jpg\" height=\"512\" width=\"900\" alt=\"\" class=\"slider-4133 slide-4471 msDefaultImage\" title=\"HD TheatMal michael grinnus &gt; alice 22\" \/><\/li>\n                <li style=\"display: none; width: 100%;\" class=\"slide-4472 ms-image \" aria-roledescription=\"slide\" data-date=\"2025-07-02 19:53:48\" data-filename=\"HD-TheatMal-michael-grinnus-alice-23-900x512.jpg\" data-slide-type=\"image\"><img loading=\"lazy\" decoding=\"async\" src=\"https:\/\/www.grinnus.de\/wordpress\/wp-content\/uploads\/2025\/07\/HD-TheatMal-michael-grinnus-alice-23-900x512.jpg\" height=\"512\" width=\"900\" alt=\"\" class=\"slider-4133 slide-4472 msDefaultImage\" title=\"HD TheatMal michael grinnus &gt; alice 23\" \/><\/li>\n                <li style=\"display: none; width: 100%;\" class=\"slide-4163 ms-image \" aria-roledescription=\"slide\" data-date=\"2025-05-24 14:47:36\" data-filename=\"20211109_195051_kl_kl-900x512.jpg\" data-slide-type=\"image\"><img loading=\"lazy\" decoding=\"async\" src=\"https:\/\/www.grinnus.de\/wordpress\/wp-content\/uploads\/2021\/12\/20211109_195051_kl_kl-900x512.jpg\" height=\"512\" width=\"900\" alt=\"\" class=\"slider-4133 slide-4163 msDefaultImage\" title=\"Michael Grinnus in der Laienspiel Werkstatt\" \/><div class=\"caption-wrap\"><div class=\"caption\">Michael Grinnus in der Laienspiel Werkstatt vor der H\u00fctte des Zauberers<\/div><\/div><\/li>\n                <li style=\"display: none; width: 100%;\" class=\"slide-4161 ms-image \" aria-roledescription=\"slide\" data-date=\"2025-05-24 14:44:45\" data-filename=\"20211121_153524_kl_kl-900x512.jpg\" data-slide-type=\"image\"><img loading=\"lazy\" decoding=\"async\" src=\"https:\/\/www.grinnus.de\/wordpress\/wp-content\/uploads\/2021\/12\/20211121_153524_kl_kl-900x512.jpg\" height=\"512\" width=\"900\" alt=\"\" class=\"slider-4133 slide-4161 msDefaultImage\" title=\"20211121_153524_kl_kl\" \/><\/li>\n                <li style=\"display: none; width: 100%;\" class=\"slide-4172 ms-image \" aria-roledescription=\"slide\" data-date=\"2025-05-24 15:11:41\" data-filename=\"20200918_Laienspielschiff_kl_kl-900x512.jpg\" data-slide-type=\"image\"><img loading=\"lazy\" decoding=\"async\" src=\"https:\/\/www.grinnus.de\/wordpress\/wp-content\/uploads\/2021\/12\/20200918_Laienspielschiff_kl_kl-900x512.jpg\" height=\"512\" width=\"900\" alt=\"\" class=\"slider-4133 slide-4172 msDefaultImage\" title=\"20200918_Laienspielschiff_kl_kl\" \/><\/li>\n                <li style=\"display: none; width: 100%;\" class=\"slide-4448 ms-image \" aria-roledescription=\"slide\" data-date=\"2025-07-02 19:34:00\" data-filename=\"20211121_153601_kl_kl-900x512.jpg\" data-slide-type=\"image\"><img loading=\"lazy\" decoding=\"async\" src=\"https:\/\/www.grinnus.de\/wordpress\/wp-content\/uploads\/2021\/12\/20211121_153601_kl_kl-900x512.jpg\" height=\"512\" width=\"900\" alt=\"\" class=\"slider-4133 slide-4448 msDefaultImage\" title=\"20211121_153601_kl_kl\" \/><\/li>\n                <li style=\"display: none; width: 100%;\" class=\"slide-4449 ms-image \" aria-roledescription=\"slide\" data-date=\"2025-07-02 19:35:16\" data-filename=\"IMG-20200409-WA0001_kl-769x438.jpg\" data-slide-type=\"image\"><img loading=\"lazy\" decoding=\"async\" src=\"https:\/\/www.grinnus.de\/wordpress\/wp-content\/uploads\/2021\/12\/IMG-20200409-WA0001_kl-769x438.jpg\" height=\"512\" width=\"900\" alt=\"\" class=\"slider-4133 slide-4449 msDefaultImage\" title=\"-IMG-20200409-WA0001_kl\" \/><\/li>\n                <li style=\"display: none; width: 100%;\" class=\"slide-4171 ms-image \" aria-roledescription=\"slide\" data-date=\"2025-05-24 15:10:07\" data-filename=\"20211121_144414_kl_kl-900x512.jpg\" data-slide-type=\"image\"><img loading=\"lazy\" decoding=\"async\" src=\"https:\/\/www.grinnus.de\/wordpress\/wp-content\/uploads\/2021\/12\/20211121_144414_kl_kl-900x512.jpg\" height=\"512\" width=\"900\" alt=\"\" class=\"slider-4133 slide-4171 msDefaultImage\" title=\"20211121_144414_kl_kl\" \/><\/li>\n                <li style=\"display: none; width: 100%;\" class=\"slide-4174 ms-image \" aria-roledescription=\"slide\" data-date=\"2025-05-24 15:12:53\" data-filename=\"20200828_125400_kl_kl-900x512.jpg\" data-slide-type=\"image\"><img loading=\"lazy\" decoding=\"async\" src=\"https:\/\/www.grinnus.de\/wordpress\/wp-content\/uploads\/2021\/12\/20200828_125400_kl_kl-900x512.jpg\" height=\"512\" width=\"900\" alt=\"\" class=\"slider-4133 slide-4174 msDefaultImage\" title=\"20200828_125400_kl_kl\" \/><\/li>\n                <li style=\"display: none; width: 100%;\" class=\"slide-4176 ms-image \" aria-roledescription=\"slide\" data-date=\"2025-05-24 15:14:12\" data-filename=\"onepr_slider_14_laien18_buehn-900x512.jpg\" data-slide-type=\"image\"><img loading=\"lazy\" decoding=\"async\" src=\"https:\/\/www.grinnus.de\/wordpress\/wp-content\/uploads\/2020\/11\/onepr_slider_14_laien18_buehn-900x512.jpg\" height=\"512\" width=\"900\" alt=\"\" class=\"slider-4133 slide-4176 msDefaultImage\" title=\"onepr_slider_14_laien18_buehn\" \/><\/li>\n                <li style=\"display: none; width: 100%;\" class=\"slide-4609 ms-image \" aria-roledescription=\"slide\" data-date=\"2025-07-04 12:28:43\" data-filename=\"onepr_slider_14_laien19_faehre-900x512.jpg\" data-slide-type=\"image\"><img loading=\"lazy\" decoding=\"async\" src=\"https:\/\/www.grinnus.de\/wordpress\/wp-content\/uploads\/2020\/11\/onepr_slider_14_laien19_faehre-900x512.jpg\" height=\"512\" width=\"900\" alt=\"Theatermalerei Mondlandef\u00e4hre\" class=\"slider-4133 slide-4609 msDefaultImage\" title=\"onepr_slider_14_laien19_faehre\" \/><\/li>\n                <li style=\"display: none; width: 100%;\" class=\"slide-4610 ms-image \" aria-roledescription=\"slide\" data-date=\"2025-07-04 12:30:56\" data-filename=\"onepr_slider_14_laien18_buehn-900x512.jpg\" data-slide-type=\"image\"><img loading=\"lazy\" decoding=\"async\" src=\"https:\/\/www.grinnus.de\/wordpress\/wp-content\/uploads\/2020\/11\/onepr_slider_14_laien18_buehn-900x512.jpg\" height=\"512\" width=\"900\" alt=\"\" class=\"slider-4133 slide-4610 msDefaultImage\" title=\"onepr_slider_14_laien18_buehn\" \/><\/li>\n            <\/ul>\n        <\/div>\n        \n    <\/div>\n<\/div><\/div>\n<div><\/div>\n<div>\n<p class=\"has-normal-font-size\">Mein Name ist Michael Grinnus und ich bin freiberuflicher K\u00fcnstler, Maler, Illustrator und Figurendesigner aus Hamburg. Bei der Theatermalerei erdenke und entwerfe ich die unterschiedlichen B\u00fchnenbilder f\u00fcr die einzelnen Theaterst\u00fccke. Diese werden dann in Abstimmung mit Schauspielern, Regisseuren und B\u00fchnenbauern diese grossfl\u00e4chig umgesetzt. Die B\u00fchnenbilder haben eine ungef\u00e4hre Breite von 16 Metern Breite und eine H\u00f6he von 4 Metern. Dazu kommen einzelene B\u00fchnenelmente und M\u00f6bel.<\/p>\n\n<pre>Weitere B\u00fchnenbilder des Weihnachtsm\u00e4rchens \"Der Zauberlehrling\"\nfinden Sie hier:\u00a0<span style=\"color: #993366;\"><strong><a style=\"color: #993366;\" href=\"https:\/\/www.grinnus.de\/wordpress\/laienspiel-2021-galerie-grinnus-de\">klicken<\/a><\/strong><\/span><\/pre>\n<\/div>\n<!-- \/wp:metaslider\/slider -->\n\n<!-- wp:paragraph {\"style\":{\"typography\":{\"fontSize\":25}}} \/-->\n\n<!-- wp:paragraph {\"fontSize\":\"normal\"} \/-->\n<h3>Ob mit Acrylfarbe und Pinsel auf gro\u00dfformatigen Leinw\u00e4nden oder digital auf dem Computer illustriert und als Gro\u00dfplakate ausgedruckt.<\/h3>\n<!-- \/wp:metaslider\/slider -->\n\n<!-- wp:paragraph {\"fontSize\":\"normal\"} -->\n<p class=\"has-normal-font-size\">Viele B\u00fchnenbilder habe ich f\u00fcr die Theatergruppe der Laienspieler des NTSV erstellt. Unter anderem f\u00fcr Schneewittchen und die 7 Zwerge, Das Dschungelbuch, Peterchens Mondfahrt, Der Zauberlehrling, Der gestiefelte Kater oder Alice im Wunderland.<\/p>\n<p class=\"has-normal-font-size\">Neben der B\u00fchnenbildmalerei habe ich viele klassische <a href=\"https:\/\/www.grinnus.de\/wordpress\/gemaelde-von-grinnus-de-michael-grinnus\/\">Gem\u00e4lde<\/a> und <a href=\"https:\/\/www.grinnus.de\/wordpress\/fantasy-art-von-grinnus-de-michael-grinnus\/\">Fantasygem\u00e4lde<\/a> sowie <a href=\"https:\/\/www.grinnus.de\/wordpress\/wandgemaelde-von-grinnus-de-michael-grinnus\/\">Wandmalereien<\/a> in Restaurants, Kneipen und anderen Veranstaltungsr\u00e4umen und an Aussenw\u00e4nden erstellt. Hierbei arbeite ich in unterschiedlichsten Techniken mit Acryl- bis zu \u00d6lfarben.<\/p>\n<!-- \/wp:paragraph -->\n\n<!-- wp:paragraph {\"fontSize\":\"normal\"} -->\n\n<!-- \/wp:paragraph -->\n\n<!-- wp:paragraph {\"fontSize\":\"normal\"} \/-->\n\n<!-- wp:paragraph {\"fontSize\":\"normal\"} -->\n<div class=\"wp-block-buttons\"><span style=\"font-size: revert;\">Wenn Sie Interesse oder Fragen haben, so rufen Sie mich gerne an.<\/span><\/div>\nFestnetz: 040 \/ 38610135\n\n<!-- \/wp:paragraph -->\n\n<!-- wp:paragraph -->\n\nViele Gr\u00fc\u00dfe, Michael Grinnus\n\n<!-- \/wp:paragraph --><!-- \/wp:button --><!-- \/wp:metaslider\/slider -->","protected":false},"excerpt":{"rendered":"<p>Theatermalerei u. B\u00fchnenbilder von Michael Grinnus<\/p>\n","protected":false},"author":1,"featured_media":4349,"parent":0,"menu_order":10,"comment_status":"open","ping_status":"closed","template":"","meta":{"footnotes":""},"class_list":["post-4128","page","type-page","status-publish","has-post-thumbnail","hentry"],"_links":{"self":[{"href":"https:\/\/www.grinnus.de\/wordpress\/wp-json\/wp\/v2\/pages\/4128","targetHints":{"allow":["GET"]}}],"collection":[{"href":"https:\/\/www.grinnus.de\/wordpress\/wp-json\/wp\/v2\/pages"}],"about":[{"href":"https:\/\/www.grinnus.de\/wordpress\/wp-json\/wp\/v2\/types\/page"}],"author":[{"embeddable":true,"href":"https:\/\/www.grinnus.de\/wordpress\/wp-json\/wp\/v2\/users\/1"}],"replies":[{"embeddable":true,"href":"https:\/\/www.grinnus.de\/wordpress\/wp-json\/wp\/v2\/comments?post=4128"}],"version-history":[{"count":25,"href":"https:\/\/www.grinnus.de\/wordpress\/wp-json\/wp\/v2\/pages\/4128\/revisions"}],"predecessor-version":[{"id":5107,"href":"https:\/\/www.grinnus.de\/wordpress\/wp-json\/wp\/v2\/pages\/4128\/revisions\/5107"}],"wp:featuredmedia":[{"embeddable":true,"href":"https:\/\/www.grinnus.de\/wordpress\/wp-json\/wp\/v2\/media\/4349"}],"wp:attachment":[{"href":"https:\/\/www.grinnus.de\/wordpress\/wp-json\/wp\/v2\/media?parent=4128"}],"curies":[{"name":"wp","href":"https:\/\/api.w.org\/{rel}","templated":true}]}}