{"id":4033,"date":"2025-05-23T16:31:46","date_gmt":"2025-05-23T14:31:46","guid":{"rendered":"https:\/\/www.grinnus.de\/wordpress\/?page_id=4033"},"modified":"2025-09-08T12:39:44","modified_gmt":"2025-09-08T10:39:44","slug":"animierte-werbung-von-grinnus-de","status":"publish","type":"page","link":"https:\/\/www.grinnus.de\/wordpress\/animierte-werbung-von-grinnus-de\/","title":{"rendered":"sub > 2d motiondesign"},"content":{"rendered":"\n<h2 class=\"wp-block-heading\" id=\"erklarvideos-animation-und-storytelling\">Animierte Anzeigen und 2d- Motiondesign<\/h2>\n\n\n\n<p>Mein Name ist Michael Grinnus und arbeite als Freelancer als Charakterdesigner, 2D Animator und Grafikdesigner f\u00fcr Print und Web.<br \/>Ich bringe Ihre Werbung in Bewegung. In Videos und animierten Gifs erzeugen meine Figuren wichtige Aufmerksamkeit und Sichtbarkeit f\u00fcr die Produkte meiner Kunden. Von Ihren Homepage \u00fcber ihre social Kan\u00e4le bis hin zur E-Mailsignatur.<\/p>\n\n\n\n\n<div class=\"wp-block-html5-player-parent\">\n<div data-video-id=\"\" class='wp-block-html5-player-video html5_video_players' class=\"wp-block-html5-player-video\" data-nonce=\"\n    16e4a6390a\" data-attributes=\"\n    {&quot;imported&quot;:true,&quot;uniqueId&quot;:&quot;h5vp4b3f7063&quot;,&quot;source&quot;:&quot;https:\\\/\\\/www.grinnus.de\\\/wordpress\\\/wp-content\\\/uploads\\\/2023\\\/09\\\/bemagic-vid1920-01-torte-grinnus23-2.mp4&quot;,&quot;poster&quot;:&quot;https:\\\/\\\/www.grinnus.de\\\/wordpress\\\/wp-content\\\/uploads\\\/2023\\\/09\\\/bemagic-vid1920-01-torte-grinnus4tmb.jpg&quot;,&quot;options&quot;:{&quot;controls&quot;:[&quot;play-large&quot;,&quot;play&quot;,&quot;progress&quot;,&quot;current-time&quot;,&quot;mute&quot;,&quot;volume&quot;,&quot;settings&quot;,&quot;fullscreen&quot;],&quot;settings&quot;:[&quot;captions&quot;,&quot;quality&quot;,&quot;speed&quot;,&quot;loop&quot;],&quot;loadSprite&quot;:true,&quot;autoplay&quot;:true,&quot;seekTime&quot;:10,&quot;volume&quot;:1,&quot;muted&quot;:false,&quot;hideControls&quot;:true,&quot;resetOnEnd&quot;:true,&quot;tooltips&quot;:{&quot;controls&quot;:true,&quot;seek&quot;:true},&quot;captions&quot;:{&quot;active&quot;:false,&quot;language&quot;:&quot;auto&quot;,&quot;update&quot;:true},&quot;ratio&quot;:null,&quot;storage&quot;:{&quot;enabled&quot;:true,&quot;key&quot;:&quot;plyr&quot;},&quot;speed&quot;:{&quot;options&quot;:[&quot;1&quot;,&quot;2&quot;,&quot;3&quot;,&quot;0.5&quot;,&quot;0.75&quot;,&quot;1.25&quot;,&quot;1.5&quot;,&quot;1.75&quot;,&quot;2.5&quot;]},&quot;loop&quot;:{&quot;active&quot;:true},&quot;ads&quot;:{&quot;enabled&quot;:true},&quot;urls&quot;:{&quot;enabled&quot;:false},&quot;markers&quot;:{&quot;enabled&quot;:true,&quot;points&quot;:[]},&quot;preload&quot;:&quot;metadata&quot;,&quot;imported&quot;:true},&quot;features&quot;:{&quot;popup&quot;:{&quot;enabled&quot;:false,&quot;type&quot;:&quot;poster&quot;,&quot;btnText&quot;:&quot;Watch Video&quot;,&quot;align&quot;:&quot;center&quot;,&quot;btnStyle&quot;:{&quot;color&quot;:&quot;#fff&quot;,&quot;backgroundColor&quot;:&quot;#006BA1&quot;,&quot;fontSize&quot;:&quot;16px&quot;,&quot;padding&quot;:{&quot;top&quot;:&quot;10px&quot;,&quot;right&quot;:&quot;20px&quot;,&quot;bottom&quot;:&quot;10px&quot;,&quot;left&quot;:&quot;20px&quot;}}},&quot;overlay&quot;:{&quot;enabled&quot;:false,&quot;items&quot;:[{&quot;color&quot;:&quot;#ffffff&quot;,&quot;backgroundColor&quot;:&quot;#333&quot;,&quot;fontSize&quot;:{&quot;number&quot;:20,&quot;unit&quot;:&quot;px&quot;},&quot;position&quot;:&quot;top_right&quot;,&quot;type&quot;:&quot;logo&quot;,&quot;opacity&quot;:0.8}]},&quot;endScreen&quot;:{&quot;enabled&quot;:false,&quot;text&quot;:&quot;Endscreen text&quot;,&quot;btnText&quot;:&quot;Watch Again&quot;,&quot;btnLink&quot;:&quot;#&quot;,&quot;btnStyle&quot;:[]},&quot;thumbInPause&quot;:{&quot;enabled&quot;:false,&quot;type&quot;:&quot;default&quot;},&quot;watermark&quot;:{&quot;color&quot;:&quot;#f00&quot;},&quot;sticky&quot;:{&quot;enabled&quot;:false,&quot;position&quot;:&quot;top_right&quot;},&quot;playWhenVisible&quot;:false,&quot;disablePause&quot;:false,&quot;hideYoutubeUI&quot;:false,&quot;startTime&quot;:0,&quot;hideLoadingPlaceholder&quot;:false,&quot;passwordProtected&quot;:{&quot;password&quot;:null},&quot;saveState&quot;:false},&quot;styles&quot;:{&quot;plyr_wrapper&quot;:{&quot;width&quot;:&quot;100%&quot;},&quot;plyr&quot;:{&quot;borderRadius&quot;:&quot;0px&quot;},&quot;.plyr&quot;:{&quot;--plyr-color-main&quot;:&quot;#00b2ff&quot;}},&quot;width&quot;:{&quot;deprecated&quot;:true,&quot;number&quot;:100,&quot;unit&quot;:&quot;%&quot;,&quot;isDeprecated&quot;:true},&quot;repeat&quot;:true,&quot;autoplay&quot;:true,&quot;resetOnEnd&quot;:true,&quot;provider&quot;:&quot;self-hosted&quot;,&quot;onlyLoggedIn&quot;:{&quot;whoCanSeeThisVideo&quot;:&quot;everyone&quot;,&quot;allowedRoles&quot;:[],&quot;message&quot;:&quot;This video is only for registered users. Please login to watch the video.&quot;},&quot;seo&quot;:{&quot;title&quot;:&quot;&quot;,&quot;description&quot;:&quot;&quot;,&quot;duration&quot;:&quot;&quot;},&quot;quality&quot;:[],&quot;subtitle&quot;:[{&quot;label&quot;:&quot;English\\\/en&quot;,&quot;caption_file&quot;:&quot;&quot;}],&quot;thumbInPause&quot;:false,&quot;hideYoutubeUI&quot;:false,&quot;autoplayWhenVisible&quot;:false,&quot;CSS&quot;:&quot;&quot;,&quot;isCDURL&quot;:false,&quot;posterTime&quot;:20,&quot;chapters&quot;:[],&quot;controls&quot;:{&quot;play-large&quot;:true,&quot;restart&quot;:false,&quot;rewind&quot;:false,&quot;play&quot;:true,&quot;fast-forward&quot;:false,&quot;progress&quot;:true,&quot;current-time&quot;:true,&quot;duration&quot;:false,&quot;mute&quot;:true,&quot;volume&quot;:true,&quot;pip&quot;:false,&quot;airplay&quot;:false,&quot;settings&quot;:true,&quot;downlaod&quot;:false,&quot;fullscreen&quot;:true},&quot;brandColor&quot;:&quot;#00B3FF&quot;,&quot;radius&quot;:{&quot;number&quot;:0,&quot;unit&quot;:&quot;px&quot;},&quot;muted&quot;:false,&quot;sticky&quot;:false,&quot;stickyPosition&quot;:&quot;top-right&quot;,&quot;popup&quot;:false,&quot;popupType&quot;:&quot;button&quot;,&quot;playsinline&quot;:false,&quot;popupBtnStyle&quot;:[],&quot;popupBtnText&quot;:&quot;Watch Video&quot;,&quot;disablePause&quot;:false,&quot;thumbStyle&quot;:&quot;default&quot;,&quot;autoHideControl&quot;:true,&quot;protected&quot;:false,&quot;protectedText&quot;:&quot;Please enter password to wath the video&quot;,&quot;seekTime&quot;:10,&quot;startTime&quot;:0,&quot;preload&quot;:&quot;metadata&quot;,&quot;overlay&quot;:false,&quot;overlayType&quot;:&quot;text&quot;,&quot;overlayText&quot;:&quot;Simple Text&quot;,&quot;overlayPosition&quot;:&quot;top_right&quot;,&quot;overlayBackground&quot;:&quot;#333&quot;,&quot;overlayOpacity&quot;:0.8,&quot;overlayTextColor&quot;:&quot;#ffffff&quot;,&quot;overlayFontSize&quot;:{&quot;number&quot;:20,&quot;unit&quot;:&quot;px&quot;},&quot;overlayTextHoverColor&quot;:&quot;#ffffff&quot;,&quot;endScreen&quot;:{&quot;enabled&quot;:false,&quot;text&quot;:&quot;Simple Text&quot;,&quot;btnText&quot;:&quot;Click Here&quot;,&quot;btnLink&quot;:&quot;&quot;,&quot;btnStyle&quot;:[]},&quot;endscreen&quot;:false,&quot;endscreenText&quot;:&quot;Endscreen text&quot;,&quot;endscreenTextLink&quot;:&quot;#&quot;,&quot;streaming&quot;:false,&quot;streamingType&quot;:&quot;hls&quot;,&quot;speed&quot;:{&quot;1&quot;:true,&quot;2&quot;:true,&quot;3&quot;:true,&quot;0.5&quot;:true,&quot;0.75&quot;:true,&quot;1.25&quot;:true,&quot;1.5&quot;:true,&quot;1.75&quot;:true,&quot;2.5&quot;:true},&quot;captionEnabled&quot;:false,&quot;saveState&quot;:false}\" data-preset=\"\n    null\">\n            <style>\n            .preload_poster svg {\n                background: var(--plyr-video-control-background-hover, var(--plyr-color-main, var(--plyr-color-main,\n                                #1ABAFF                            )));\n                border: 0;\n                border-radius: 100%;\n                left: 50%;\n                opacity: .9;\n                padding: calc(var(--plyr-control-spacing, 8px) * 1.5);\n                position: absolute;\n                top: 50%;\n                transform: translate(-50%, -50%);\n                transition: .3s;\n                z-index: 2;\n                box-sizing: content-box;\n                fill: #fff;\n            }\n\n            .preload_poster {\n                display:\n                    block            }\n        <\/style>\n        <div class=\"preload_poster\"\n            style=\"overflow:hidden;aspect-ratio:16\/9;background-image:url(https:\/\/www.grinnus.de\/wordpress\/wp-content\/uploads\/2023\/09\/bemagic-vid1920-01-torte-grinnus4tmb.jpg)\">\n            <svg width=\"24px\" height=\"24px\" viewBox=\"0 0 15 15\" fill=\"none\" xmlns=\"http:\/\/www.w3.org\/2000\/svg\">\n                <path\n                    d=\"M4.79062 2.09314C4.63821 1.98427 4.43774 1.96972 4.27121 2.05542C4.10467 2.14112 4 2.31271 4 2.5V12.5C4 12.6873 4.10467 12.8589 4.27121 12.9446C4.43774 13.0303 4.63821 13.0157 4.79062 12.9069L11.7906 7.90687C11.922 7.81301 12 7.66148 12 7.5C12 7.33853 11.922 7.18699 11.7906 7.09314L4.79062 2.09314Z\" \/>\n            <\/svg>\n        <\/div>\n        <\/div><\/div>\n\n\n\n\n<h3 class=\"wp-block-heading\">Kurze animierte Motive mit hohem Werbewert<\/h3>\n\n\n\n<p class=\"has-normal-font-size\">Kurze animierte Werbe-Videos und animierte Gifs erh\u00f6hen die Sichtbarkeit im Internet und k\u00f6nnen Sachverhalte schnell und unterhaltsam kommunizieren. Ihr Einsatzgebiete erstrecken sich vom Erkl\u00e4rvideo auf der der eignen Homepage bis zur kurzen 10 Sekunden Anzeige auf social Kan\u00e4len im Internet, Als Motive f\u00fcr Ihre digitalen Newsletter oder als animierte E-Mail Signaturen f\u00fcr ihre E-Mails. Es gibt viele M\u00f6glichkeiten f\u00fcr Sprechen Sie mich an.<\/p>\n\n\n\n<p>Ich freue mich auf Ihren Anruf oder Ihre E-Mail<\/p>\n\n\n\n<p>Michael Grinnus<br \/><br \/>Telefon: 040 &#8211; 38610135<br \/>E-Mail: grinnus@grinnus.de<\/p>\n\n\n\n<h3 class=\"wp-block-heading\">Besuchen Sie meinen YouTube Videokanal<\/h3>\n\n\n\n<figure class=\"wp-block-image size-full is-resized\"><a href=\"https:\/\/www.youtube.com\/channel\/UCzwQMR0yIz96ZgcYC6jNdsw\" target=\"_blank\" rel=\"noopener\"><img loading=\"lazy\" decoding=\"async\" width=\"1169\" height=\"236\" src=\"https:\/\/www.grinnus.de\/wordpress\/wp-content\/uploads\/2025\/05\/WP-tasten-2-YT-kanal-besu.png\" alt=\"\" class=\"wp-image-4200\" style=\"width:474px;height:auto\" srcset=\"https:\/\/www.grinnus.de\/wordpress\/wp-content\/uploads\/2025\/05\/WP-tasten-2-YT-kanal-besu.png 1169w, https:\/\/www.grinnus.de\/wordpress\/wp-content\/uploads\/2025\/05\/WP-tasten-2-YT-kanal-besu-1000x202.png 1000w, https:\/\/www.grinnus.de\/wordpress\/wp-content\/uploads\/2025\/05\/WP-tasten-2-YT-kanal-besu-792x160.png 792w, https:\/\/www.grinnus.de\/wordpress\/wp-content\/uploads\/2025\/05\/WP-tasten-2-YT-kanal-besu-768x155.png 768w\" sizes=\"auto, (max-width: 1169px) 100vw, 1169px\" \/><\/a><\/figure>\n\n\n\n<h4 class=\"wp-block-heading\"><\/h4>\n\n\n\n<div class=\"shariff shariff-align-left shariff-widget-align-left\" style=\"display:none\" data-services=\"facebook\" data-url=\"https:\/\/www.grinnus.de\/wordpress\/animierte-werbung-von-grinnus-de\/\" data-timestamp=\"1757335184\" data-hidezero=\"1\" data-backendurl=\"https:\/\/www.grinnus.de\/wordpress\/wp-json\/shariff\/v1\/share_counts?\"><div class=\"ShariffHeadline\">Beitrag teilen<\/div><ul class=\"shariff-buttons theme-round orientation-horizontal buttonsize-medium\"><li class=\"shariff-button linkedin shariff-nocustomcolor\" style=\"background-color:#1488bf\"><a href=\"https:\/\/www.linkedin.com\/sharing\/share-offsite\/?url=https%3A%2F%2Fwww.grinnus.de%2Fwordpress%2Fanimierte-werbung-von-grinnus-de%2F\" title=\"Bei LinkedIn teilen\" aria-label=\"Bei LinkedIn teilen\" role=\"button\" rel=\"noopener nofollow\" class=\"shariff-link\" style=\"; background-color:#0077b5; color:#fff\" target=\"_blank\"><span class=\"shariff-icon\" style=\"\"><svg width=\"32px\" height=\"20px\" xmlns=\"http:\/\/www.w3.org\/2000\/svg\" viewBox=\"0 0 27 32\"><path fill=\"#0077b5\" d=\"M6.2 11.2v17.7h-5.9v-17.7h5.9zM6.6 5.7q0 1.3-0.9 2.2t-2.4 0.9h0q-1.5 0-2.4-0.9t-0.9-2.2 0.9-2.2 2.4-0.9 2.4 0.9 0.9 2.2zM27.4 18.7v10.1h-5.9v-9.5q0-1.9-0.7-2.9t-2.3-1.1q-1.1 0-1.9 0.6t-1.2 1.5q-0.2 0.5-0.2 1.4v9.9h-5.9q0-7.1 0-11.6t0-5.3l0-0.9h5.9v2.6h0q0.4-0.6 0.7-1t1-0.9 1.6-0.8 2-0.3q3 0 4.9 2t1.9 6z\"\/><\/svg><\/span><\/a><\/li><li class=\"shariff-button xing shariff-nocustomcolor\" style=\"background-color:#29888a\"><a href=\"https:\/\/www.xing.com\/spi\/shares\/new?url=https%3A%2F%2Fwww.grinnus.de%2Fwordpress%2Fanimierte-werbung-von-grinnus-de%2F\" title=\"Bei XING teilen\" aria-label=\"Bei XING teilen\" role=\"button\" rel=\"noopener nofollow\" class=\"shariff-link\" style=\"; background-color:#126567; color:#fff\" target=\"_blank\"><span class=\"shariff-icon\" style=\"\"><svg width=\"32px\" height=\"20px\" xmlns=\"http:\/\/www.w3.org\/2000\/svg\" viewBox=\"0 0 25 32\"><path fill=\"#126567\" d=\"M10.7 11.9q-0.2 0.3-4.6 8.2-0.5 0.8-1.2 0.8h-4.3q-0.4 0-0.5-0.3t0-0.6l4.5-8q0 0 0 0l-2.9-5q-0.2-0.4 0-0.7 0.2-0.3 0.5-0.3h4.3q0.7 0 1.2 0.8zM25.1 0.4q0.2 0.3 0 0.7l-9.4 16.7 6 11q0.2 0.4 0 0.6-0.2 0.3-0.6 0.3h-4.3q-0.7 0-1.2-0.8l-6-11.1q0.3-0.6 9.5-16.8 0.4-0.8 1.2-0.8h4.3q0.4 0 0.5 0.3z\"\/><\/svg><\/span><\/a><\/li><li class=\"shariff-button facebook shariff-nocustomcolor\" style=\"background-color:#4273c8\"><a href=\"https:\/\/www.facebook.com\/sharer\/sharer.php?u=https%3A%2F%2Fwww.grinnus.de%2Fwordpress%2Fanimierte-werbung-von-grinnus-de%2F\" title=\"Bei Facebook teilen\" aria-label=\"Bei Facebook teilen\" role=\"button\" rel=\"nofollow\" class=\"shariff-link\" style=\"; background-color:#3b5998; color:#fff\" target=\"_blank\"><span class=\"shariff-icon\" style=\"\"><svg width=\"32px\" height=\"20px\" xmlns=\"http:\/\/www.w3.org\/2000\/svg\" viewBox=\"0 0 18 32\"><path fill=\"#3b5998\" d=\"M17.1 0.2v4.7h-2.8q-1.5 0-2.1 0.6t-0.5 1.9v3.4h5.2l-0.7 5.3h-4.5v13.6h-5.5v-13.6h-4.5v-5.3h4.5v-3.9q0-3.3 1.9-5.2t5-1.8q2.6 0 4.1 0.2z\"\/><\/svg><\/span><span data-service=\"facebook\" style=\"color:#3b5998\" class=\"shariff-count shariff-hidezero\"><\/span>&nbsp;<\/a><\/li><li class=\"shariff-button mailto shariff-nocustomcolor\" style=\"background-color:#a8a8a8\"><a href=\"mailto:?body=https%3A%2F%2Fwww.grinnus.de%2Fwordpress%2Fanimierte-werbung-von-grinnus-de%2F&subject=sub%20%3E%202d%20motiondesign\" title=\"Per E-Mail versenden\" aria-label=\"Per E-Mail versenden\" role=\"button\" rel=\"noopener nofollow\" class=\"shariff-link\" style=\"; background-color:#999; color:#fff\"><span class=\"shariff-icon\" style=\"\"><svg width=\"32px\" height=\"20px\" xmlns=\"http:\/\/www.w3.org\/2000\/svg\" viewBox=\"0 0 32 32\"><path fill=\"#999\" d=\"M32 12.7v14.2q0 1.2-0.8 2t-2 0.9h-26.3q-1.2 0-2-0.9t-0.8-2v-14.2q0.8 0.9 1.8 1.6 6.5 4.4 8.9 6.1 1 0.8 1.6 1.2t1.7 0.9 2 0.4h0.1q0.9 0 2-0.4t1.7-0.9 1.6-1.2q3-2.2 8.9-6.1 1-0.7 1.8-1.6zM32 7.4q0 1.4-0.9 2.7t-2.2 2.2q-6.7 4.7-8.4 5.8-0.2 0.1-0.7 0.5t-1 0.7-0.9 0.6-1.1 0.5-0.9 0.2h-0.1q-0.4 0-0.9-0.2t-1.1-0.5-0.9-0.6-1-0.7-0.7-0.5q-1.6-1.1-4.7-3.2t-3.6-2.6q-1.1-0.7-2.1-2t-1-2.5q0-1.4 0.7-2.3t2.1-0.9h26.3q1.2 0 2 0.8t0.9 2z\"\/><\/svg><\/span><\/a><\/li><\/ul><\/div>\n\n\n\n<h3 class=\"wp-block-heading\">Ein kurzes Beispiel:<\/h3>\n\n\n\n<h6 class=\"wp-block-heading\">Kurzes Beispiel: Erkl\u00e4rvideo f\u00fcr ein digitales Elektroanlagen-Verwaltungssystem<\/h6>\n\n\n<p><iframe loading=\"lazy\" title=\"Erkl\u00e4rvideo &quot;Die Pr\u00fcfer&quot; und die digitale Elektrodatenverwaltung\" width=\"880\" height=\"495\" src=\"https:\/\/www.youtube.com\/embed\/sF2gq8HPWcY?feature=oembed\" frameborder=\"0\" allow=\"accelerometer; autoplay; clipboard-write; encrypted-media; gyroscope; picture-in-picture; web-share\" referrerpolicy=\"strict-origin-when-cross-origin\" allowfullscreen><\/iframe><\/p>\n","protected":false},"excerpt":{"rendered":"<p>Mein Name ist Michael Grinnus und arbeite als Freelancer als Charakterdesigner, 2D Animator und Grafikdesigner f\u00fcr Print und Web.<br \/>\nIch bringe Ihre Werbung in Bewegung. In Videos und animierten Gifs erzeugen meine Figuren wichtige Aufmerksamkeit und Sichtbarkeit f\u00fcr die Produkte meiner Kunden<\/p>\n","protected":false},"author":1,"featured_media":3815,"parent":0,"menu_order":16,"comment_status":"closed","ping_status":"closed","template":"","meta":{"footnotes":""},"class_list":["post-4033","page","type-page","status-publish","has-post-thumbnail","hentry"],"_links":{"self":[{"href":"https:\/\/www.grinnus.de\/wordpress\/wp-json\/wp\/v2\/pages\/4033","targetHints":{"allow":["GET"]}}],"collection":[{"href":"https:\/\/www.grinnus.de\/wordpress\/wp-json\/wp\/v2\/pages"}],"about":[{"href":"https:\/\/www.grinnus.de\/wordpress\/wp-json\/wp\/v2\/types\/page"}],"author":[{"embeddable":true,"href":"https:\/\/www.grinnus.de\/wordpress\/wp-json\/wp\/v2\/users\/1"}],"replies":[{"embeddable":true,"href":"https:\/\/www.grinnus.de\/wordpress\/wp-json\/wp\/v2\/comments?post=4033"}],"version-history":[{"count":6,"href":"https:\/\/www.grinnus.de\/wordpress\/wp-json\/wp\/v2\/pages\/4033\/revisions"}],"predecessor-version":[{"id":4723,"href":"https:\/\/www.grinnus.de\/wordpress\/wp-json\/wp\/v2\/pages\/4033\/revisions\/4723"}],"wp:featuredmedia":[{"embeddable":true,"href":"https:\/\/www.grinnus.de\/wordpress\/wp-json\/wp\/v2\/media\/3815"}],"wp:attachment":[{"href":"https:\/\/www.grinnus.de\/wordpress\/wp-json\/wp\/v2\/media?parent=4033"}],"curies":[{"name":"wp","href":"https:\/\/api.w.org\/{rel}","templated":true}]}}