{"id":3740,"date":"2023-09-07T12:38:08","date_gmt":"2023-09-07T10:38:08","guid":{"rendered":"https:\/\/www.grinnus.de\/wordpress\/?page_id=3740"},"modified":"2025-09-08T12:30:44","modified_gmt":"2025-09-08T10:30:44","slug":"grinnus-de-online-adventskalender","status":"publish","type":"page","link":"https:\/\/www.grinnus.de\/wordpress\/grinnus-de-online-adventskalender\/","title":{"rendered":"sub > GC Online-Adventskalender"},"content":{"rendered":"\n<h2 class=\"wp-block-heading\">Adventskalender online von grinnus.de<\/h2>\n\n\n\n<h3 class=\"wp-block-heading\">Der T\u00fcrchen-Spass mit Unterhaltung und Infos rund um ihr Produkt<\/h3>\n\n\n\n<p class=\"has-normal-font-size\">Mein Name ist Michael Grinnus und ich erstelle Illustrationen und Konzepte f\u00fcr unterhaltsame und informative Online-Kalender. Tolle T\u00fcrchen bieten Ihnen viele M\u00f6glichkeiten Ihre Kunden zu begeistern.<br \/>Ob Quizfragen rund um Ihr Produkt oder klassischen Unterhaltung. W\u00e4hlen Sie aus einer Vielzahl vorhndenen T\u00fcrcheninhalte ihre Lieblinge aus oder bef\u00fcllen Sie die T\u00fcrchen mit eigenem Inhalt.<br \/>Im nachfolgender Slideshow habe ich um den ungef\u00e4hren Look zu zeigen ein paar Layout-Entw\u00fcrfe zusammengestellt.<\/p>\n\n\n\n<div class=\"alignnormal\"><div id=\"metaslider-id-3760\" style=\"width: 100%; margin: 0 auto;\" class=\"ml-slider-3-108-0 metaslider metaslider-nivo metaslider-3760 ml-slider border-image has-dots-nav ms-theme-default\" role=\"region\" aria-label=\"Adventskalender online Layouts 2023\" data-height=\"650\" data-width=\"900\">\n    <div id=\"metaslider_container_3760\">\n        <div class='slider-wrapper theme-default'><div class='ribbon'><\/div><div id='metaslider_3760' class='nivoSlider'><img loading=\"lazy\" decoding=\"async\" src=\"https:\/\/www.grinnus.de\/wordpress\/wp-content\/uploads\/2023\/09\/Web-Kalender23_lay-start-1-900x650.jpg\" height=\"650\" width=\"900\" title=\"Web-Kalender23_lay-start\" alt=\"\" class=\"slider-3760 slide-3853 msDefaultImage\" \/><img loading=\"lazy\" decoding=\"async\" src=\"https:\/\/www.grinnus.de\/wordpress\/wp-content\/uploads\/2023\/09\/gri-demo-kal2023aniazwei-comic-kein2-743x537.jpg\" height=\"650\" width=\"900\" title=\"gri-demo kal2023aniaz&gt;wei comic kein2\" alt=\"\" class=\"slider-3760 slide-3915 msDefaultImage\" \/><img loading=\"lazy\" decoding=\"async\" src=\"https:\/\/www.grinnus.de\/wordpress\/wp-content\/uploads\/2023\/09\/Web-Kalender23_lay-start2weitere-900x650.jpg\" height=\"650\" width=\"900\" title=\"Web-Kalender23_lay-start2weitere\" alt=\"\" class=\"slider-3760 slide-3852 msDefaultImage\" \/><img loading=\"lazy\" decoding=\"async\" src=\"https:\/\/www.grinnus.de\/wordpress\/wp-content\/uploads\/2023\/09\/Online-Advents-Kalender23_layEQ74-900x650.jpg\" height=\"650\" width=\"900\" title=\"Online-Advents-Kalender23_lay&gt;EQ74\" alt=\"\" class=\"slider-3760 slide-3764 msDefaultImage\" \/><img loading=\"lazy\" decoding=\"async\" src=\"https:\/\/www.grinnus.de\/wordpress\/wp-content\/uploads\/2023\/09\/Online-Advents-Kalender23_layMulti-lite-900x650.jpg\" height=\"650\" width=\"900\" title=\"Online-Advents-Kalender23_lay&gt;Multi-lite\" alt=\"\" class=\"slider-3760 slide-3761 msDefaultImage\" \/><img loading=\"lazy\" decoding=\"async\" src=\"https:\/\/www.grinnus.de\/wordpress\/wp-content\/uploads\/2023\/09\/Online-Advents-Kalender23_laywigu-900x650.jpg\" height=\"650\" width=\"900\" title=\"Online-Advents-Kalender23_lay&gt;wigu\" alt=\"\" class=\"slider-3760 slide-3762 msDefaultImage\" \/><img loading=\"lazy\" decoding=\"async\" src=\"https:\/\/www.grinnus.de\/wordpress\/wp-content\/uploads\/2023\/09\/Online-Advents-Kalender23_layKMB-900x650.jpg\" height=\"650\" width=\"900\" title=\"Online-Advents-Kalender23_lay&gt;KMB\" alt=\"\" class=\"slider-3760 slide-3763 msDefaultImage\" \/><img loading=\"lazy\" decoding=\"async\" src=\"https:\/\/www.grinnus.de\/wordpress\/wp-content\/uploads\/2023\/09\/Online-Advents-Kalender23_layADAC-900x650.jpg\" height=\"650\" width=\"900\" title=\"Online-Advents-Kalender23_lay&gt;ADAC\" alt=\"\" class=\"slider-3760 slide-3766 msDefaultImage\" \/><img loading=\"lazy\" decoding=\"async\" src=\"https:\/\/www.grinnus.de\/wordpress\/wp-content\/uploads\/2023\/09\/Online-Advents-Kalender23_layCabledata-900x650.jpg\" height=\"650\" width=\"900\" title=\"Online-Advents-Kalender23_lay&gt;Cabledata\" alt=\"\" class=\"slider-3760 slide-3765 msDefaultImage\" \/><\/div><\/div>\n        \n    <\/div>\n<\/div><\/div>\n\n\n\n<p><br \/>In Zusammenarbeit mit meiner Internet Partneragentur Redcode.de biete ich ich Ihnen Kalender inklusive vorhandenem angepasstem Motiv schon ab 499,- Eur zzgl. MwSt. an.<br \/><\/p>\n\n\n\n<p class=\"has-normal-font-size\">Schon immer haben mich kreative Geschichten fasziniert. Und als langj\u00e4hriger Artdirektor in verschiedenen Hamburger Werbeagenturen, habe ich mich neben dem Erstellen von klassischer Werbung und Werbung mit Figuren auch schon immer mit dem Erstellen von individuellen Gru\u00dfmotiven und Werbemitteln besch\u00e4ftigt.<\/p>\n\n\n\n<p class=\"has-normal-font-size\">Mein Name ist Michael Grinnus und ich bin freiberuflicher Grafiker und Illustrator. Ich erstelle individuelle Motive und Gru\u00dfwerbemittel f\u00fcr Ihre Werbung in &nbsp;Print und Web. Hierbei entwerfe ich individuell f\u00fcr Ihre Firma individuelle Motive welches exklusiv f\u00fcr ein Jahr f\u00fcr Ihre Firma reserviert sind.<\/p>\n\n\n\n<p class=\"has-normal-font-size\">Die Motive kann ich f\u00fcr Ihre Produktion oder f\u00fcr die Realisation von der klassischen DIN-Lang Klappkarte, \u00fcber ein animiertes gif bis hin zum vertonten Video realisieren. Vom Stil passe ich mich hierbei gerne auch optisch an ihren individuellen Werbeauftritt an. (Vom einfachen Clipart-Stil bis zum aufw\u00e4ndigeren Comicstil).<\/p>\n\n\n\n<p class=\"has-normal-font-size\">Gerne w\u00fcrde ich Ihnen als Neukunde ein paar kostenlose Ideenscribbels erstellen.<br \/>Sprechen Sie mich an. Ich freue mich auf Sie !<\/p>\n\n\n\n<p class=\"has-normal-font-size\">Viele Gr\u00fc\u00dfe, Michael Grinnus<\/p>\n\n\n\n<p class=\"has-normal-font-size\">Telefon: 040 \/ 38610135. Oder schreiben mir eine E-Mail an: grinnus(at)grinnus.de<\/p>\n\n\n\n<h3 class=\"wp-block-heading\">&nbsp;<\/h3>\n\n\n\n<h3 class=\"wp-block-heading\">GrinnyCards: Motive \u2013 Produkte \u2013 Preisbeispiele:<\/h3>\n\n\n\n<p class=\"has-normal-font-size\">Grunds\u00e4tzlich kann ich jedes Werbemittel realisieren.<br \/>Zu meinen Klassikern geh\u00f6ren jedoch animierte gifs und gedruckte Grusskarten im Format DIN Lang.<br \/>Aktuell steigender Beliebtheit erfreuen sich auch meine &nbsp;Schokoladen-Adventskalender.<br \/>Von der einfachen Gru\u00dfkarte, \u00fcber Onlinekalender bis hin zu Animationen und Erkl\u00e4r- Videos.<br \/>Nehmen Sie sich kurz etwas Zeit und sehen Sie sich meinen Produktslider mit meinen<br \/>unterschiedlichen Produkten an.<\/p>\n\n\n\n<p class=\"has-normal-font-size\"><\/p>\n\n\n\n<div class=\"alignnormal\"><div id=\"metaslider-id-1890\" style=\"width: 100%;\" class=\"ml-slider-3-108-0 metaslider metaslider-nivo metaslider-1890 ml-slider has-dots-nav ms-theme-nivo-light\" role=\"region\" aria-label=\"GC weiclipart slider\" data-height=\"512\" data-width=\"900\">\n    <div id=\"metaslider_container_1890\">\n        <div class='slider-wrapper theme-default'><div class='ribbon'><\/div><div id='metaslider_1890' class='nivoSlider'><img loading=\"lazy\" decoding=\"async\" src=\"https:\/\/www.grinnus.de\/wordpress\/wp-content\/uploads\/2021\/09\/onepr_slider1920_indd6_cm1-900x512.jpg\" height=\"512\" width=\"900\" title=\"onepr_slider1920_80%weihnachtsm\u00e4nner\" alt=\"\" class=\"slider-1890 slide-2244 msDefaultImage\" \/><img loading=\"lazy\" decoding=\"async\" src=\"https:\/\/www.grinnus.de\/wordpress\/wp-content\/uploads\/2021\/08\/weiclipart1920_blog-all_80-2-900x512.jpg\" height=\"512\" width=\"900\" title=\"weiclipart1920_blog-all_80-2\" alt=\"\" class=\"slider-1890 slide-2243 msDefaultImage\" \/><a href=\"https:\/\/www.youtube.com\/watch?v=gt572Ziv-uc\" target=\"_blank\" rel=\"noopener\"><img loading=\"lazy\" decoding=\"async\" src=\"https:\/\/www.grinnus.de\/wordpress\/wp-content\/uploads\/2020\/12\/artb_0719_scetchwichtel_surprise2020-900x512.jpg\" height=\"512\" width=\"900\" title=\"artb_0719_scetchwichtel_surprise2020\" alt=\"\" class=\"slider-1890 slide-1977 msDefaultImage\" \/><\/a><img loading=\"lazy\" decoding=\"async\" src=\"https:\/\/www.grinnus.de\/wordpress\/wp-content\/uploads\/2020\/11\/onepr_slider1920_indd6_cm2-900x512.jpg\" height=\"512\" width=\"900\" title=\"onepr_slider1920_indd6_cm2\" alt=\"\" class=\"slider-1890 slide-1976 msDefaultImage\" \/><img loading=\"lazy\" decoding=\"async\" src=\"https:\/\/www.grinnus.de\/wordpress\/wp-content\/uploads\/2020\/11\/onepr_slider1920_indd6_cm5-900x512.jpg\" height=\"512\" width=\"900\" title=\"onepr_slider1920_indd6_cm5\" alt=\"\" class=\"slider-1890 slide-1973 msDefaultImage\" \/><img loading=\"lazy\" decoding=\"async\" src=\"https:\/\/www.grinnus.de\/wordpress\/wp-content\/uploads\/2020\/11\/onepr_slider1920_indd6_cm6-900x512.jpg\" height=\"512\" width=\"900\" title=\"onepr_slider1920_indd6_cm6\" alt=\"\" class=\"slider-1890 slide-1972 msDefaultImage\" \/><img loading=\"lazy\" decoding=\"async\" src=\"https:\/\/www.grinnus.de\/wordpress\/wp-content\/uploads\/2020\/11\/onepr_slider1920_indd6_cm4-900x512.jpg\" height=\"512\" width=\"900\" title=\"onepr_slider1920_indd6_cm4\" alt=\"\" class=\"slider-1890 slide-1974 msDefaultImage\" \/><img loading=\"lazy\" decoding=\"async\" src=\"https:\/\/www.grinnus.de\/wordpress\/wp-content\/uploads\/2020\/11\/onepr_slider1920_indd6_cm3-900x512.jpg\" height=\"512\" width=\"900\" title=\"onepr_slider1920_indd6_cm3\" alt=\"\" class=\"slider-1890 slide-1975 msDefaultImage\" \/><img loading=\"lazy\" decoding=\"async\" src=\"https:\/\/www.grinnus.de\/wordpress\/wp-content\/uploads\/2020\/11\/onepr_slider_03_weiclip_siquiz-900x512.jpg\" height=\"512\" width=\"900\" title=\"onepr_slider_03_weiclip_siquiz\" alt=\"\" class=\"slider-1890 slide-1894 msDefaultImage\" \/><img loading=\"lazy\" decoding=\"async\" src=\"https:\/\/www.grinnus.de\/wordpress\/wp-content\/uploads\/2020\/11\/onepr_slider1920_indd6_cm8-900x512.jpg\" height=\"512\" width=\"900\" title=\"onepr_slider1920_indd6_cm8\" alt=\"\" class=\"slider-1890 slide-1970 msDefaultImage\" \/><img loading=\"lazy\" decoding=\"async\" src=\"https:\/\/www.grinnus.de\/wordpress\/wp-content\/uploads\/2020\/11\/onepr_slider1920_indd6_cm7-900x512.jpg\" height=\"512\" width=\"900\" title=\"onepr_slider1920_indd6_cm7\" alt=\"\" class=\"slider-1890 slide-1971 msDefaultImage\" \/><img loading=\"lazy\" decoding=\"async\" src=\"https:\/\/www.grinnus.de\/wordpress\/wp-content\/uploads\/2020\/11\/onepr_slider1920_indd6_cm9-900x512.jpg\" height=\"512\" width=\"900\" title=\"onepr_slider1920_indd6_cm9\" alt=\"\" class=\"slider-1890 slide-1969 msDefaultImage\" \/><\/div><\/div>\n        \n    <\/div>\n<\/div><\/div>\n\n\n\n<p class=\"has-normal-font-size\">Schon immer haben mich kreative Geschichten fasziniert. Und als langj\u00e4hriger Artdirektor in verschiedenen Hamburger Werbeagenturen, habe ich mich neben dem Erstellen von klassischer Werbung und Werbung mit Figuren auch schon immer mit dem Erstellen von individuellen Gru\u00dfmotiven und Werbemitteln besch\u00e4ftigt.<\/p>\n\n\n\n<p class=\"has-normal-font-size\">Mein Name ist Michael Grinnus und ich bin freiberuflicher Grafiker und Illustrator. Ich erstelle individuelle Motive und Gru\u00dfwerbemittel f\u00fcr Ihre Werbung in &nbsp;Print und Web. Hierbei entwerfe ich individuell f\u00fcr Ihre Firma individuelle Motive welches exklusiv f\u00fcr ein Jahr f\u00fcr Ihre Firma reserviert sind.<\/p>\n\n\n\n<p class=\"has-normal-font-size\">Die Motive kann ich f\u00fcr Ihre Produktion oder f\u00fcr die Realisation von der klassischen DIN-Lang Klappkarte, \u00fcber ein animiertes gif bis hin zum vertonten Video realisieren. Vom Stil passe ich mich hierbei gerne auch optisch an ihren individuellen Werbeauftritt an. (Vom einfachen Clipart-Stil bis zum aufw\u00e4ndigeren Comicstil).<\/p>\n\n\n\n<p class=\"has-normal-font-size\">Gerne w\u00fcrde ich Ihnen als Neukunde ein paar kostenlose Ideenscribbels erstellen.<br \/>Sprechen Sie mich an. Ich freue mich auf Sie !<\/p>\n\n\n\n<p class=\"has-normal-font-size\">Viele Gr\u00fc\u00dfe, Michael Grinnus<\/p>\n\n\n\n<p class=\"has-normal-font-size\">Telefon: 040 \/ 38610135. Oder schreiben mir eine E-Mail an: grinnus(at)grinnus.de<\/p>\n\n\n\n<h3 class=\"wp-block-heading\">&nbsp;<\/h3>\n\n\n\n<div style=\"padding:20px\" class=\"wp-block-tnp-minimal\"><p>Subscribe to our newsletter!<\/p><div><div class=\"tnp tnp-subscription-minimal  \"><form action=\"https:\/\/www.grinnus.de\/wordpress\/wp-admin\/admin-ajax.php?action=tnp&amp;na=s\" method=\"post\" style=\"text-align: center\"><input type=\"hidden\" name=\"nr\" value=\"minimal\">\n<input type=\"hidden\" name=\"nlang\" value=\"\">\n<input class=\"tnp-email\" type=\"email\" required name=\"ne\" value=\"\" placeholder=\"Email\"><input class=\"tnp-submit\" type=\"submit\" value=\"Grinnus Newsletter Abonnieren\" style=\"\">\n<div class=\"tnp-field tnp-privacy-field\"><label><input type=\"checkbox\" name=\"ny\" required class=\"tnp-privacy\"> <a target=\"_blank\" href=\"https:\/\/www.grinnus.de\/wordpress\/datenschutz-infos\/\">Ankreuzen um die Datenschutzerkl\u00e4rung akzeptieren. (hier klicken zum lesen)<\/a><\/label><\/div><\/form><\/div>\n<\/div><\/div>\n\n\n\n<p><\/p>\n","protected":false},"excerpt":{"rendered":"<p>Michael Grinnus entwirft Online Adventskalender f\u00fcr Ihre Firma. Von deer individuellen Gestaltung bis zur Produktion in Zusammenarbeit mit meinen Internet-Partnern<\/p>\n","protected":false},"author":1,"featured_media":0,"parent":0,"menu_order":11,"comment_status":"closed","ping_status":"closed","template":"","meta":{"footnotes":""},"class_list":["post-3740","page","type-page","status-publish","hentry"],"_links":{"self":[{"href":"https:\/\/www.grinnus.de\/wordpress\/wp-json\/wp\/v2\/pages\/3740","targetHints":{"allow":["GET"]}}],"collection":[{"href":"https:\/\/www.grinnus.de\/wordpress\/wp-json\/wp\/v2\/pages"}],"about":[{"href":"https:\/\/www.grinnus.de\/wordpress\/wp-json\/wp\/v2\/types\/page"}],"author":[{"embeddable":true,"href":"https:\/\/www.grinnus.de\/wordpress\/wp-json\/wp\/v2\/users\/1"}],"replies":[{"embeddable":true,"href":"https:\/\/www.grinnus.de\/wordpress\/wp-json\/wp\/v2\/comments?post=3740"}],"version-history":[{"count":47,"href":"https:\/\/www.grinnus.de\/wordpress\/wp-json\/wp\/v2\/pages\/3740\/revisions"}],"predecessor-version":[{"id":4718,"href":"https:\/\/www.grinnus.de\/wordpress\/wp-json\/wp\/v2\/pages\/3740\/revisions\/4718"}],"wp:attachment":[{"href":"https:\/\/www.grinnus.de\/wordpress\/wp-json\/wp\/v2\/media?parent=3740"}],"curies":[{"name":"wp","href":"https:\/\/api.w.org\/{rel}","templated":true}]}}