{"id":3385,"date":"2022-10-19T15:45:05","date_gmt":"2022-10-19T13:45:05","guid":{"rendered":"https:\/\/www.grinnus.de\/wordpress\/?page_id=3385"},"modified":"2025-07-12T13:35:34","modified_gmt":"2025-07-12T11:35:34","slug":"storytelling-und-animierte-sketchnotes-von-grinnus-de","status":"publish","type":"page","link":"https:\/\/www.grinnus.de\/wordpress\/storytelling-und-animierte-sketchnotes-von-grinnus-de\/","title":{"rendered":"sub > Storytelling u ani Sketchnotes mit slider"},"content":{"rendered":"\n<h2 class=\"wp-block-heading\" id=\"erklarvideos-animation-und-storytelling\">Storytelling mit animierten Sketchnote Denkbrettern<\/h2>\n\n\n\n<h3 class=\"wp-block-heading\">Mehr Response durch kreatives Sketchnote Storytelling.<\/h3>\n\n\n\n<h4 class=\"wp-block-heading\">Mehr Shares \u2013 mehr Likes \u2013 mehr Visits&#8230;<\/h4>\n\n\n<div id=\"metaslider-id-3505\" style=\"width: 100%; margin: 0 auto;\" class=\"ml-slider-3-108-0 metaslider metaslider-nivo metaslider-3505 ml-slider border-image has-dots-nav ms-theme-default\" role=\"region\" aria-label=\"Storytelling und Sketchnotes von grinnus.de\" data-height=\"510\" data-width=\"906\">\n    <div id=\"metaslider_container_3505\">\n        <div class='slider-wrapper theme-default'><div class='ribbon'><\/div><div id='metaslider_3505' class='nivoSlider'><img loading=\"lazy\" decoding=\"async\" src=\"https:\/\/www.grinnus.de\/wordpress\/wp-content\/uploads\/2025\/05\/HD-sketchnotes-charts-f-WP-all8-906x510.jpg\" height=\"510\" width=\"906\" title=\"HD sketchnotes charts f WP all8\" alt=\"\" class=\"slider-3505 slide-4184 msDefaultImage\" \/><a href=\"https:\/\/www.youtube.com\/watch?v=7L5nSF_fpR0\" target=\"_blank\" rel=\"noopener\"><img loading=\"lazy\" decoding=\"async\" src=\"https:\/\/www.grinnus.de\/wordpress\/wp-content\/uploads\/2025\/05\/sketchnotes-charts-f-WP-sogeht-wei-vid-906x510.jpg\" height=\"510\" width=\"906\" title=\"sketchnotes charts f WP sogeht wei vid\" alt=\"\" class=\"slider-3505 slide-4202 msDefaultImage\" \/><\/a><img loading=\"lazy\" decoding=\"async\" src=\"https:\/\/www.grinnus.de\/wordpress\/wp-content\/uploads\/2022\/10\/grinnus0753-storytelling-scetchnote-03b-906x510.jpg\" height=\"510\" width=\"906\" title=\"grinnus0753 storytelling scetchnote 03b\" alt=\"\" class=\"slider-3505 slide-3506 msDefaultImage\" \/><a href=\"https:\/\/www.youtube.com\/watch?v=PUdd8KUaHPc\" target=\"_self\" rel=\"noopener\"><img loading=\"lazy\" decoding=\"async\" src=\"https:\/\/www.grinnus.de\/wordpress\/wp-content\/uploads\/2025\/05\/HD_schaubild_Produkt-recycl-Kreis-gvoe-clic-906x510.jpg\" height=\"510\" width=\"906\" title=\"HD_schaubild_Produkt recycl-Kreis-gvoe clic\" alt=\"\" class=\"slider-3505 slide-4206 msDefaultImage\" \/><\/a><img loading=\"lazy\" decoding=\"async\" src=\"https:\/\/www.grinnus.de\/wordpress\/wp-content\/uploads\/2022\/10\/grinnus0753-storytelling-scetchnote-01-906x510.jpg\" height=\"510\" width=\"906\" title=\"scetchnote storytelling1\" alt=\"\" class=\"slider-3505 slide-3507 msDefaultImage\" \/><img loading=\"lazy\" decoding=\"async\" src=\"https:\/\/www.grinnus.de\/wordpress\/wp-content\/uploads\/2022\/01\/storytelling_footer_grinnus-906x510.jpg\" height=\"510\" width=\"906\" title=\"storytelling_footer_grinnus\" alt=\"\" class=\"slider-3505 slide-3541 msDefaultImage\" \/><img loading=\"lazy\" decoding=\"async\" src=\"https:\/\/www.grinnus.de\/wordpress\/wp-content\/uploads\/2025\/05\/HD-sketchnotes-charts-f-WP-all7-906x510.jpg\" height=\"510\" width=\"906\" title=\"HD sketchnotes charts f WP all7\" alt=\"\" class=\"slider-3505 slide-4185 msDefaultImage\" \/><img loading=\"lazy\" decoding=\"async\" src=\"https:\/\/www.grinnus.de\/wordpress\/wp-content\/uploads\/2021\/09\/onepr_slider2_SMST_Kundennutzen-906x510.jpg\" height=\"510\" width=\"906\" title=\"onepr_slider2_SMST_Kundennutzen\" alt=\"\" class=\"slider-3505 slide-3542 msDefaultImage\" \/><img loading=\"lazy\" decoding=\"async\" src=\"https:\/\/www.grinnus.de\/wordpress\/wp-content\/uploads\/2025\/05\/HD_schaubild_fass_opti-EQ74-906x510.jpg\" height=\"510\" width=\"906\" title=\"HD_schaubild_fass_opti-EQ74\" alt=\"\" class=\"slider-3505 slide-4192 msDefaultImage\" \/><img loading=\"lazy\" decoding=\"async\" src=\"https:\/\/www.grinnus.de\/wordpress\/wp-content\/uploads\/2021\/06\/uebermich_1920_startchart-1-906x510.jpg\" height=\"510\" width=\"906\" title=\"uebermich_1920_startchart\" alt=\"\" class=\"slider-3505 slide-3544 msDefaultImage\" \/><\/div><\/div>\n        \n    <\/div>\n<\/div>\n\n\n\n<p><\/p>\n\n\n\n<p><\/p>\n\n\n\n<p><strong>Storytelling Erkl\u00e4rdenkbretter von grinnus.de<\/strong><\/p>\n\n\n\n<p>Mein Name ist Michael Grinnus und ich bin Ihr Partner f\u00fcr Storytelling Sketchnote Erkl\u00e4rdenkbretter.<br \/>Nehmen Sie Ihre potentiellen Kunden mit auf eine Reise und erkl\u00e4ren Sie Unterhaltsam und nachhaltig ihre Firmenstory oder erkl\u00e4rungsbed\u00fcrftige Produkte.<\/p>\n\n\n\n<p>Ich helfe Ihnen dabei<\/p>\n\n\n\n<p>Als freiberuflicher Illustrator, Artdirektor und Motiondesigner und Storyteller biete ich Ihnen hohe Motivation und kreativen Input bis zur Realisation von abgefilmten animierten Denkbrettern.<\/p>\n\n\n\n<h3 class=\"wp-block-heading\"><strong><br \/>Mit Sketchnote Storytelling erz\u00e4hlen Sie eine unterhaltsame und erkl\u00e4rende Geschichte zu Ihrem Produkt oder Ihrer Dienstleistung. <\/strong><\/h3>\n\n\n\n<p class=\"has-normal-font-size\">Kreatives Storytelling ist ein immer gr\u00f6\u00dfer werdender Faktor f\u00fcr eine gute Produkt- oder Unternehmenskommunikation und verschafft mehr Social-Media Aufmerksamkeit. Dieses funktioniert sehr gut mit Denkbrettern, Erkl\u00e4rgrafik Schaubildern und handgezeichneten Sketchnote Plakaten. Storytelling wird immer wichtiger bei Erkl\u00e4ren von komplizierten Inhalten, Produkt- oder Dienstleistungen E-Mail-Newsletter und Mailsignaturen f\u00fcr New Business und Mitarbeiter-Recruiting. hierbei wird meistens mit grafischen Pictogrammen und locker gezeichneten Erkl\u00e4r Plakaten im Sketchnote Stil eine Geschichte \u00fcber erkl\u00e4rbed\u00fcrftige Inhalte wie z.B. Produkte, Firmenphilosophie oder komplexe Inhalte erz\u00e4hlt.<br \/>Diese Plakate k\u00f6nnen auch sp\u00e4ter animiert und abgefilmt werden und mit Sprecher und Sound und Musik optimiert werden.<\/p>\n\n\n\n<p class=\"has-normal-font-size\">Einsatzbereiche sind neben werblichen Eins\u00e4tzen auch interne oder externe Pr\u00e4sentationen und Schulungen<br \/>um die Aufmerksamkeit des Publikums hoch zu halten<\/p>\n\n\n\n<p>\u0086<\/p>\n\n\n\n<h2 class=\"wp-block-heading has-normal-font-size\">So funktioniert kreatives Storytelling:<\/h2>\n\n\n\n<p class=\"has-normal-font-size\"><strong style=\"font-size: var(--wp--preset--font-size--normal);\">Zuerst steht die Aufgabe:<\/strong><\/p>\n\n\n\n<p class=\"has-normal-font-size\"><strong style=\"font-size: var(--wp--preset--font-size--normal);\">In der Ideenfindung wird das Hauptmotiv (Keyvisual), Elemente und der Text entwickelt.<\/strong><\/p>\n\n\n\n<p class=\"has-normal-font-size\">Hierbei ist es wichtig zu \u00fcbertreiben, zu \u00fcberraschen und emotional zu ber\u00fchren.<br \/>Unterhalte dein Publikum \u2013 Du verkaufst tr\u00e4ume (keine Produkte). Bleibe sichtbar in grossen Bildern.<br \/>Es muss das Herz ber\u00fchrt werden, bevor der Kopf sich einschalten kann.<br \/>(Die Kommunikation sollte sich auf die Wesentliche Idee konzentrieren.<br \/>(weiterer Produktinformation sollten parallel \u00fcber weitere Kan\u00e4le erfolgen)<\/p>\n\n\n\n<p class=\"has-normal-font-size\"><strong>Die wichtigsten Anforderungen an gutes Storytelling sind:<\/strong><\/p>\n\n\n\n<p class=\"has-normal-font-size\">unterhalten und \u00fcberraschen<br \/>ber\u00fchren, beeindrucken, verbl\u00fcffen<br \/>Verlangen erzeugen \/ neugierig machen<br \/>informieren und auffordern<\/p>\n\n\n\n<p class=\"has-normal-font-size\"><strong>Ist die Ideenfindung abgeschlossen und alle Realisationsfragen sind gekl\u00e4rt<br \/>wird finales Textmanuskript erstellt und eine textliche und visuellen Idee umgesetzt.<\/strong><\/p>\n\n\n\n<p class=\"has-normal-font-size\">Hierf\u00fcr wird ein Storyboard mit Texten mit geskribbelten Motiven und Elementen erstellt.<br \/>Bei Bedarf erstelle ich auch den gesamten Text oder wir erarbeiten ihn gemeinsam.<br \/><br \/>Als freiberuflicher Illustrator, Artdirektor und Motiondesigner und Storyteller biete ich Ihnen hohe<br \/>Motivation und kreativen Input bis zur Realisation von abgefilmten animierten Denkbrettern.<br \/><br \/>Neben grafischen Werbekampagnen liegt meine Kernkompetenz in der Kombination von Werbung mit Illustrationen.<br \/>Ich habe in verschiedenen Werbeagenturen gearbeitet.<\/p>\n\n\n\n<figure class=\"wp-block-image size-full is-resized\"><a href=\"https:\/\/www.youtube.com\/channel\/UCzwQMR0yIz96ZgcYC6jNdsw\" target=\"_blank\" rel=\"noopener\"><img loading=\"lazy\" decoding=\"async\" width=\"1169\" height=\"236\" src=\"https:\/\/www.grinnus.de\/wordpress\/wp-content\/uploads\/2025\/05\/WP-tasten-2-YT-kanal-besu.png\" alt=\"\" class=\"wp-image-4200\" style=\"width:404px;height:auto\" srcset=\"https:\/\/www.grinnus.de\/wordpress\/wp-content\/uploads\/2025\/05\/WP-tasten-2-YT-kanal-besu.png 1169w, https:\/\/www.grinnus.de\/wordpress\/wp-content\/uploads\/2025\/05\/WP-tasten-2-YT-kanal-besu-1000x202.png 1000w, https:\/\/www.grinnus.de\/wordpress\/wp-content\/uploads\/2025\/05\/WP-tasten-2-YT-kanal-besu-792x160.png 792w, https:\/\/www.grinnus.de\/wordpress\/wp-content\/uploads\/2025\/05\/WP-tasten-2-YT-kanal-besu-768x155.png 768w\" sizes=\"auto, (max-width: 1169px) 100vw, 1169px\" \/><\/a><\/figure>\n\n\n\n<p><\/p>\n\n\n\n<h4 class=\"wp-block-heading\">Ich freue mich auf Ihren Anruf oder eine E-Mail.<\/h4>\n\n\n\n<h4 class=\"wp-block-heading\">Michael Grinnus<\/h4>\n\n\n\n<p><br \/><\/p>\n\n\n\n<h5 class=\"wp-block-heading\" id=\"hamburg-040-38610135-michael-grinnus\"><strong>Hamburg 040 \/ 38610135 (grinnus@grinnus.de)<\/strong><\/h5>\n\n\n\n<p>Mehr Arbeitsbeispiele aus dem Bereich Storytelling<br \/>finden Sie auf meiner alten <a href=\"https:\/\/grinnus.de\/html\/index_storytelling_start.htm\" target=\"_blank\" rel=\"noopener\">classic Webseite<\/a>:<\/p>\n\n\n<div class=\"shariff shariff-align-left shariff-widget-align-left\" style=\"display:none\" data-services=\"facebook\" data-url=\"https:\/\/www.grinnus.de\/wordpress\/storytelling-und-animierte-sketchnotes-von-grinnus-de\/\" data-timestamp=\"1752327334\" data-hidezero=\"1\" data-backendurl=\"https:\/\/www.grinnus.de\/wordpress\/wp-json\/shariff\/v1\/share_counts?\"><div class=\"ShariffHeadline\">Beitrag teilen<\/div><ul class=\"shariff-buttons theme-round orientation-horizontal buttonsize-medium\"><li class=\"shariff-button linkedin shariff-nocustomcolor\" style=\"background-color:#1488bf\"><a href=\"https:\/\/www.linkedin.com\/sharing\/share-offsite\/?url=https%3A%2F%2Fwww.grinnus.de%2Fwordpress%2Fstorytelling-und-animierte-sketchnotes-von-grinnus-de%2F\" title=\"Bei LinkedIn teilen\" aria-label=\"Bei LinkedIn teilen\" role=\"button\" rel=\"noopener nofollow\" class=\"shariff-link\" style=\"; background-color:#0077b5; color:#fff\" target=\"_blank\"><span class=\"shariff-icon\" style=\"\"><svg width=\"32px\" height=\"20px\" xmlns=\"http:\/\/www.w3.org\/2000\/svg\" viewBox=\"0 0 27 32\"><path fill=\"#0077b5\" d=\"M6.2 11.2v17.7h-5.9v-17.7h5.9zM6.6 5.7q0 1.3-0.9 2.2t-2.4 0.9h0q-1.5 0-2.4-0.9t-0.9-2.2 0.9-2.2 2.4-0.9 2.4 0.9 0.9 2.2zM27.4 18.7v10.1h-5.9v-9.5q0-1.9-0.7-2.9t-2.3-1.1q-1.1 0-1.9 0.6t-1.2 1.5q-0.2 0.5-0.2 1.4v9.9h-5.9q0-7.1 0-11.6t0-5.3l0-0.9h5.9v2.6h0q0.4-0.6 0.7-1t1-0.9 1.6-0.8 2-0.3q3 0 4.9 2t1.9 6z\"\/><\/svg><\/span><\/a><\/li><li class=\"shariff-button xing shariff-nocustomcolor\" style=\"background-color:#29888a\"><a href=\"https:\/\/www.xing.com\/spi\/shares\/new?url=https%3A%2F%2Fwww.grinnus.de%2Fwordpress%2Fstorytelling-und-animierte-sketchnotes-von-grinnus-de%2F\" title=\"Bei XING teilen\" aria-label=\"Bei XING teilen\" role=\"button\" rel=\"noopener nofollow\" class=\"shariff-link\" style=\"; background-color:#126567; color:#fff\" target=\"_blank\"><span class=\"shariff-icon\" style=\"\"><svg width=\"32px\" height=\"20px\" xmlns=\"http:\/\/www.w3.org\/2000\/svg\" viewBox=\"0 0 25 32\"><path fill=\"#126567\" d=\"M10.7 11.9q-0.2 0.3-4.6 8.2-0.5 0.8-1.2 0.8h-4.3q-0.4 0-0.5-0.3t0-0.6l4.5-8q0 0 0 0l-2.9-5q-0.2-0.4 0-0.7 0.2-0.3 0.5-0.3h4.3q0.7 0 1.2 0.8zM25.1 0.4q0.2 0.3 0 0.7l-9.4 16.7 6 11q0.2 0.4 0 0.6-0.2 0.3-0.6 0.3h-4.3q-0.7 0-1.2-0.8l-6-11.1q0.3-0.6 9.5-16.8 0.4-0.8 1.2-0.8h4.3q0.4 0 0.5 0.3z\"\/><\/svg><\/span><\/a><\/li><li class=\"shariff-button facebook shariff-nocustomcolor\" style=\"background-color:#4273c8\"><a href=\"https:\/\/www.facebook.com\/sharer\/sharer.php?u=https%3A%2F%2Fwww.grinnus.de%2Fwordpress%2Fstorytelling-und-animierte-sketchnotes-von-grinnus-de%2F\" title=\"Bei Facebook teilen\" aria-label=\"Bei Facebook teilen\" role=\"button\" rel=\"nofollow\" class=\"shariff-link\" style=\"; background-color:#3b5998; color:#fff\" target=\"_blank\"><span class=\"shariff-icon\" style=\"\"><svg width=\"32px\" height=\"20px\" xmlns=\"http:\/\/www.w3.org\/2000\/svg\" viewBox=\"0 0 18 32\"><path fill=\"#3b5998\" d=\"M17.1 0.2v4.7h-2.8q-1.5 0-2.1 0.6t-0.5 1.9v3.4h5.2l-0.7 5.3h-4.5v13.6h-5.5v-13.6h-4.5v-5.3h4.5v-3.9q0-3.3 1.9-5.2t5-1.8q2.6 0 4.1 0.2z\"\/><\/svg><\/span><span data-service=\"facebook\" style=\"color:#3b5998\" class=\"shariff-count shariff-hidezero\"><\/span>&nbsp;<\/a><\/li><li class=\"shariff-button mailto shariff-nocustomcolor\" style=\"background-color:#a8a8a8\"><a href=\"mailto:?body=https%3A%2F%2Fwww.grinnus.de%2Fwordpress%2Fstorytelling-und-animierte-sketchnotes-von-grinnus-de%2F&subject=sub%20%3E%20Storytelling%20u%20ani%20Sketchnotes%20mit%20slider\" title=\"Per E-Mail versenden\" aria-label=\"Per E-Mail versenden\" role=\"button\" rel=\"noopener nofollow\" class=\"shariff-link\" style=\"; background-color:#999; color:#fff\"><span class=\"shariff-icon\" style=\"\"><svg width=\"32px\" height=\"20px\" xmlns=\"http:\/\/www.w3.org\/2000\/svg\" viewBox=\"0 0 32 32\"><path fill=\"#999\" d=\"M32 12.7v14.2q0 1.2-0.8 2t-2 0.9h-26.3q-1.2 0-2-0.9t-0.8-2v-14.2q0.8 0.9 1.8 1.6 6.5 4.4 8.9 6.1 1 0.8 1.6 1.2t1.7 0.9 2 0.4h0.1q0.9 0 2-0.4t1.7-0.9 1.6-1.2q3-2.2 8.9-6.1 1-0.7 1.8-1.6zM32 7.4q0 1.4-0.9 2.7t-2.2 2.2q-6.7 4.7-8.4 5.8-0.2 0.1-0.7 0.5t-1 0.7-0.9 0.6-1.1 0.5-0.9 0.2h-0.1q-0.4 0-0.9-0.2t-1.1-0.5-0.9-0.6-1-0.7-0.7-0.5q-1.6-1.1-4.7-3.2t-3.6-2.6q-1.1-0.7-2.1-2t-1-2.5q0-1.4 0.7-2.3t2.1-0.9h26.3q1.2 0 2 0.8t0.9 2z\"\/><\/svg><\/span><\/a><\/li><\/ul><\/div>\n","protected":false},"excerpt":{"rendered":"<p>Storytelling mit animierten Sketchnote Denkbrettern Mehr Response durch kreatives Sketchnote Storytelling. Mehr Shares \u2013 mehr Likes \u2013 mehr Visits&#8230; Storytelling Erkl\u00e4rdenkbretter von grinnus.de Mein Name ist Michael Grinnus und ich &#8230;<\/p>\n","protected":false},"author":1,"featured_media":0,"parent":0,"menu_order":20,"comment_status":"closed","ping_status":"closed","template":"","meta":{"footnotes":""},"class_list":["post-3385","page","type-page","status-publish","hentry"],"_links":{"self":[{"href":"https:\/\/www.grinnus.de\/wordpress\/wp-json\/wp\/v2\/pages\/3385","targetHints":{"allow":["GET"]}}],"collection":[{"href":"https:\/\/www.grinnus.de\/wordpress\/wp-json\/wp\/v2\/pages"}],"about":[{"href":"https:\/\/www.grinnus.de\/wordpress\/wp-json\/wp\/v2\/types\/page"}],"author":[{"embeddable":true,"href":"https:\/\/www.grinnus.de\/wordpress\/wp-json\/wp\/v2\/users\/1"}],"replies":[{"embeddable":true,"href":"https:\/\/www.grinnus.de\/wordpress\/wp-json\/wp\/v2\/comments?post=3385"}],"version-history":[{"count":39,"href":"https:\/\/www.grinnus.de\/wordpress\/wp-json\/wp\/v2\/pages\/3385\/revisions"}],"predecessor-version":[{"id":4644,"href":"https:\/\/www.grinnus.de\/wordpress\/wp-json\/wp\/v2\/pages\/3385\/revisions\/4644"}],"wp:attachment":[{"href":"https:\/\/www.grinnus.de\/wordpress\/wp-json\/wp\/v2\/media?parent=3385"}],"curies":[{"name":"wp","href":"https:\/\/api.w.org\/{rel}","templated":true}]}}