{"id":2328,"date":"2021-09-19T10:44:07","date_gmt":"2021-09-19T08:44:07","guid":{"rendered":"https:\/\/www.grinnus.de\/wordpress\/?page_id=2328"},"modified":"2025-05-24T15:01:59","modified_gmt":"2025-05-24T13:01:59","slug":"kinder-u-jugendbuch-illustrationen","status":"publish","type":"page","link":"https:\/\/www.grinnus.de\/wordpress\/kinder-u-jugendbuch-illustrationen\/","title":{"rendered":"sub > Kibu u- JuBu- Illus mit slider"},"content":{"rendered":"\n<h2 class=\"wp-block-heading\" id=\"buchillustrationen-fur-kinderbucher\">Buchillustrationen f\u00fcr Kinderb\u00fccher<\/h2>\n\n\n<h3>Ich erstelle Illustrationen und Storys f\u00fcr Jugend- und Kinderb\u00fccher ab 4 Jahren<!-- \/wp:post-content --><\/h3>\n<p><!-- wp:metaslider\/slider {\"slideshowId\":1890} --><\/p>\n<p><!-- wp:paragraph {\"fontSize\":\"normal\"} --><\/p>\n<p class=\"has-normal-font-size\">Mein Name ist Michael Grinnus neben meiner Arbeit als Freiberuflicher Grafiker und Illustrator erstelle ich auch mit dem Schreiben und Illustrieren von Fantasy- Abenteuer Geschichten f\u00fcr Kinder und Jugendliche. Auf dieser Seite m\u00f6chte ich Ihnen anhand des hier eingebauten Bild-Sliders, einen kleinen Eindruck in meine Arbeiten geben.<\/p>\n<p><!-- \/wp:paragraph --><\/p>\n<p><!-- wp:metaslider\/slider {\"slideshowId\":1890} --><\/p>\n<div class=\"alignnormal\"><div id=\"metaslider-id-2320\" style=\"width: 100%; margin: 0 auto;\" class=\"ml-slider-3-108-0 metaslider metaslider-nivo metaslider-2320 ml-slider border-image has-dots-nav ms-theme-default\" role=\"region\" aria-label=\"Kinder- und Jugendbuch Illustrationen\" data-height=\"512\" data-width=\"900\">\n    <div id=\"metaslider_container_2320\">\n        <div class='slider-wrapper theme-default'><div class='ribbon'><\/div><div id='metaslider_2320' class='nivoSlider'><img loading=\"lazy\" decoding=\"async\" src=\"https:\/\/www.grinnus.de\/wordpress\/wp-content\/uploads\/2020\/11\/onepr_hero_08_nasentrolle1-900x512.jpg\" height=\"512\" width=\"900\" title=\"onepr_hero_08_nasentrolle1\" alt=\"\" class=\"slider-2320 slide-2321 msDefaultImage\" \/><img loading=\"lazy\" decoding=\"async\" src=\"https:\/\/www.grinnus.de\/wordpress\/wp-content\/uploads\/2021\/09\/trolland-by-grinnus.de_indd_01-900x512.jpg\" height=\"512\" width=\"900\" title=\"trolland-by-grinnus.de_indd_01\" alt=\"\" class=\"slider-2320 slide-2322 msDefaultImage\" \/><img loading=\"lazy\" decoding=\"async\" src=\"https:\/\/www.grinnus.de\/wordpress\/wp-content\/uploads\/2021\/09\/HD-Charts_kibus-sonst-u-kita9-900x512.jpg\" height=\"512\" width=\"900\" title=\"HD-Charts_kibus sonst u kita9\" alt=\"\" class=\"slider-2320 slide-2379 msDefaultImage\" \/><img loading=\"lazy\" decoding=\"async\" src=\"https:\/\/www.grinnus.de\/wordpress\/wp-content\/uploads\/2021\/09\/HD-Charts_kibus-sonst-u-kita11-900x512.jpg\" height=\"512\" width=\"900\" title=\"HD-Charts_kibus sonst u kita11\" alt=\"\" class=\"slider-2320 slide-2380 msDefaultImage\" \/><img loading=\"lazy\" decoding=\"async\" src=\"https:\/\/www.grinnus.de\/wordpress\/wp-content\/uploads\/2021\/09\/HD-Charts_kibus-sonst-u-kita10-900x512.jpg\" height=\"512\" width=\"900\" title=\"HD-Charts_kibus sonst u kita10\" alt=\"\" class=\"slider-2320 slide-2381 msDefaultImage\" \/><img loading=\"lazy\" decoding=\"async\" src=\"https:\/\/www.grinnus.de\/wordpress\/wp-content\/uploads\/2021\/09\/HD-Charts_kibus-sonst-u-kita8-900x512.jpg\" height=\"512\" width=\"900\" title=\"HD-Charts_kibus sonst u kita8\" alt=\"\" class=\"slider-2320 slide-2382 msDefaultImage\" \/><img loading=\"lazy\" decoding=\"async\" src=\"https:\/\/www.grinnus.de\/wordpress\/wp-content\/uploads\/2021\/09\/HD-Charts_kibus-sonst-u-kita12-900x512.jpg\" height=\"512\" width=\"900\" title=\"HD-Charts_kibus sonst u kita12\" alt=\"\" class=\"slider-2320 slide-2383 msDefaultImage\" \/><img loading=\"lazy\" decoding=\"async\" src=\"https:\/\/www.grinnus.de\/wordpress\/wp-content\/uploads\/2021\/09\/HD-Charts_kibus-sonst-u-kita14-900x512.jpg\" height=\"512\" width=\"900\" title=\"HD-Charts_kibus sonst u kita14\" alt=\"\" class=\"slider-2320 slide-2384 msDefaultImage\" \/><img loading=\"lazy\" decoding=\"async\" src=\"https:\/\/www.grinnus.de\/wordpress\/wp-content\/uploads\/2021\/09\/HD-Charts_kibus-sonst-u-kita_7-900x512.jpg\" height=\"512\" width=\"900\" title=\"HD-Charts_kibus sonst u kita_7\" alt=\"\" class=\"slider-2320 slide-2385 msDefaultImage\" \/><img loading=\"lazy\" decoding=\"async\" src=\"https:\/\/www.grinnus.de\/wordpress\/wp-content\/uploads\/2021\/09\/HD-Charts_kibus-sonst-u-kita6-900x512.jpg\" height=\"512\" width=\"900\" title=\"HD-Charts_kibus sonst u kita6\" alt=\"\" class=\"slider-2320 slide-2386 msDefaultImage\" \/><img loading=\"lazy\" decoding=\"async\" src=\"https:\/\/www.grinnus.de\/wordpress\/wp-content\/uploads\/2021\/09\/HD-Charts_kibus-sonst-u-kita5-900x512.jpg\" height=\"512\" width=\"900\" title=\"HD-Charts_kibus sonst u kita5\" alt=\"\" class=\"slider-2320 slide-2387 msDefaultImage\" \/><img loading=\"lazy\" decoding=\"async\" src=\"https:\/\/www.grinnus.de\/wordpress\/wp-content\/uploads\/2021\/09\/HD-Charts_kibus-sonst-u-kita4-900x512.jpg\" height=\"512\" width=\"900\" title=\"HD-Charts_kibus sonst u kita4\" alt=\"\" class=\"slider-2320 slide-2388 msDefaultImage\" \/><img loading=\"lazy\" decoding=\"async\" src=\"https:\/\/www.grinnus.de\/wordpress\/wp-content\/uploads\/2021\/09\/cm_weiclipart_video_tmb_kia-900x512.jpg\" height=\"512\" width=\"900\" title=\"cm_weiclipart_video_tmb_kia\" alt=\"\" class=\"slider-2320 slide-2389 msDefaultImage\" \/><img loading=\"lazy\" decoding=\"async\" src=\"https:\/\/www.grinnus.de\/wordpress\/wp-content\/uploads\/2021\/09\/HD-Charts_kibus-sonst-u-kita2-900x512.jpg\" height=\"512\" width=\"900\" title=\"HD-Charts_kibus sonst u kita2\" alt=\"\" class=\"slider-2320 slide-2390 msDefaultImage\" \/><img loading=\"lazy\" decoding=\"async\" src=\"https:\/\/www.grinnus.de\/wordpress\/wp-content\/uploads\/2021\/09\/HD-Charts_kibus-sonst-u-kita-900x512.jpg\" height=\"512\" width=\"900\" title=\"HD-Charts_kibus sonst u kita\" alt=\"\" class=\"slider-2320 slide-2391 msDefaultImage\" \/><img loading=\"lazy\" decoding=\"async\" src=\"https:\/\/www.grinnus.de\/wordpress\/wp-content\/uploads\/2021\/09\/onepr_slider3_2div6wilblebkuch-900x512.jpg\" height=\"512\" width=\"900\" title=\"onepr_slider3_2div6wilblebkuch\" alt=\"\" class=\"slider-2320 slide-2392 msDefaultImage\" \/><img loading=\"lazy\" decoding=\"async\" src=\"https:\/\/www.grinnus.de\/wordpress\/wp-content\/uploads\/2021\/09\/onepr_slider3_2div7wilbeiverstck-900x512.jpg\" height=\"512\" width=\"900\" title=\"onepr_slider3_2div7wilbeiverstck\" alt=\"\" class=\"slider-2320 slide-2393 msDefaultImage\" \/><img loading=\"lazy\" decoding=\"async\" src=\"https:\/\/www.grinnus.de\/wordpress\/wp-content\/uploads\/2021\/09\/onepr_slider2_Leopold1-900x512.jpg\" height=\"512\" width=\"900\" title=\"onepr_slider2_Leopold1\" alt=\"\" class=\"slider-2320 slide-2394 msDefaultImage\" \/><img loading=\"lazy\" decoding=\"async\" src=\"https:\/\/www.grinnus.de\/wordpress\/wp-content\/uploads\/2021\/09\/onepr_slider2_Leopold2-900x512.jpg\" height=\"512\" width=\"900\" title=\"onepr_slider2_Leopold2\" alt=\"\" class=\"slider-2320 slide-2395 msDefaultImage\" \/><img loading=\"lazy\" decoding=\"async\" src=\"https:\/\/www.grinnus.de\/wordpress\/wp-content\/uploads\/2021\/09\/onepr_slider2_Vobi3d_1-900x512.jpg\" height=\"512\" width=\"900\" title=\"onepr_slider2_Vobi3d_1\" alt=\"\" class=\"slider-2320 slide-2396 msDefaultImage\" \/><img loading=\"lazy\" decoding=\"async\" src=\"https:\/\/www.grinnus.de\/wordpress\/wp-content\/uploads\/2020\/11\/onepr_slider_Matti-Piet-900x512.jpg\" height=\"512\" width=\"900\" title=\"onepr_slider_Matti-Piet\" alt=\"\" class=\"slider-2320 slide-2397 msDefaultImage\" \/><img loading=\"lazy\" decoding=\"async\" src=\"https:\/\/www.grinnus.de\/wordpress\/wp-content\/uploads\/2020\/11\/onepr_slider_Loewe_merchandise-900x512.jpg\" height=\"512\" width=\"900\" title=\"onepr_slider_Loewe_merchandise\" alt=\"\" class=\"slider-2320 slide-2398 msDefaultImage\" \/><img loading=\"lazy\" decoding=\"async\" src=\"https:\/\/www.grinnus.de\/wordpress\/wp-content\/uploads\/2020\/11\/onepr_slider_friisirobbe-900x512.jpg\" height=\"512\" width=\"900\" title=\"onepr_slider_friisirobbe\" alt=\"\" class=\"slider-2320 slide-2399 msDefaultImage\" \/><img loading=\"lazy\" decoding=\"async\" src=\"https:\/\/www.grinnus.de\/wordpress\/wp-content\/uploads\/2020\/11\/onepr_slider_abenteuer-seifenbla-900x512.jpg\" height=\"512\" width=\"900\" title=\"onepr_slider_abenteuer-seifenbla\" alt=\"\" class=\"slider-2320 slide-2400 msDefaultImage\" \/><img loading=\"lazy\" decoding=\"async\" src=\"https:\/\/www.grinnus.de\/wordpress\/wp-content\/uploads\/2020\/11\/onepr_slider_13_silhoudog-900x512.jpg\" height=\"512\" width=\"900\" title=\"onepr_slider_13_silhoudog\" alt=\"\" class=\"slider-2320 slide-2401 msDefaultImage\" \/><img loading=\"lazy\" decoding=\"async\" src=\"https:\/\/www.grinnus.de\/wordpress\/wp-content\/uploads\/2020\/11\/onepr_slider_12_peterchens-Mondfahrt-900x512.jpg\" height=\"512\" width=\"900\" title=\"onepr_slider_12_peterchens-Mondfahrt\" alt=\"\" class=\"slider-2320 slide-2402 msDefaultImage\" \/><img loading=\"lazy\" decoding=\"async\" src=\"https:\/\/www.grinnus.de\/wordpress\/wp-content\/uploads\/2020\/11\/onepr_hero_08_nasentrolle1-900x512.jpg\" height=\"512\" width=\"900\" title=\"onepr_hero_08_nasentrolle1\" alt=\"\" class=\"slider-2320 slide-2403 msDefaultImage\" \/><\/div><\/div>\n        \n    <\/div>\n<\/div><\/div>\n<div>\u00a0<\/div>\n<div>\u00a0<\/div>\n<p><!-- \/wp:metaslider\/slider --><\/p>\n<p><!-- wp:paragraph {\"style\":{\"typography\":{\"fontSize\":25}}} \/--><\/p>\n<p><!-- wp:paragraph {\"fontSize\":\"normal\"} \/--><\/p>\n<h3>Meine Geschichten entf\u00fchren in andere Welten.<\/h3>\n<p><!-- \/wp:metaslider\/slider --><\/p>\n<p><!-- wp:paragraph {\"fontSize\":\"normal\"} --><\/p>\n<p class=\"has-normal-font-size\">Einmal ein eigen Geschichte oder ein Kinder- oder Jugendbuch zu erdenken zu Texten und zu illustrieren verfolgt mich schon seit meinem Studium f\u00fcr Illustration &#8211; und Kommunikationsdesign.<\/p>\n<p><!-- \/wp:paragraph --><\/p>\n<p><!-- wp:paragraph {\"fontSize\":\"normal\"} --><\/p>\n<p class=\"has-normal-font-size\">Nach vielen Arbeiten f\u00fcr die Werbung und Kommunikation m\u00f6chte ich dieses Projekt jetzt endlich bis zum fertigen Buch realisieren.<\/p>\n<p><!-- \/wp:paragraph --><\/p>\n<p><!-- wp:paragraph {\"fontSize\":\"normal\"} \/--><\/p>\n<p><!-- wp:paragraph {\"fontSize\":\"normal\"} --><\/p>\n<p class=\"has-normal-font-size\">Wenn Sie Interesse oder Fragen haben, oder vielleicht mit mir zusammenarbeiten m\u00f6chten, so schreiben Sie mir gerne eine E-Mail an: grinnus(at)grinnus.de<\/p>\n<p><!-- \/wp:paragraph --><\/p>\n<p><!-- wp:paragraph {\"fontSize\":\"normal\"} --><\/p>\n<p class=\"has-normal-font-size\">Viele Gr\u00fc\u00dfe, Michael Grinnus<\/p>","protected":false},"excerpt":{"rendered":"<p>Buchillustrationen f\u00fcr Kinderb\u00fccher Ich erstelle Illustrationen und Storys f\u00fcr Jugend- und Kinderb\u00fccher ab 4 Jahren Mein Name ist Michael Grinnus neben meiner Arbeit als Freiberuflicher Grafiker und Illustrator erstelle ich &#8230;<\/p>\n","protected":false},"author":1,"featured_media":0,"parent":0,"menu_order":15,"comment_status":"closed","ping_status":"closed","template":"","meta":{"footnotes":""},"class_list":["post-2328","page","type-page","status-publish","hentry"],"_links":{"self":[{"href":"https:\/\/www.grinnus.de\/wordpress\/wp-json\/wp\/v2\/pages\/2328","targetHints":{"allow":["GET"]}}],"collection":[{"href":"https:\/\/www.grinnus.de\/wordpress\/wp-json\/wp\/v2\/pages"}],"about":[{"href":"https:\/\/www.grinnus.de\/wordpress\/wp-json\/wp\/v2\/types\/page"}],"author":[{"embeddable":true,"href":"https:\/\/www.grinnus.de\/wordpress\/wp-json\/wp\/v2\/users\/1"}],"replies":[{"embeddable":true,"href":"https:\/\/www.grinnus.de\/wordpress\/wp-json\/wp\/v2\/comments?post=2328"}],"version-history":[{"count":14,"href":"https:\/\/www.grinnus.de\/wordpress\/wp-json\/wp\/v2\/pages\/2328\/revisions"}],"predecessor-version":[{"id":4019,"href":"https:\/\/www.grinnus.de\/wordpress\/wp-json\/wp\/v2\/pages\/2328\/revisions\/4019"}],"wp:attachment":[{"href":"https:\/\/www.grinnus.de\/wordpress\/wp-json\/wp\/v2\/media?parent=2328"}],"curies":[{"name":"wp","href":"https:\/\/api.w.org\/{rel}","templated":true}]}}