{"id":2132,"date":"2020-12-17T19:28:50","date_gmt":"2020-12-17T17:28:50","guid":{"rendered":"http:\/\/www.grinnus.de\/wordpress\/?page_id=2132"},"modified":"2025-05-24T15:02:03","modified_gmt":"2025-05-24T13:02:03","slug":"figurengalerie-1","status":"publish","type":"page","link":"https:\/\/www.grinnus.de\/wordpress\/figurengalerie-1\/","title":{"rendered":"TT classic html Galerie Test"},"content":{"rendered":"<h2>Figuren und Cartoons (Classic-Galerie)<\/h2>\n\n\n<!DOCTYPE HTML PUBLIC \"-\/\/W3C\/\/DTD HTML 4.0 Transitional\/\/EN\">\n<html><head>\n<title>Grinnus.de \/ Cartoon- Galerie 1<\/title>\n<meta http-equiv=\"content-type\" content=\"text\/html;charset=iso-8859-1\"\/>\n        \n       \n        <link rel=\"stylesheet\" type=\"text\/css\" href=\"..\/..\/html\/grinn.css\"\/>\n\t\n\t<script src=\"..\/..\/html\/grinnjs.js\" type=\"text\/javascript\"><\/script>\n        <style type=\"text\/css\">\n<\/style>\n<\/head>\n\n<body bgcolor=\"#FFFFFF\" class=\"white\" onUnload=\"CheckOpen()\">\n<center>\n<table width=\"98%\" height=\"98%\" border=\"0\" cellspacing=\"0\" cellpadding=\"0\">\n<!-- start -->\n<tbody><tr>\n<td height=\"30\" colspan=\"2\">&nbsp;<\/td>\n<\/tr>\n<tr>\n<td width=\"60%\" align=\"center\" valign=\"middle\" rowspan=\"2\"><img decoding=\"async\" src=\"..\/..\/html\/toontown\/toons_img\/tt_01_01k.jpg\" alt=\"TT_01_01\" border=\"0\/\"\/><\/td>\n<td width=\"40%\" align=\"left\" valign=\"middle\" class=\"mainhead\">\n<span style=\"text-decoration:underline\">Eisb\u00e4r, Pinguin, Rentier<\/span><\/td>\n<\/tr>\n<tr>\n<td width=\"165\" align=\"left\" valign=\"top\" class=\"mainfliess\">\nEntw\u00fcrfe f\u00fcr ein Winterpack von Hanuta-Waffeln (1).\n<p>Kunde: ferrero \/ Hanuta<\/p>\n<p>Agentur: Synergie Konzept<\/p>\n<p><a href=\"javascript:docwindow('https:\/\/www.grinnus.de\/html\/toontown\/toons_img\/tt_01_01.jpg','611','370')\"><span style=\"text-decoration:underline\">Vergr\u00f6\u00dfern<br \/>\n<\/span><\/a>\n<a href=\"javascript:docwindow('https:\/\/www.grinnus.de\/html\/toontown\/galerien\/hanutaillus_1\/index.htm','800','550')\"><span style=\"text-decoration:underline\">Illustrationsgalerie 1 ansehen<\/span><\/a><\/p>\n<p><\/p><\/td>\n<\/tr>\n<tr>\n<td width=\"165\" align=\"left\" valign=\"top\" class=\"mainfliess\"><\/td>\n<\/tr>\n<tr>\n<td height=\"30\" colspan=\"2\">&nbsp;<\/td>\n<\/tr>\n<tr>\n<td colspan=\"2\"><\/td>\n<\/tr>\n<!-- start -->\n<tr>\n<td height=\"30\" colspan=\"2\">&nbsp;<\/td>\n<\/tr>\n<tr>\n<td width=\"60%\" align=\"center\" valign=\"middle\" rowspan=\"2\">\n<img decoding=\"async\" src=\"..\/..\/html\/toontown\/toons_img\/tt_01_02k.jpg\" border=\"0\" alt=\"tt_01_02k\"\/><\/td>\n<td width=\"40%\" align=\"left\" valign=\"middle\" class=\"mainhead\">\n<span style=\"text-decoration:underline\">Eisb\u00e4r, Pinguin, Rentier<br \/>\n<\/span><\/td>\n<\/tr>\n<tr>\n<td width=\"165\" align=\"left\" valign=\"top\" class=\"mainfliess\">\nEntw\u00fcrfe f\u00fcr ein Winterpack von Hanuta-Waffeln (2).\n<p>Kunde: ferrero \/ Hanuta<\/p>\n<p>Agentur: Synergie Konzept<\/p>\n<p><a href=\"javascript:cardwindow('..\/..\/html\/toontown\/toons_img\/tt_01_02.jpg-ffffff','425','387','#ffffff')\"><span style=\"text-decoration:underline\">Vergr\u00f6\u00dfern <\/span><\/a><a href=\"javascript:cardwindow('..\/..\/html\/toontown\/toons_img\/tt_01_01.jpg-ffffff','611','370','#ffffff')\"><span style=\"text-decoration:underline\"><br \/>\n<\/span><\/a><a href=\"javascript:cardwindow('..\/..\/html\/toontown\/toons_img\/tt_01_01.jpg-ffffff','611','370','#ffffff')\"><span style=\"text-decoration:underline\"><\/span><\/a><a href=\"javascript:docwindow('..\/..\/html\/toontown\/galerien\/Hanutapacks\/index.htm','800','550')\"><span style=\"text-decoration:underline\">Packungen ansehen<\/span><\/a><\/p><\/td>\n<\/tr>\n<tr>\n<td height=\"30\" colspan=\"2\">&nbsp;<\/td>\n<\/tr>\n<tr>\n<td colspan=\"2\"><\/td>\n<\/tr>\n<!-- start -->\n<tr>\n<td height=\"30\" colspan=\"2\">&nbsp;<\/td>\n<\/tr>\n<tr>\n<td width=\"60%\" align=\"center\" valign=\"middle\" rowspan=\"2\">\n<img decoding=\"async\" src=\"..\/..\/html\/toontown\/toons_img\/tt_01_03k.jpg\" border=\"0\" alt=\"tt_01_03k\"\/><\/td>\n<td width=\"40%\" align=\"left\" valign=\"middle\" class=\"mainhead\">\n<span style=\"text-decoration:underline\">Eisb\u00e4r, Pinguin, Rentier<\/span><\/td>\n<\/tr>\n<tr>\n<td width=\"165\" align=\"left\" valign=\"top\" class=\"mainfliess\">\nEntw\u00fcrfe f\u00fcr ein Winterpack von Hanuta-Waffeln (3)\n<p>Kunde: ferrero \/ Hanuta<\/p>\n<p>Agentur: Synergie Konzept<\/p>\n<p><a href=\"javascript:cardwindow('..\/..\/html\/toontown\/toons_img\/tt_01_03.jpg-ffffff','624','372','#ffffff')\"><span style=\"text-decoration:underline\">Vergr\u00f6\u00dfern<\/span><\/a><br \/>\n<a href=\"javascript:cardwindow('..\/..\/html\/toontown\/toons_img\/tt_01_01.jpg-ffffff','611','370','#ffffff')\"><span style=\"text-decoration:underline\"><br \/>\n<\/span><\/a><a href=\"javascript:docwindow('..\/toontown\/galerien\/hanutaillus_2\/index.htm','800','550')\"><span style=\"text-decoration:underline\">Illustrationsgalerie 2 ansehen<\/span><\/a><br \/>\n<\/p><\/td>\n<\/tr>\n<tr>\n<td height=\"30\" colspan=\"2\">&nbsp;<\/td>\n<\/tr>\n<!-- start -->\n<tr>\n<td colspan=\"2\"><img decoding=\"async\" src=\"..\/greypx.gif\" border=\"0\" height=\"1\" width=\"100%\" alt=\"\"\/><\/td>\n<\/tr>\n<tr>\n<td height=\"30\" colspan=\"2\">&nbsp;<\/td>\n<\/tr>\n<tr>\n<td width=\"60%\" align=\"center\" valign=\"middle\" rowspan=\"2\">\n<img decoding=\"async\" src=\"toons_img\/tt_01_04k.jpg\" border=\"0\" alt=\"tt_01_04k\"\/><\/td>\n<td width=\"40%\" align=\"left\" valign=\"middle\" class=\"mainhead\">\n<span style=\"text-decoration:underline\">Chippy<br \/>\n<\/span><\/td>\n<\/tr>\n<tr>\n<td width=\"165\" align=\"left\" valign=\"top\" class=\"mainfliess\">\nDer kleine rote Alien mit seiner Flug-CD. Figuren u. Weltenentw\u00fcrfe f\u00fcr<br \/>\nden werblichen Einsatz.\n<p>Kunde: Vogel Burda \/ Chip<\/p>\n<p>Agentur: Frahm und Wandelt<\/p>\n<p><a href=\"javascript:cardwindow('toontown\/toons_img\/tt_01_04.jpg-ffffff','529','342','#ffffff')\"><span style=\"text-decoration:underline\">Vergr\u00f6\u00dfern <\/span><\/a><\/p>\n<p><a href=\"javascript:docwindow('..\/toontown\/galerien\/chippy_newslett\/index.htm','850','750')\"><span style=\"text-decoration:underline\">Chippy Newsletterillus \/ Galerie ansehen<\/span><\/a><br \/>\n<a href=\"javascript:docwindow('..\/toontown\/galerien\/chippy_figs\/index.htm','850','750')\"><span style=\"text-decoration:underline\">Chippy Illus \/ Galerie ansehen<\/span><\/a><\/p><\/td>\n<\/tr>\n<tr>\n<td height=\"30\" colspan=\"2\">&nbsp;<\/td>\n<\/tr>\n<!-- start -->\n<tr>\n<td colspan=\"2\"><img decoding=\"async\" src=\"..\/greypx.gif\" border=\"0\" height=\"1\" width=\"100%\" alt=\"\"\/><\/td>\n<\/tr>\n<tr>\n<td height=\"30\" colspan=\"2\">&nbsp;<\/td>\n<\/tr>\n<tr>\n<td width=\"60%\" align=\"center\" valign=\"middle\" rowspan=\"2\">\n<img decoding=\"async\" src=\"toons_img\/00tmb_chippystrips.gif\" border=\"0\" alt=\"00tmb_chippystrips\"\/><\/td>\n<td width=\"40%\" align=\"left\" valign=\"middle\" class=\"mainhead\">\n<span style=\"text-decoration:underline\">Chippy Comic-Strips<br \/>\n<\/span><\/td>\n<\/tr>\n<tr>\n<td width=\"165\" align=\"left\" valign=\"top\" class=\"mainfliess\">\nFrechheit siegt. Verschiedene Strips aus der Computerwelt.\n<p>Kunde: Vogel Burda \/ Chip<\/p>\n<p>Agentur: Frahm und Wandelt<\/p>\n<p><a href=\"javascript:docwindow('..\/toontown\/galerien\/chippy_strips\/index.htm','800','550')\"><span style=\"text-decoration:underline\">Chippy Strips \/ Galerie ansehen<\/span><\/a><\/p><\/td>\n<\/tr>\n<tr>\n<td height=\"30\" colspan=\"2\">&nbsp;<\/td>\n<\/tr>\n<!-- start -->\n<tr>\n<td colspan=\"2\"><img decoding=\"async\" src=\"..\/greypx.gif\" border=\"0\" height=\"1\" width=\"100%\" alt=\"\"\/><\/td>\n<\/tr>\n<tr>\n<td height=\"30\" colspan=\"2\">&nbsp;<\/td>\n<\/tr>\n<tr>\n<td width=\"60%\" align=\"center\" valign=\"middle\" rowspan=\"2\">\n<img decoding=\"async\" src=\"toons_img\/tt_01_05k.jpg\" border=\"0\" alt=\"tt_01_05k\"\/><\/td>\n<td width=\"40%\" align=\"left\" valign=\"middle\" class=\"mainhead\">\n<span style=\"text-decoration:underline\">Chippy  goes online<\/span><\/td>\n<\/tr>\n<tr>\n<td width=\"165\" align=\"left\" valign=\"top\" class=\"mainfliess\">\nDiverse Online-Werbemittel.<br \/>\nE-Cards, Screensaver, Web-Banner etc.\n<p>Kunde: Vogel Burda \/ Chip<\/p>\n<p>Agentur: Frahm und Wandelt<\/p>\n<p><a href=\"javascript:cardwindow('toontown\/toons_img\/tt_01_05.jpg-ffffff','533','361','#ffffff')\"><span style=\"text-decoration:underline\">Vergr\u00f6\u00dfern <\/span><\/a><br \/>\nWeitere Arbeitsprobenbefinden sich im Bereich Multimedia &amp;Web<\/p><\/td>\n<\/tr>\n<tr>\n<td height=\"30\" colspan=\"2\">&nbsp;<\/td>\n<\/tr>\n<!-- start -->\n<tr>\n<td colspan=\"2\"><img decoding=\"async\" src=\"..\/greypx.gif\" border=\"0\" height=\"1\" width=\"100%\" alt=\"\"\/><\/td>\n<\/tr>\n<tr>\n<td height=\"30\" colspan=\"2\">&nbsp;<\/td>\n<\/tr>\n<tr>\n<td width=\"60%\" align=\"center\" valign=\"middle\" rowspan=\"2\">\n<img decoding=\"async\" src=\"toons_img\/00tmb_chippy_azs.gif\" border=\"0\" alt=\"00tmb_chippy_azs\"\/><\/td>\n<td width=\"40%\" align=\"left\" valign=\"middle\" class=\"mainhead\">\n<span style=\"text-decoration:underline\"> Chippy goes print<br \/>\n<\/span><\/td>\n<\/tr>\n<tr>\n<td width=\"165\" align=\"left\" valign=\"top\" class=\"mainfliess\">\nEin paar Beispiele f\u00fcr den Printeinsatz\n<p>Kunde: Vogel Burda \/ Chip<\/p>\n<p>Agentur: Frahm und Wandelt<\/p>\n<p><a href=\"javascript:docwindow('..\/toontown\/galerien\/chippy_azs\/index.htm','800','650')\"><span style=\"text-decoration:underline\">Chippy Printbeispiele \/ Galerie ansehen<\/span><\/a><\/p><\/td>\n<\/tr>\n<tr>\n<td height=\"30\" colspan=\"2\">&nbsp;<\/td>\n<\/tr>\n<!-- start -->\n<tr>\n<td colspan=\"2\"><img decoding=\"async\" src=\"..\/greypx.gif\" border=\"0\" height=\"1\" width=\"100%\" alt=\"\"\/><\/td>\n<\/tr>\n<tr>\n<td height=\"30\" colspan=\"2\">&nbsp;<\/td>\n<\/tr>\n<tr>\n<td width=\"60%\" align=\"center\" valign=\"middle\" rowspan=\"2\">\n<img decoding=\"async\" src=\"toons_img\/tt_01_06k.jpg\" border=\"0\" alt=\"tt_01_06k\"\/><\/td>\n<td width=\"40%\" align=\"left\" valign=\"middle\" class=\"mainhead\">\n<span style=\"text-decoration:underline\">Lex Law<br \/>\n<\/span><\/td>\n<\/tr>\n<tr>\n<td width=\"165\" align=\"left\" valign=\"top\" class=\"mainfliess\">\nDer gerissene Anwalt mit der spitzen Feder. Figurenentwurf.\n<p>Kunde: Soldan<\/p>\n<p>Agentur: Frahm und Wandelt<\/p>\n<p><a href=\"javascript:cardwindow('toontown\/toons_img\/tt_01_06.jpg-ffffff','505','383','#ffffff')\"><span style=\"text-decoration:underline\">Vergr\u00f6\u00dfern<\/span><\/a><\/p>\n<p><a href=\"javascript:cardwindow('toontown\/toons_img\/tt_01_06.jpg-ffffff','505','383','#ffffff')\"><span style=\"text-decoration:underline\"><\/span><\/a><br \/>\n<a href=\"javascript:docwindow('..\/toontown\/galerien\/lex_law\/index.htm','800','650')\"><span style=\"text-decoration:underline\">Illustrationsgalerie 1 ansehen<\/span><\/a><\/p><\/td>\n<\/tr>\n<tr>\n<td height=\"30\" colspan=\"2\">&nbsp;<\/td>\n<\/tr>\n<!-- start -->\n<tr>\n<td colspan=\"2\"><img decoding=\"async\" src=\"..\/greypx.gif\" border=\"0\" height=\"1\" width=\"100%\" alt=\"\"\/><\/td>\n<\/tr>\n<tr>\n<td height=\"30\" colspan=\"2\">&nbsp;<\/td>\n<\/tr>\n<tr>\n<td width=\"60%\" align=\"center\" valign=\"middle\" rowspan=\"2\">\n<img decoding=\"async\" src=\"toons_img\/tt_01_07k.jpg\" border=\"0\" alt=\"tt_01_07k\"\/><\/td>\n<td width=\"40%\" align=\"left\" valign=\"middle\" class=\"mainhead\">\n<span style=\"text-decoration:underline\">IHR Sonnenb\u00e4r<\/span><\/td>\n<\/tr>\n<tr>\n<td width=\"165\" align=\"left\" valign=\"top\" class=\"mainfliess\">\nEntwurf und Realisation von neuen Figurenillustrationen f\u00fcr den<br \/>\nwerblichen Einsatz.\n<p>Kunde: IHR Sonnenstudio<\/p>\n<p>Agentur: Frahm und Wandelt<\/p>\n<p><a href=\"javascript:cardwindow('toontown\/toons_img\/tt_01_07.jpg-ffffff','641','371','#ffffff')\"><span style=\"text-decoration:underline\">Vergr\u00f6\u00dfern <\/span><\/a><br \/>\n<a href=\"..\/toontown\/galerien\/sonnbaer\" target=\"blank\" rel=\"noopener\"><span style=\"text-decoration:underline\">Galerie ansehen<\/span><br \/>\n<\/a><\/p><\/td>\n<\/tr>\n<tr>\n<td height=\"30\" colspan=\"2\">&nbsp;<\/td>\n<\/tr>\n<!-- start -->\n<tr>\n<td colspan=\"2\"><img decoding=\"async\" src=\"..\/greypx.gif\" border=\"0\" height=\"1\" width=\"100%\/\"\/><\/td>\n<\/tr>\n<tr>\n<td height=\"30\" colspan=\"2\">&nbsp;<\/td>\n<\/tr>\n<tr>\n<td width=\"60%\" align=\"center\" valign=\"middle\" rowspan=\"2\">\n<img decoding=\"async\" src=\"toons_img\/tt_01_08k.jpg\" border=\"0\" alt=\"tt_01_08k\"\/><\/td>\n<td width=\"40%\" align=\"left\" valign=\"middle\" class=\"mainhead\">\n<span style=\"text-decoration:underline\">Sonnenb\u00e4r<\/span><\/td>\n<\/tr>\n<tr>\n<td width=\"165\" align=\"left\" valign=\"top\" class=\"mainfliess\">\nEntwurf und Realisation von Figurenillustrationen f\u00fcr den werblichen\n<p>Einsatz.<\/p>\n<p>Kunde: IHR Sonnenstudio<\/p>\n<p>Agentur: Frahm und Wandelt<\/p>\n<p><a href=\"javascript:cardwindow('toontown\/toons_img\/tt_01_08.jpg-ffffff','319','416','#ffffff')\"><span style=\"text-decoration:underline\">Vergr\u00f6\u00dfern <\/span><\/a><\/p><\/td>\n<\/tr>\n<tr>\n<td height=\"30\" colspan=\"2\">&nbsp;<\/td>\n<\/tr>\n<!-- start -->\n<tr>\n<td colspan=\"2\"><img decoding=\"async\" src=\"..\/greypx.gif\" border=\"0\" height=\"1\" width=\"100%\" alt=\"\"\/><\/td>\n<\/tr>\n<tr>\n<td height=\"30\" colspan=\"2\">&nbsp;<\/td>\n<\/tr>\n<tr>\n<td width=\"60%\" align=\"center\" valign=\"middle\" rowspan=\"2\">\n<img decoding=\"async\" src=\"toons_img\/tt_01_09k.jpg\" border=\"0\" alt=\"tt_01_09k\"\/><\/td>\n<td width=\"40%\" align=\"left\" valign=\"middle\" class=\"mainhead\">\n<span style=\"text-decoration:underline\">Die heiligen 3 K\u00f6nige<br \/>\n<\/span><\/td>\n<\/tr>\n<tr>\n<td width=\"165\" align=\"left\" valign=\"top\" class=\"mainfliess\">\nFigurenentwicklung und diverse Illustrationen f\u00fcr den Einsatz auf<br \/>\nWeihnachtskarten.\n<p>Kunde: Der Kurier<\/p>\n<p>Agentur: Dietz &amp; Consorten<\/p>\n<p><a href=\"javascript:cardwindow('toontown\/toons_img\/tt_01_09.jpg-ffffff','598','362','#ffffff')\"><span style=\"text-decoration:underline\">Vergr\u00f6\u00dfern <\/span><\/a><\/p><\/td>\n<\/tr>\n<tr>\n<td height=\"30\" colspan=\"2\">&nbsp;<\/td>\n<\/tr>\n<!-- start -->\n<tr>\n<td colspan=\"2\"><img decoding=\"async\" src=\"..\/greypx.gif\" border=\"0\" height=\"1\" width=\"100%\" alt=\"\"\/><\/td>\n<\/tr>\n<tr>\n<td height=\"30\" colspan=\"2\">&nbsp;<\/td>\n<\/tr>\n<tr>\n<td width=\"60%\" align=\"center\" valign=\"middle\" rowspan=\"2\">\n<img decoding=\"async\" src=\"toons_img\/tt_01_10k.jpg\" border=\"0\" alt=\"tt_01_10k\"\/><\/td>\n<td width=\"40%\" align=\"left\" valign=\"middle\" class=\"mainhead\">\n<span style=\"text-decoration:underline\">Renntier<br \/>\n<\/span><\/td>\n<\/tr>\n<tr>\n<td width=\"165\" align=\"left\" valign=\"top\" class=\"mainfliess\">\nFigurenillustrationen f\u00fcr Weihnachten.\n<p>Kunde: Norwegisches Fremdenverkehrsamt<\/p>\n<p>Agentur: Synergie Konzept<\/p>\n<p><a href=\"javascript:cardwindow('toontown\/toons_img\/tt_01_10.jpg-ffffff','822','358','#ffffff')\"><span style=\"text-decoration:underline\">Vergr\u00f6\u00dfern <\/span><\/a><\/p><\/td>\n<\/tr>\n<tr>\n<td height=\"30\" colspan=\"2\">&nbsp;<\/td>\n<\/tr>\n<\/tbody><\/table>\n<p><br \/>\n<br \/>\n<br \/><\/p>\n\n\n<p>[\/vc_column_text][\/vc_column][\/vc_row]<\/p><\/center><\/body><\/html>","protected":false},"excerpt":{"rendered":"<p>Figuren und Cartoons (Classic-Galerie) Grinnus.de \/ Cartoon- Galerie 1 &nbsp; Eisb\u00e4r, Pinguin, Rentier Entw\u00fcrfe f\u00fcr ein Winterpack von Hanuta-Waffeln (1). Kunde: ferrero \/ Hanuta Agentur: Synergie Konzept Vergr\u00f6\u00dfern Illustrationsgalerie 1 &#8230;<\/p>\n","protected":false},"author":1,"featured_media":0,"parent":0,"menu_order":31,"comment_status":"closed","ping_status":"closed","template":"","meta":{"footnotes":""},"class_list":["post-2132","page","type-page","status-publish","hentry"],"_links":{"self":[{"href":"https:\/\/www.grinnus.de\/wordpress\/wp-json\/wp\/v2\/pages\/2132","targetHints":{"allow":["GET"]}}],"collection":[{"href":"https:\/\/www.grinnus.de\/wordpress\/wp-json\/wp\/v2\/pages"}],"about":[{"href":"https:\/\/www.grinnus.de\/wordpress\/wp-json\/wp\/v2\/types\/page"}],"author":[{"embeddable":true,"href":"https:\/\/www.grinnus.de\/wordpress\/wp-json\/wp\/v2\/users\/1"}],"replies":[{"embeddable":true,"href":"https:\/\/www.grinnus.de\/wordpress\/wp-json\/wp\/v2\/comments?post=2132"}],"version-history":[{"count":31,"href":"https:\/\/www.grinnus.de\/wordpress\/wp-json\/wp\/v2\/pages\/2132\/revisions"}],"predecessor-version":[{"id":3902,"href":"https:\/\/www.grinnus.de\/wordpress\/wp-json\/wp\/v2\/pages\/2132\/revisions\/3902"}],"wp:attachment":[{"href":"https:\/\/www.grinnus.de\/wordpress\/wp-json\/wp\/v2\/media?parent=2132"}],"curies":[{"name":"wp","href":"https:\/\/api.w.org\/{rel}","templated":true}]}}