{"id":1938,"date":"2020-11-18T12:40:24","date_gmt":"2020-11-18T10:40:24","guid":{"rendered":"http:\/\/www.grinnus.de\/wordpress\/?page_id=1938"},"modified":"2025-07-12T13:36:56","modified_gmt":"2025-07-12T11:36:56","slug":"erklaervideos-u-storytelling-von-grinnus-de","status":"publish","type":"page","link":"https:\/\/www.grinnus.de\/wordpress\/erklaervideos-u-storytelling-von-grinnus-de\/","title":{"rendered":"sub > Erkl\u00e4rvideos u Storytelling mit slider"},"content":{"rendered":"\n<h2 class=\"wp-block-heading\" id=\"erklarvideos-animation-und-storytelling\">Erkl\u00e4rvideos, Animation und Storytelling<\/h2>\n\n\n\n<p class=\"has-normal-font-size\">Das Erdenken und Entwickeln von Erkl\u00e4rvideos bis hin zur Ausgabe mit Sprecher und Sound ist eines meiner Haupt-Leistungsbereiche und auch eines meiner Steckpferde.<\/p>\n\n\n<div id=\"metaslider-id-3502\" style=\"width: 100%; margin: 0 auto;\" class=\"ml-slider-3-108-0 metaslider metaslider-nivo metaslider-3502 ml-slider border-image has-dots-nav ms-theme-default\" role=\"region\" aria-label=\"Erkl\u00e4rvideos und Storytelling von Grinnus.de\" data-height=\"510\" data-width=\"906\">\n    <div id=\"metaslider_container_3502\">\n        <div class='slider-wrapper theme-default'><div class='ribbon'><\/div><div id='metaslider_3502' class='nivoSlider'><img loading=\"lazy\" decoding=\"async\" src=\"https:\/\/www.grinnus.de\/wordpress\/wp-content\/uploads\/2020\/11\/onepr_video-tmb_storytell_MrDigi1-906x510.jpg\" height=\"510\" width=\"906\" data-caption=\"Erkl&auml;rvideos und Storytelling von Grinnus.de &ndash;&nbsp;Sie m&uuml;ssen schon zeigen, was Sie drauf haben\" title=\"onepr_video-tmb_storytell_MrDigi1\" alt=\"Erkl\u00e4rvideos und Storytelling von grinnus.de\" class=\"slider-3502 slide-3503 msDefaultImage\" \/><\/div><\/div>\n        \n    <\/div>\n<\/div>\n\n\n\n<p><\/p>\n\n\n\n<p class=\"has-normal-font-size\">Videos erh\u00f6hen die Sichtbarkeit im Internet und k\u00f6nnen Sachverhalte schnell und unterhaltsam kommunizieren. Es gibt viele M\u00f6glichkeiten f\u00fcr jeden Geldbeutel. Von der einfachen Schiebe-Animation<br \/>bis hin zur Vollanimation mit unterschiedlichsten Effekten und Blenden. Sprechen Sie mich an.<\/p>\n\n\n\n<h5 class=\"wp-block-heading\" id=\"hamburg-040-38610135-michael-grinnus\"><strong>Hamburg 040 \/ 38610135 (Michael Grinnus)<\/strong><\/h5>\n\n\n<div class=\"shariff shariff-align-left shariff-widget-align-left\" style=\"display:none\" data-services=\"facebook\" data-url=\"https:\/\/www.grinnus.de\/wordpress\/erklaervideos-u-storytelling-von-grinnus-de\/\" data-timestamp=\"1752327416\" data-hidezero=\"1\" data-backendurl=\"https:\/\/www.grinnus.de\/wordpress\/wp-json\/shariff\/v1\/share_counts?\"><div class=\"ShariffHeadline\">Beitrag teilen<\/div><ul class=\"shariff-buttons theme-round orientation-horizontal buttonsize-medium\"><li class=\"shariff-button linkedin shariff-nocustomcolor\" style=\"background-color:#1488bf\"><a href=\"https:\/\/www.linkedin.com\/sharing\/share-offsite\/?url=https%3A%2F%2Fwww.grinnus.de%2Fwordpress%2Ferklaervideos-u-storytelling-von-grinnus-de%2F\" title=\"Bei LinkedIn teilen\" aria-label=\"Bei LinkedIn teilen\" role=\"button\" rel=\"noopener nofollow\" class=\"shariff-link\" style=\"; background-color:#0077b5; color:#fff\" target=\"_blank\"><span class=\"shariff-icon\" style=\"\"><svg width=\"32px\" height=\"20px\" xmlns=\"http:\/\/www.w3.org\/2000\/svg\" viewBox=\"0 0 27 32\"><path fill=\"#0077b5\" d=\"M6.2 11.2v17.7h-5.9v-17.7h5.9zM6.6 5.7q0 1.3-0.9 2.2t-2.4 0.9h0q-1.5 0-2.4-0.9t-0.9-2.2 0.9-2.2 2.4-0.9 2.4 0.9 0.9 2.2zM27.4 18.7v10.1h-5.9v-9.5q0-1.9-0.7-2.9t-2.3-1.1q-1.1 0-1.9 0.6t-1.2 1.5q-0.2 0.5-0.2 1.4v9.9h-5.9q0-7.1 0-11.6t0-5.3l0-0.9h5.9v2.6h0q0.4-0.6 0.7-1t1-0.9 1.6-0.8 2-0.3q3 0 4.9 2t1.9 6z\"\/><\/svg><\/span><\/a><\/li><li class=\"shariff-button xing shariff-nocustomcolor\" style=\"background-color:#29888a\"><a href=\"https:\/\/www.xing.com\/spi\/shares\/new?url=https%3A%2F%2Fwww.grinnus.de%2Fwordpress%2Ferklaervideos-u-storytelling-von-grinnus-de%2F\" title=\"Bei XING teilen\" aria-label=\"Bei XING teilen\" role=\"button\" rel=\"noopener nofollow\" class=\"shariff-link\" style=\"; background-color:#126567; color:#fff\" target=\"_blank\"><span class=\"shariff-icon\" style=\"\"><svg width=\"32px\" height=\"20px\" xmlns=\"http:\/\/www.w3.org\/2000\/svg\" viewBox=\"0 0 25 32\"><path fill=\"#126567\" d=\"M10.7 11.9q-0.2 0.3-4.6 8.2-0.5 0.8-1.2 0.8h-4.3q-0.4 0-0.5-0.3t0-0.6l4.5-8q0 0 0 0l-2.9-5q-0.2-0.4 0-0.7 0.2-0.3 0.5-0.3h4.3q0.7 0 1.2 0.8zM25.1 0.4q0.2 0.3 0 0.7l-9.4 16.7 6 11q0.2 0.4 0 0.6-0.2 0.3-0.6 0.3h-4.3q-0.7 0-1.2-0.8l-6-11.1q0.3-0.6 9.5-16.8 0.4-0.8 1.2-0.8h4.3q0.4 0 0.5 0.3z\"\/><\/svg><\/span><\/a><\/li><li class=\"shariff-button facebook shariff-nocustomcolor\" style=\"background-color:#4273c8\"><a href=\"https:\/\/www.facebook.com\/sharer\/sharer.php?u=https%3A%2F%2Fwww.grinnus.de%2Fwordpress%2Ferklaervideos-u-storytelling-von-grinnus-de%2F\" title=\"Bei Facebook teilen\" aria-label=\"Bei Facebook teilen\" role=\"button\" rel=\"nofollow\" class=\"shariff-link\" style=\"; background-color:#3b5998; color:#fff\" target=\"_blank\"><span class=\"shariff-icon\" style=\"\"><svg width=\"32px\" height=\"20px\" xmlns=\"http:\/\/www.w3.org\/2000\/svg\" viewBox=\"0 0 18 32\"><path fill=\"#3b5998\" d=\"M17.1 0.2v4.7h-2.8q-1.5 0-2.1 0.6t-0.5 1.9v3.4h5.2l-0.7 5.3h-4.5v13.6h-5.5v-13.6h-4.5v-5.3h4.5v-3.9q0-3.3 1.9-5.2t5-1.8q2.6 0 4.1 0.2z\"\/><\/svg><\/span><span data-service=\"facebook\" style=\"color:#3b5998\" class=\"shariff-count shariff-hidezero\"><\/span>&nbsp;<\/a><\/li><li class=\"shariff-button mailto shariff-nocustomcolor\" style=\"background-color:#a8a8a8\"><a href=\"mailto:?body=https%3A%2F%2Fwww.grinnus.de%2Fwordpress%2Ferklaervideos-u-storytelling-von-grinnus-de%2F&subject=sub%20%3E%20Erkl%C3%A4rvideos%20u%20Storytelling%20mit%20slider\" title=\"Per E-Mail versenden\" aria-label=\"Per E-Mail versenden\" role=\"button\" rel=\"noopener nofollow\" class=\"shariff-link\" style=\"; background-color:#999; color:#fff\"><span class=\"shariff-icon\" style=\"\"><svg width=\"32px\" height=\"20px\" xmlns=\"http:\/\/www.w3.org\/2000\/svg\" viewBox=\"0 0 32 32\"><path fill=\"#999\" d=\"M32 12.7v14.2q0 1.2-0.8 2t-2 0.9h-26.3q-1.2 0-2-0.9t-0.8-2v-14.2q0.8 0.9 1.8 1.6 6.5 4.4 8.9 6.1 1 0.8 1.6 1.2t1.7 0.9 2 0.4h0.1q0.9 0 2-0.4t1.7-0.9 1.6-1.2q3-2.2 8.9-6.1 1-0.7 1.8-1.6zM32 7.4q0 1.4-0.9 2.7t-2.2 2.2q-6.7 4.7-8.4 5.8-0.2 0.1-0.7 0.5t-1 0.7-0.9 0.6-1.1 0.5-0.9 0.2h-0.1q-0.4 0-0.9-0.2t-1.1-0.5-0.9-0.6-1-0.7-0.7-0.5q-1.6-1.1-4.7-3.2t-3.6-2.6q-1.1-0.7-2.1-2t-1-2.5q0-1.4 0.7-2.3t2.1-0.9h26.3q1.2 0 2 0.8t0.9 2z\"\/><\/svg><\/span><\/a><\/li><\/ul><\/div>\n\n\n\n<h2 class=\"wp-block-heading\"><br \/>Es folgen ein paar Beispiele<\/h2>\n\n\n\n<p>Erkl\u00e4rvideo f\u00fcr ein digitales Elektroanlagen-Verwaltungssystem<\/p>\n\n\n<p><iframe loading=\"lazy\" title=\"Erkl\u00e4rvideo &quot;Die Pr\u00fcfer&quot; und die digitale Elektrodatenverwaltung\" width=\"880\" height=\"495\" src=\"https:\/\/www.youtube.com\/embed\/sF2gq8HPWcY?feature=oembed\" frameborder=\"0\" allow=\"accelerometer; autoplay; clipboard-write; encrypted-media; gyroscope; picture-in-picture; web-share\" allowfullscreen><\/iframe><\/p>\n\n\n\n<p><\/p>\n\n\n\n<p><br \/>Erkl\u00e4rvideo f\u00fcr ein Alt\u00f6lgebinde Entsorgungsunternehmen<\/p>\n\n\n<p><iframe loading=\"lazy\" title=\"Erkl\u00e4rvideo &quot;Richtiges sammeln von \u00d6lgebinden&quot;\" width=\"906\" height=\"510\" src=\"https:\/\/www.youtube.com\/embed\/Hc9kwTYTYco?feature=oembed\" frameborder=\"0\" allow=\"accelerometer; autoplay; clipboard-write; encrypted-media; gyroscope; picture-in-picture; web-share\" allowfullscreen><\/iframe><\/p>\n\n\n\n<p><br \/>Erkl\u00e4rvideo f\u00fcr ein Alt\u00f6lgebinde Entsorgungsunternehmen<\/p>\n\n\n<p><iframe loading=\"lazy\" title=\"Erkl\u00e4rvideo &quot;Recycling von alten \u00d6lgebinden&quot;\" width=\"906\" height=\"510\" src=\"https:\/\/www.youtube.com\/embed\/PUdd8KUaHPc?feature=oembed\" frameborder=\"0\" allow=\"accelerometer; autoplay; clipboard-write; encrypted-media; gyroscope; picture-in-picture; web-share\" allowfullscreen><\/iframe><\/p>\n\n\n\n<p><br \/>Erkl\u00e4rvideo f\u00fcr Softbr\u00f6d von Harry Brot<\/p>\n\n\n<p><iframe loading=\"lazy\" title=\"Erkl\u00e4rvideo &quot;Softbr\u00f6d von Harry&quot;\" width=\"906\" height=\"510\" src=\"https:\/\/www.youtube.com\/embed\/IVNOXb7kotM?feature=oembed\" frameborder=\"0\" allow=\"accelerometer; autoplay; clipboard-write; encrypted-media; gyroscope; picture-in-picture; web-share\" allowfullscreen><\/iframe><\/p>\n\n\n\n<p><br \/>Erkl\u00e4rvideo f\u00fcr Micro-Cams von Panasonic<\/p>\n\n\n<p><iframe loading=\"lazy\" title=\"Erkl\u00e4rvideo &quot;PAN.. MikroCams&quot;\" width=\"906\" height=\"510\" src=\"https:\/\/www.youtube.com\/embed\/YdJK3ZY8whQ?feature=oembed\" frameborder=\"0\" allow=\"accelerometer; autoplay; clipboard-write; encrypted-media; gyroscope; picture-in-picture; web-share\" allowfullscreen><\/iframe><\/p>\n\n\n\n<p><\/p>\n\n\n\n<p><br \/>Erkl\u00e4rvideo f\u00fcr das Telefonanruf-Abwehrsystem von Telprotector<\/p>\n\n\n<p><iframe loading=\"lazy\" title=\"Erkl\u00e4rvideo &quot;Telprotector \/ Aufbau&quot;\" width=\"906\" height=\"510\" src=\"https:\/\/www.youtube.com\/embed\/-ti1IAHkeTg?feature=oembed\" frameborder=\"0\" allow=\"accelerometer; autoplay; clipboard-write; encrypted-media; gyroscope; picture-in-picture; web-share\" allowfullscreen><\/iframe><\/p>\n\n\n\n<p><br \/>Erkl\u00e4rvideo zum Kommunikation von Preisneuheiten &gt; LZ Catering (Lufthansa)<\/p>\n\n\n<p><iframe loading=\"lazy\" title=\"Erkl\u00e4rvideo &quot;Preis\u00e4nderungen im Kantinenbereich&quot;\" width=\"906\" height=\"510\" src=\"https:\/\/www.youtube.com\/embed\/dLhE6w6_os8?feature=oembed\" frameborder=\"0\" allow=\"accelerometer; autoplay; clipboard-write; encrypted-media; gyroscope; picture-in-picture; web-share\" allowfullscreen><\/iframe><\/p>\n\n\n\n<p><\/p>\n\n\n\n<p><br \/>Erkl\u00e4rvideo Leistungsspektrum von Michael Grinnus 1&gt; Eigenwerbefilm von grinnus.de<\/p>\n\n\n<p><iframe loading=\"lazy\" title=\"Erkl\u00e4rvideo &quot;Eigenwerbung Grinnus 2012&quot;\" width=\"906\" height=\"510\" src=\"https:\/\/www.youtube.com\/embed\/xDk-j65jbvE?feature=oembed\" frameborder=\"0\" allow=\"accelerometer; autoplay; clipboard-write; encrypted-media; gyroscope; picture-in-picture; web-share\" allowfullscreen><\/iframe><\/p>\n\n\n\n<p><br \/>Wie w\u00e4rs mal mit ein paar wilden Tieren? &gt; Eigenwerbefilm von grinnus.de<\/p>\n\n\n<p><iframe loading=\"lazy\" title=\"Erkl\u00e4rvideo &quot;Wilde Tiere&quot;\" width=\"906\" height=\"510\" src=\"https:\/\/www.youtube.com\/embed\/zUuMBRAoM4o?feature=oembed\" frameborder=\"0\" allow=\"accelerometer; autoplay; clipboard-write; encrypted-media; gyroscope; picture-in-picture; web-share\" allowfullscreen><\/iframe><\/p>\n\n\n\n<p><\/p>\n\n\n\n<p><br \/><br \/>Besuchen Sie auch meinen YouTube Erkl\u00e4rvideo Kanal:<br \/><a href=\"https:\/\/www.grinnus.de\/youtube\">grinnus.de\/youtube<\/a><\/p>\n","protected":false},"excerpt":{"rendered":"<p>Erkl\u00e4rvideos, Animation und Storytelling Das Erdenken und Entwickeln von Erkl\u00e4rvideos bis hin zur Ausgabe mit Sprecher und Sound ist eines meiner Haupt-Leistungsbereiche und auch eines meiner Steckpferde. Videos erh\u00f6hen die &#8230;<\/p>\n","protected":false},"author":1,"featured_media":0,"parent":0,"menu_order":24,"comment_status":"closed","ping_status":"closed","template":"","meta":{"footnotes":""},"class_list":["post-1938","page","type-page","status-publish","hentry"],"_links":{"self":[{"href":"https:\/\/www.grinnus.de\/wordpress\/wp-json\/wp\/v2\/pages\/1938","targetHints":{"allow":["GET"]}}],"collection":[{"href":"https:\/\/www.grinnus.de\/wordpress\/wp-json\/wp\/v2\/pages"}],"about":[{"href":"https:\/\/www.grinnus.de\/wordpress\/wp-json\/wp\/v2\/types\/page"}],"author":[{"embeddable":true,"href":"https:\/\/www.grinnus.de\/wordpress\/wp-json\/wp\/v2\/users\/1"}],"replies":[{"embeddable":true,"href":"https:\/\/www.grinnus.de\/wordpress\/wp-json\/wp\/v2\/comments?post=1938"}],"version-history":[{"count":34,"href":"https:\/\/www.grinnus.de\/wordpress\/wp-json\/wp\/v2\/pages\/1938\/revisions"}],"predecessor-version":[{"id":4646,"href":"https:\/\/www.grinnus.de\/wordpress\/wp-json\/wp\/v2\/pages\/1938\/revisions\/4646"}],"wp:attachment":[{"href":"https:\/\/www.grinnus.de\/wordpress\/wp-json\/wp\/v2\/media?parent=1938"}],"curies":[{"name":"wp","href":"https:\/\/api.w.org\/{rel}","templated":true}]}}