{"id":1912,"date":"2020-11-17T17:36:26","date_gmt":"2020-11-17T15:36:26","guid":{"rendered":"http:\/\/www.grinnus.de\/wordpress\/?page_id=1912"},"modified":"2025-05-26T18:45:08","modified_gmt":"2025-05-26T16:45:08","slug":"grinnycards-werbemittel-von-print-bis-web-2","status":"publish","type":"page","link":"https:\/\/www.grinnus.de\/wordpress\/grinnycards-werbemittel-von-print-bis-web-2\/","title":{"rendered":"sub > GC startseite"},"content":{"rendered":"\n<h2 class=\"wp-block-heading\">Individuelle Gru\u00dfmotive f\u00fcr Ihre Firma!<\/h2>\n\n\n\n<h3 class=\"wp-block-heading\">GrinnyCards \u2013 das sind individuell f\u00fcr Ihre Firma gestaltete Gruss-Motive f\u00fcr den Einsatz auf Werbemitteln sowie Print- und Internetwerbung<\/h3>\n\n\n\n<p>Nehmen Sie sich kurz etwas Zeit und sehen Sie sich meinen Produktslider mit meinen unterschiedlichen Produkten an.<\/p>\n\n\n\n<p>Langweilige grafische und h\u00fcbsche Gru\u00dfmotive gibt es viele. Aber die machen keinen Spa\u00df und bleiben nicht in den K\u00f6pfen der Empf\u00e4nger h\u00e4ngen. Ich erstelle f\u00fcr Ihre Firma wirklich individuelle und unterhaltsame Gru\u00dfmotive und Gru\u00dfwerbemittel f\u00fcr Print und Web.<\/p>\n\n\n<div class=\"wp-block-image\">\n<figure class=\"alignleft size-full is-resized\"><img loading=\"lazy\" decoding=\"async\" width=\"1200\" height=\"675\" src=\"https:\/\/www.grinnus.de\/wordpress\/wp-content\/uploads\/2025\/05\/aniaz-NB-x-max-2024mint_1200ani2.gif\" alt=\"\" class=\"wp-image-4228\" style=\"width:796px;height:auto\"\/><\/figure>\n<\/div>\n\n\n<h3 class=\"wp-block-heading\"><br \/>Wenn Sie Ihre Kunden und Mitarbeiter einmal mit etwas Besonderem \u00fcberraschen wollen.<\/h3>\n\n\n\n<p>Die Motive kann ich f\u00fcr Ihre Produktion oder f\u00fcr die Realisation von der klassischen DIN-Lang Klappkarte, \u00fcber ein animiertes gif bis hin zum vertonten Video realisieren. Vom Stil passe ich mich hierbei gerne auch optisch an ihren individuellen Werbeauftritt an. (Vom einfachen Clipart-Stil bis zum aufw\u00e4ndigeren Comicstil).<\/p>\n\n\n<div id=\"metaslider-id-1890\" style=\"width: 100%;\" class=\"ml-slider-3-108-0 metaslider metaslider-nivo metaslider-1890 ml-slider has-dots-nav ms-theme-nivo-light\" role=\"region\" aria-label=\"GC weiclipart slider\" data-height=\"512\" data-width=\"900\">\n    <div id=\"metaslider_container_1890\">\n        <div class='slider-wrapper theme-default'><div class='ribbon'><\/div><div id='metaslider_1890' class='nivoSlider'><img loading=\"lazy\" decoding=\"async\" src=\"https:\/\/www.grinnus.de\/wordpress\/wp-content\/uploads\/2021\/09\/onepr_slider1920_indd6_cm1-900x512.jpg\" height=\"512\" width=\"900\" title=\"onepr_slider1920_80%weihnachtsm\u00e4nner\" alt=\"\" class=\"slider-1890 slide-2244 msDefaultImage\" \/><img loading=\"lazy\" decoding=\"async\" src=\"https:\/\/www.grinnus.de\/wordpress\/wp-content\/uploads\/2021\/08\/weiclipart1920_blog-all_80-2-900x512.jpg\" height=\"512\" width=\"900\" title=\"weiclipart1920_blog-all_80-2\" alt=\"\" class=\"slider-1890 slide-2243 msDefaultImage\" \/><a href=\"https:\/\/www.youtube.com\/watch?v=gt572Ziv-uc\" target=\"_blank\" rel=\"noopener\"><img loading=\"lazy\" decoding=\"async\" src=\"https:\/\/www.grinnus.de\/wordpress\/wp-content\/uploads\/2020\/12\/artb_0719_scetchwichtel_surprise2020-900x512.jpg\" height=\"512\" width=\"900\" title=\"artb_0719_scetchwichtel_surprise2020\" alt=\"\" class=\"slider-1890 slide-1977 msDefaultImage\" \/><\/a><img loading=\"lazy\" decoding=\"async\" src=\"https:\/\/www.grinnus.de\/wordpress\/wp-content\/uploads\/2020\/11\/onepr_slider1920_indd6_cm2-900x512.jpg\" height=\"512\" width=\"900\" title=\"onepr_slider1920_indd6_cm2\" alt=\"\" class=\"slider-1890 slide-1976 msDefaultImage\" \/><img loading=\"lazy\" decoding=\"async\" src=\"https:\/\/www.grinnus.de\/wordpress\/wp-content\/uploads\/2020\/11\/onepr_slider1920_indd6_cm5-900x512.jpg\" height=\"512\" width=\"900\" title=\"onepr_slider1920_indd6_cm5\" alt=\"\" class=\"slider-1890 slide-1973 msDefaultImage\" \/><img loading=\"lazy\" decoding=\"async\" src=\"https:\/\/www.grinnus.de\/wordpress\/wp-content\/uploads\/2020\/11\/onepr_slider1920_indd6_cm6-900x512.jpg\" height=\"512\" width=\"900\" title=\"onepr_slider1920_indd6_cm6\" alt=\"\" class=\"slider-1890 slide-1972 msDefaultImage\" \/><img loading=\"lazy\" decoding=\"async\" src=\"https:\/\/www.grinnus.de\/wordpress\/wp-content\/uploads\/2020\/11\/onepr_slider1920_indd6_cm4-900x512.jpg\" height=\"512\" width=\"900\" title=\"onepr_slider1920_indd6_cm4\" alt=\"\" class=\"slider-1890 slide-1974 msDefaultImage\" \/><img loading=\"lazy\" decoding=\"async\" src=\"https:\/\/www.grinnus.de\/wordpress\/wp-content\/uploads\/2020\/11\/onepr_slider1920_indd6_cm3-900x512.jpg\" height=\"512\" width=\"900\" title=\"onepr_slider1920_indd6_cm3\" alt=\"\" class=\"slider-1890 slide-1975 msDefaultImage\" \/><img loading=\"lazy\" decoding=\"async\" src=\"https:\/\/www.grinnus.de\/wordpress\/wp-content\/uploads\/2020\/11\/onepr_slider_03_weiclip_siquiz-900x512.jpg\" height=\"512\" width=\"900\" title=\"onepr_slider_03_weiclip_siquiz\" alt=\"\" class=\"slider-1890 slide-1894 msDefaultImage\" \/><img loading=\"lazy\" decoding=\"async\" src=\"https:\/\/www.grinnus.de\/wordpress\/wp-content\/uploads\/2020\/11\/onepr_slider1920_indd6_cm8-900x512.jpg\" height=\"512\" width=\"900\" title=\"onepr_slider1920_indd6_cm8\" alt=\"\" class=\"slider-1890 slide-1970 msDefaultImage\" \/><img loading=\"lazy\" decoding=\"async\" src=\"https:\/\/www.grinnus.de\/wordpress\/wp-content\/uploads\/2020\/11\/onepr_slider1920_indd6_cm7-900x512.jpg\" height=\"512\" width=\"900\" title=\"onepr_slider1920_indd6_cm7\" alt=\"\" class=\"slider-1890 slide-1971 msDefaultImage\" \/><img loading=\"lazy\" decoding=\"async\" src=\"https:\/\/www.grinnus.de\/wordpress\/wp-content\/uploads\/2020\/11\/onepr_slider1920_indd6_cm9-900x512.jpg\" height=\"512\" width=\"900\" title=\"onepr_slider1920_indd6_cm9\" alt=\"\" class=\"slider-1890 slide-1969 msDefaultImage\" \/><\/div><\/div>\n        \n    <\/div>\n<\/div>\n\n\n\n<h3 class=\"wp-block-heading\">Ich bin Illustrator und Geschichtenerz\u00e4hler aus Leidenschaft.<\/h3>\n\n\n\n<p>Schon immer haben mich kreative Geschichten fasziniert. Und als langj\u00e4hriger Artdirektor in verschiedenen Hamburger Werbeagenturen, habe ich mich neben dem Erstellen von klassischer Werbung und Werbung mit Figuren auch schon immer mit dem Erstellen von individuellen Gru\u00dfmotiven und Werbemitteln besch\u00e4ftigt.<\/p>\n\n\n\n<p>Mein Name ist Michael Grinnus und ich bin freiberuflicher Grafiker und Illustrator. Ich erstelle individuelle Motive und Gru\u00dfwerbemittel f\u00fcr Ihre Werbung in &nbsp;Print und Web. Hierbei entwerfe ich individuell f\u00fcr Ihre Firma individuelle Motive welches exklusiv f\u00fcr ein Jahr f\u00fcr Ihre Firma reserviert sind.<\/p>\n\n\n\n<p>Gerne w\u00fcrde ich Ihnen als Neukunde ein paar kostenlose Ideenscribbels erstellen.<\/p>\n\n\n\n<h3 class=\"wp-block-heading\">Motive \u2013 Produkte \u2013 Preisbeispiele:<\/h3>\n\n\n\n<p>Grunds\u00e4tzlich kann ich jedes Werbemittel realisieren. Zu meinen Klassikern geh\u00f6ren jedoch animierte gifs und gedruckte Grusskarten im Format DIN Lang. Aktuell steigender Beliebtheit sind Advents Schokoladenkalender. Von der einfachen Gru\u00dfkarte, \u00fcber Onlinekalender bis hin zu Animationen und Erkl\u00e4r- Videos.<\/p>\n\n\n\n<p>Nehmen Sie sich kurz etwas Zeit und sehen Sie sich meinen Produktslider mit meinen unterschiedlichen Produkten an.<\/p>\n\n\n\n<p>Dazu m\u00fcssen Sie einfach <a href=\"https:\/\/www.grinnus.de\/wordpress\/grinnycards-weihnachtswerbemittel-slider-1\/\">hier klicken<\/a>.<\/p>\n\n\n\n<p>Sprechen Sie mich an. Ich freue mich auf Sie !<br \/>Viele Gr\u00fc\u00dfe, Michael Grinnus<\/p>\n\n\n\n<p class=\"has-normal-font-size\">Telefon: 040 \/ 38610135. Oder schreiben mir eine E-Mail an: grinnus(at)grinnus.de<br \/><br \/><div class=\"shariff shariff-align-left shariff-widget-align-left\" style=\"display:none\" data-services=\"facebook\" data-url=\"https:\/\/www.grinnus.de\/wordpress\/grinnycards-werbemittel-von-print-bis-web-2\/\" data-timestamp=\"1748285108\" data-hidezero=\"1\" data-backendurl=\"https:\/\/www.grinnus.de\/wordpress\/wp-json\/shariff\/v1\/share_counts?\"><div class=\"ShariffHeadline\">Beitrag teilen<\/div><ul class=\"shariff-buttons theme-round orientation-horizontal buttonsize-medium\"><li class=\"shariff-button linkedin shariff-nocustomcolor\" style=\"background-color:#1488bf\"><a href=\"https:\/\/www.linkedin.com\/sharing\/share-offsite\/?url=https%3A%2F%2Fwww.grinnus.de%2Fwordpress%2Fgrinnycards-werbemittel-von-print-bis-web-2%2F\" title=\"Bei LinkedIn teilen\" aria-label=\"Bei LinkedIn teilen\" role=\"button\" rel=\"noopener nofollow\" class=\"shariff-link\" style=\"; background-color:#0077b5; color:#fff\" target=\"_blank\"><span class=\"shariff-icon\" style=\"\"><svg width=\"32px\" height=\"20px\" xmlns=\"http:\/\/www.w3.org\/2000\/svg\" viewBox=\"0 0 27 32\"><path fill=\"#0077b5\" d=\"M6.2 11.2v17.7h-5.9v-17.7h5.9zM6.6 5.7q0 1.3-0.9 2.2t-2.4 0.9h0q-1.5 0-2.4-0.9t-0.9-2.2 0.9-2.2 2.4-0.9 2.4 0.9 0.9 2.2zM27.4 18.7v10.1h-5.9v-9.5q0-1.9-0.7-2.9t-2.3-1.1q-1.1 0-1.9 0.6t-1.2 1.5q-0.2 0.5-0.2 1.4v9.9h-5.9q0-7.1 0-11.6t0-5.3l0-0.9h5.9v2.6h0q0.4-0.6 0.7-1t1-0.9 1.6-0.8 2-0.3q3 0 4.9 2t1.9 6z\"\/><\/svg><\/span><\/a><\/li><li class=\"shariff-button xing shariff-nocustomcolor\" style=\"background-color:#29888a\"><a href=\"https:\/\/www.xing.com\/spi\/shares\/new?url=https%3A%2F%2Fwww.grinnus.de%2Fwordpress%2Fgrinnycards-werbemittel-von-print-bis-web-2%2F\" title=\"Bei XING teilen\" aria-label=\"Bei XING teilen\" role=\"button\" rel=\"noopener nofollow\" class=\"shariff-link\" style=\"; background-color:#126567; color:#fff\" target=\"_blank\"><span class=\"shariff-icon\" style=\"\"><svg width=\"32px\" height=\"20px\" xmlns=\"http:\/\/www.w3.org\/2000\/svg\" viewBox=\"0 0 25 32\"><path fill=\"#126567\" d=\"M10.7 11.9q-0.2 0.3-4.6 8.2-0.5 0.8-1.2 0.8h-4.3q-0.4 0-0.5-0.3t0-0.6l4.5-8q0 0 0 0l-2.9-5q-0.2-0.4 0-0.7 0.2-0.3 0.5-0.3h4.3q0.7 0 1.2 0.8zM25.1 0.4q0.2 0.3 0 0.7l-9.4 16.7 6 11q0.2 0.4 0 0.6-0.2 0.3-0.6 0.3h-4.3q-0.7 0-1.2-0.8l-6-11.1q0.3-0.6 9.5-16.8 0.4-0.8 1.2-0.8h4.3q0.4 0 0.5 0.3z\"\/><\/svg><\/span><\/a><\/li><li class=\"shariff-button facebook shariff-nocustomcolor\" style=\"background-color:#4273c8\"><a href=\"https:\/\/www.facebook.com\/sharer\/sharer.php?u=https%3A%2F%2Fwww.grinnus.de%2Fwordpress%2Fgrinnycards-werbemittel-von-print-bis-web-2%2F\" title=\"Bei Facebook teilen\" aria-label=\"Bei Facebook teilen\" role=\"button\" rel=\"nofollow\" class=\"shariff-link\" style=\"; background-color:#3b5998; color:#fff\" target=\"_blank\"><span class=\"shariff-icon\" style=\"\"><svg width=\"32px\" height=\"20px\" xmlns=\"http:\/\/www.w3.org\/2000\/svg\" viewBox=\"0 0 18 32\"><path fill=\"#3b5998\" d=\"M17.1 0.2v4.7h-2.8q-1.5 0-2.1 0.6t-0.5 1.9v3.4h5.2l-0.7 5.3h-4.5v13.6h-5.5v-13.6h-4.5v-5.3h4.5v-3.9q0-3.3 1.9-5.2t5-1.8q2.6 0 4.1 0.2z\"\/><\/svg><\/span><span data-service=\"facebook\" style=\"color:#3b5998\" class=\"shariff-count shariff-hidezero\"><\/span>&nbsp;<\/a><\/li><li class=\"shariff-button mailto shariff-nocustomcolor\" style=\"background-color:#a8a8a8\"><a href=\"mailto:?body=https%3A%2F%2Fwww.grinnus.de%2Fwordpress%2Fgrinnycards-werbemittel-von-print-bis-web-2%2F&subject=sub%20%3E%20GC%20startseite\" title=\"Per E-Mail versenden\" aria-label=\"Per E-Mail versenden\" role=\"button\" rel=\"noopener nofollow\" class=\"shariff-link\" style=\"; background-color:#999; color:#fff\"><span class=\"shariff-icon\" style=\"\"><svg width=\"32px\" height=\"20px\" xmlns=\"http:\/\/www.w3.org\/2000\/svg\" viewBox=\"0 0 32 32\"><path fill=\"#999\" d=\"M32 12.7v14.2q0 1.2-0.8 2t-2 0.9h-26.3q-1.2 0-2-0.9t-0.8-2v-14.2q0.8 0.9 1.8 1.6 6.5 4.4 8.9 6.1 1 0.8 1.6 1.2t1.7 0.9 2 0.4h0.1q0.9 0 2-0.4t1.7-0.9 1.6-1.2q3-2.2 8.9-6.1 1-0.7 1.8-1.6zM32 7.4q0 1.4-0.9 2.7t-2.2 2.2q-6.7 4.7-8.4 5.8-0.2 0.1-0.7 0.5t-1 0.7-0.9 0.6-1.1 0.5-0.9 0.2h-0.1q-0.4 0-0.9-0.2t-1.1-0.5-0.9-0.6-1-0.7-0.7-0.5q-1.6-1.1-4.7-3.2t-3.6-2.6q-1.1-0.7-2.1-2t-1-2.5q0-1.4 0.7-2.3t2.1-0.9h26.3q1.2 0 2 0.8t0.9 2z\"\/><\/svg><\/span><\/a><\/li><\/ul><\/div><\/p>\n\n\n\n<p><\/p>\n","protected":false},"excerpt":{"rendered":"<p>Individuelle Gru\u00dfmotive f\u00fcr Ihre Firma! GrinnyCards \u2013 das sind individuell f\u00fcr Ihre Firma gestaltete Gruss-Motive f\u00fcr den Einsatz auf Werbemitteln sowie Print- und Internetwerbung Nehmen Sie sich kurz etwas Zeit &#8230;<\/p>\n","protected":false},"author":1,"featured_media":4228,"parent":0,"menu_order":14,"comment_status":"closed","ping_status":"closed","template":"","meta":{"footnotes":""},"class_list":["post-1912","page","type-page","status-publish","has-post-thumbnail","hentry"],"_links":{"self":[{"href":"https:\/\/www.grinnus.de\/wordpress\/wp-json\/wp\/v2\/pages\/1912","targetHints":{"allow":["GET"]}}],"collection":[{"href":"https:\/\/www.grinnus.de\/wordpress\/wp-json\/wp\/v2\/pages"}],"about":[{"href":"https:\/\/www.grinnus.de\/wordpress\/wp-json\/wp\/v2\/types\/page"}],"author":[{"embeddable":true,"href":"https:\/\/www.grinnus.de\/wordpress\/wp-json\/wp\/v2\/users\/1"}],"replies":[{"embeddable":true,"href":"https:\/\/www.grinnus.de\/wordpress\/wp-json\/wp\/v2\/comments?post=1912"}],"version-history":[{"count":71,"href":"https:\/\/www.grinnus.de\/wordpress\/wp-json\/wp\/v2\/pages\/1912\/revisions"}],"predecessor-version":[{"id":4213,"href":"https:\/\/www.grinnus.de\/wordpress\/wp-json\/wp\/v2\/pages\/1912\/revisions\/4213"}],"wp:featuredmedia":[{"embeddable":true,"href":"https:\/\/www.grinnus.de\/wordpress\/wp-json\/wp\/v2\/media\/4228"}],"wp:attachment":[{"href":"https:\/\/www.grinnus.de\/wordpress\/wp-json\/wp\/v2\/media?parent=1912"}],"curies":[{"name":"wp","href":"https:\/\/api.w.org\/{rel}","templated":true}]}}