{"id":1522,"date":"2020-11-06T17:24:55","date_gmt":"2020-11-06T15:24:55","guid":{"rendered":"http:\/\/www.grinnus.de\/wordpress\/?page_id=1522"},"modified":"2025-05-24T15:02:04","modified_gmt":"2025-05-24T13:02:04","slug":"datenschutz-infos","status":"publish","type":"page","link":"https:\/\/www.grinnus.de\/wordpress\/datenschutz-infos\/","title":{"rendered":"Datenschutzerkl\u00e4rung"},"content":{"rendered":"\n<h2 class=\"wp-block-heading\" id=\"datenschutzerklarung-entsprechend-der-datenschutzgrundverordnung-der-eu-dsgvo\"><strong>Datenschutzerkl\u00e4rung entsprechend der<br \/>Datenschutzgrundverordnung der EU (DSGVO)<\/strong><\/h2>\n\n\n\n<p>Die Betreiber dieser Seiten nehmen den Schutz Ihrer pers\u00f6nlichen Daten sehr ernst.<br \/>Wir behandeln Ihre personenbezogenen Daten vertraulich und entsprechend der gesetzlichen Datenschutzvorschriften sowie dieser Datenschutzerkl\u00e4rung.<br \/>Die Nutzung unserer Webseite ist in der Regel ohne Angabe personenbezogener Daten m\u00f6glich.<br \/>Soweit auf unseren Seiten personenbezogene Daten (beispielsweise Name, Anschrift oder E-Mail-Adressen) erhoben werden, erfolgt dies, soweit m\u00f6glich, stets auf freiwilliger Basis. Diese Daten werden ohne Ihre ausdr\u00fcckliche Zustimmung nicht an Dritte weitergegeben.<br \/>Wir weisen darauf hin, dass die Daten\u00fcbertragung im Internet (z.B. bei der Kommunikation per E-Mail) Sicherheitsl\u00fccken aufweisen kann. Ein l\u00fcckenloser Schutz der Daten vor dem Zugriff durch Dritte ist nicht m\u00f6glich<\/p>\n\n\n\n<p><strong>Diese Webseite verwendet Cookies.&nbsp;<\/strong><br \/>Cookies sind Textdateien, die automatisch bei dem Aufruf einer Webseite lokal im Browser des Besuchers abgelegt werden. Diese Website setzt Cookies ein, um das Angebot nutzerfreundlich und funktionaler zu gestalten. Dank dieser Dateien ist es beispielsweise m\u00f6glich, auf individuelle Interessen abgestimmte Informationen auf einer Seite anzuzeigen. Auch Sicherheitsrelevante Funktionen zum Schutz Ihrer Privatsph\u00e4re werden durch den Einsatz von Cookies erm\u00f6glicht. Der ausschlie\u00dfliche Zweck besteht also darin, unser Angebot Ihren Kundenw\u00fcnschen bestm\u00f6glich anzupassen und die Seiten-Nutzung so komfortabel wie m\u00f6glich zu gestalten. Mit Anwendung der DSGVO 2018 sind Webmaster dazu verpflichtet, der unter&nbsp;<a rel=\"noreferrer noopener\" href=\"https:\/\/eu-datenschutz.org\/\" target=\"_blank\">https:\/\/eu-datenschutz.org\/<\/a>&nbsp;ver\u00f6ffentlichten Grundverordnung Folge zu leisten und seine Nutzer entsprechend \u00fcber die Erfassung und Auswertung von Daten in Kenntnis zu setzen. Die Rechtm\u00e4\u00dfigkeit der Verarbeitung ist in Kapitel 2, Artikel 6 der DSGVO begr\u00fcndet.<\/p>\n\n\n\n<p><strong>Diese Webseite verwendet Google Analytics:<\/strong><br \/>Diese Website nutzt Funktionen des Webanalysedienstes Google Analytics, ein Programm der Google Inc. (&#8220;Google, USA&#8221;). Anbieter ist die Google Inc. 1600 Amphitheatre Parkway Mountain View, CA 94043, USA. Google Analytics verwendet die sogenannten &#8220;Cookies&#8221;. Das sind Textdateien, die auf Ihrem Computer gespeichert werden und die eine Analyse der Benutzung der Website durch Sie erm\u00f6glichen. Die durch den Cookie erzeugten Informationen \u00fcber Ihre Benutzung dieser Website werden in der Regel an einen Server von Google in den USA \u00fcbertragen und dort gespeichert.<\/p>\n\n\n\n<p>Die durch das Tracking erfassten Informationen zu Ihrer Nutzung dieser Website werden auf einem Server von Google in den USA gespeichert. Durch eine sogenannte IP-Anonymisierung wird Ihre IP-Adresse von Google innerhalb von Mitgliedstaaten der Europ\u00e4ischen Union oder in anderen Vertragsstaaten des Abkommens \u00fcber den Europ\u00e4ischen Wirtschaftsraum zuvor gek\u00fcrzt. Somit ist der Standort Ihres Browsers lediglich regional zuortbar, nicht aber ihrer Person. Google kann Besucherverhalten auswerten, um Reports \u00fcber die Websiteaktivit\u00e4ten zusammenzustellen. Auch weitere mit der Websitenutzung und der Internetnutzung verbundene Dienstleistungen k\u00f6nnen so gegen\u00fcber dem Websitebetreiber erbracht werden.<\/p>\n\n\n\n<p>Im Falle der Aktivierung der IP-Anonymisierung auf dieser Webseite wird Ihre IP-Adresse von Google jedoch innerhalb von Mitgliedstaaten der Europ\u00e4ischen Union oder in anderen Vertragsstaaten des Abkommens \u00fcber den Europ\u00e4ischen Wirtschaftsraum zuvor gek\u00fcrzt. Nur in Ausnahmef\u00e4llen wird die volle IP-Adresse an einen Server von Google in den USA \u00fcbertragen und dort gek\u00fcrzt. Im Auftrag des Betreibers dieser Website wird Google diese Informationen benutzen, um Ihre Nutzung der Website auszuwerten, um Reports \u00fcber die Websiteaktivit\u00e4ten zusammenzustellen und um weitere mit der Websitenutzung und der Internetnutzung verbundene Dienstleistungen gegen\u00fcber dem Websitebetreiber zu erbringen. Die im Rahmen von Google Analytics von Ihrem Browser \u00fcbermittelte IP-Adresse wird nicht mit anderen Daten von Google zusammengef\u00fchrt.<\/p>\n\n\n\n<p>Sie k\u00f6nnen die Speicherung der Cookies durch eine entsprechende Einstellung Ihrer Browser-Software verhindern;<br \/>wir weisen Sie jedoch darauf hin, dass Sie in diesem Fall gegebenenfalls nicht s\u00e4mtliche Funktionen dieser Website vollumf\u00e4nglich werden nutzen k\u00f6nnen. Sie k\u00f6nnen dar\u00fcber hinaus die Erfassung der durch das Cookie erzeugten und auf Ihre Nutzung der Website bezogenen Daten (inkl. Ihrer IP-Adresse) an Google sowie die Verarbeitung dieser Daten durch Google verhindern, indem sie das unter dem folgenden Link verf\u00fcgbare Browser-Plugin herunterladen und installieren:<br \/><a href=\"http:\/\/tools.google.com\/dlpage\/gaoptout?hl=de\" target=\"_blank\" rel=\"noopener\">http:\/\/tools.google.com\/dlpage\/gaoptout?hl=de<\/a><\/p>\n\n\n\n<p>Widerspruch Werbe-Mails:<br \/>Der Nutzung von im Rahmen der Impressumspflicht ver\u00f6ffentlichten Kontaktdaten zur \u00dcbersendung von nicht ausdr\u00fccklich angeforderter Werbung und Informationsmaterialien wird hiermit widersprochen. Die Betreiber der Seiten behalten sich ausdr\u00fccklich rechtliche Schritte im Falle der unverlangten Zusendung von Werbeinformationen, etwa durch Spam-E-Mails, vor.<\/p>\n\n\n\n<p>Auskunft, L\u00f6schung, Sperrung personenbezogener Daten:<br \/>Sie haben jederzeit das Recht auf unentgeltliche Auskunft \u00fcber Ihre gespeicherten personenbezogenen Daten, deren Herkunft und Empf\u00e4nger und den Zweck der Datenverarbeitung sowie ein Recht auf Berichtigung, Sperrung oder L\u00f6schung dieser Daten. Hierzu sowie zu weiteren Fragen zum Thema personenbezogene Daten k\u00f6nnen Sie sich jederzeit unter der im Impressum angegebenen Adresse an uns wenden.<\/p>\n\n\n\n<p>Newsletterdaten:<br \/>Wenn Sie den auf der Webseite angebotenen Newsletter beziehen m\u00f6chten, ben\u00f6tigen wir von Ihnen eine EMail-Adresse sowie Informationen, welche uns die \u00dcberpr\u00fcfung gestatten, dass Sie der Inhaber der angegebenen E-Mail-Adresse sind und mit dem Empfang des Newsletters einverstanden sind. Weitere Daten werden nicht erhoben. Diese Daten verwenden wir ausschlie\u00dflich f\u00fcr den Versand der angeforderten Informationen und geben sie nicht an Dritte weiter. Die erteilte Einwilligung zur Speicherung der Daten, der E-Mail-Adresse sowie deren Nutzung zum Versand des Newsletters k\u00f6nnen Sie jederzeit widerrufen , etwa \u00fcber den \u201eAustragen\u201c-Link im Newsletter.<\/p>\n","protected":false},"excerpt":{"rendered":"<p>Datenschutzerkl\u00e4rung entsprechend derDatenschutzgrundverordnung der EU (DSGVO) Die Betreiber dieser Seiten nehmen den Schutz Ihrer pers\u00f6nlichen Daten sehr ernst.Wir behandeln Ihre personenbezogenen Daten vertraulich und entsprechend der gesetzlichen Datenschutzvorschriften sowie dieser &#8230;<\/p>\n","protected":false},"author":1,"featured_media":0,"parent":0,"menu_order":38,"comment_status":"closed","ping_status":"closed","template":"","meta":{"footnotes":""},"class_list":["post-1522","page","type-page","status-publish","hentry"],"_links":{"self":[{"href":"https:\/\/www.grinnus.de\/wordpress\/wp-json\/wp\/v2\/pages\/1522","targetHints":{"allow":["GET"]}}],"collection":[{"href":"https:\/\/www.grinnus.de\/wordpress\/wp-json\/wp\/v2\/pages"}],"about":[{"href":"https:\/\/www.grinnus.de\/wordpress\/wp-json\/wp\/v2\/types\/page"}],"author":[{"embeddable":true,"href":"https:\/\/www.grinnus.de\/wordpress\/wp-json\/wp\/v2\/users\/1"}],"replies":[{"embeddable":true,"href":"https:\/\/www.grinnus.de\/wordpress\/wp-json\/wp\/v2\/comments?post=1522"}],"version-history":[{"count":5,"href":"https:\/\/www.grinnus.de\/wordpress\/wp-json\/wp\/v2\/pages\/1522\/revisions"}],"predecessor-version":[{"id":2841,"href":"https:\/\/www.grinnus.de\/wordpress\/wp-json\/wp\/v2\/pages\/1522\/revisions\/2841"}],"wp:attachment":[{"href":"https:\/\/www.grinnus.de\/wordpress\/wp-json\/wp\/v2\/media?parent=1522"}],"curies":[{"name":"wp","href":"https:\/\/api.w.org\/{rel}","templated":true}]}}