{"id":1372,"date":"2016-02-12T08:11:05","date_gmt":"2016-02-12T06:11:05","guid":{"rendered":"http:\/\/demos.famethemes.com\/onepress\/?page_id=22"},"modified":"2025-12-12T19:49:12","modified_gmt":"2025-12-12T17:49:12","slug":"newsletter-von-grinnus-de","status":"publish","type":"page","link":"https:\/\/www.grinnus.de\/wordpress\/newsletter-von-grinnus-de\/","title":{"rendered":"E-Mail &#8211; THE Newsletter &#8211; ein- u. austragen"},"content":{"rendered":"<h3>E-Mail &#8211; THE Newsletter &#8211; abonnieren.<\/h3>\n<div>\u00dcber nachfolgende Eingabemaske k\u00f6nnen Sie sich im E-Mail-Newsletter von Michael eintragen lassen.\nEtwas weiter unten k\u00f6nnen Sie sich aus meinem Newsletter-Verteiler austragen.<\/div>\n<div><\/div>\n<div><\/div>\n<!-- \/wp:post-content -->\n\n<p><div class=\"tnp tnp-subscription \">\n<form method=\"post\" action=\"https:\/\/www.grinnus.de\/wordpress\/wp-admin\/admin-ajax.php?action=tnp&amp;na=s\">\n<input type=\"hidden\" name=\"nlang\" value=\"\">\n<div class=\"tnp-field tnp-field-firstname\"><label for=\"tnp-1\">Vorname<\/label>\n<input class=\"tnp-name\" type=\"text\" name=\"nn\" id=\"tnp-1\" value=\"\" placeholder=\"\" required><\/div>\n<div class=\"tnp-field tnp-field-surname\"><label for=\"tnp-2\">Nachname<\/label>\n<input class=\"tnp-surname\" type=\"text\" name=\"ns\" id=\"tnp-2\" value=\"\" placeholder=\"\" required><\/div><div class=\"tnp-field tnp-field-email\"><label for=\"tnp-3\">Email<\/label>\n<input class=\"tnp-email\" type=\"email\" name=\"ne\" id=\"tnp-3\" value=\"\" placeholder=\"\" required><\/div>\n<div class=\"tnp-field tnp-privacy-field\"><label><input type=\"checkbox\" name=\"ny\" required class=\"tnp-privacy\"> <a target=\"_blank\" href=\"https:\/\/www.grinnus.de\/wordpress\/datenschutz-infos\/\">Ankreuzen um die Datenschutzerkl\u00e4rung akzeptieren. (hier klicken zum lesen)<\/a><\/label><\/div><div class=\"tnp-field tnp-field-button\" style=\"text-align: left\"><input class=\"tnp-submit\" type=\"submit\" value=\"Grinnus Newsletter Abonnieren\" style=\"\">\n<\/div>\n<\/form>\n<\/div>\n<\/p>\n<h3><\/h3>\n<h3><\/h3>\n<h3>E-Mail-Newsletter abbestellen.<\/h3>\n<div>Wenn Sie keine E-Mail-Newsletter von Michael Grinnus mehr bekommen m\u00f6chten,<\/div>\n<div>dann brauchen Sie mir einfach nur eine E-Mail mit Ihren W\u00fcnschen oder\/und der\/den zu l\u00f6schenden<\/div>\n<div>E-Mailadresse\/n an newsletter@grinnus.de zuzusenden, und ich werde die E-Mailadresse\/n umgehend aus meinem Verteiler nehmen.\nDazu einfach <strong><a href=\"mailto:newsletter@grinnus.de?subject=Ich m\u00f6chte keine E-Mails mehr von Grinnus Advertising \/ Michael Grinnus mehr bekommen\">hier klicken<\/a>.<\/strong><\/div>\n<div><\/div>\n<div>Falls Sie es sich einmal anders \u00fcberlegen, k\u00f6nnen Sie sich nat\u00fcrlich jederzeit gerne wieder\nhier oben auf der Seite per Email in den Newsletter eintragen.<\/div>\n<!-- wp:paragraph -->\n\n<!-- \/wp:paragraph -->\n\n<!-- wp:paragraph -->\n\n<!-- \/wp:paragraph -->","protected":false},"excerpt":{"rendered":"<p>Nullam ut tempor eros. Donec faucibus, velit et imperdiet aliquam, lacus velit luctus urna, vitae porttitor orci libero id felis.<\/p>\n","protected":false},"author":1,"featured_media":0,"parent":0,"menu_order":29,"comment_status":"closed","ping_status":"closed","template":"","meta":{"footnotes":""},"class_list":["post-1372","page","type-page","status-publish","hentry"],"_links":{"self":[{"href":"https:\/\/www.grinnus.de\/wordpress\/wp-json\/wp\/v2\/pages\/1372","targetHints":{"allow":["GET"]}}],"collection":[{"href":"https:\/\/www.grinnus.de\/wordpress\/wp-json\/wp\/v2\/pages"}],"about":[{"href":"https:\/\/www.grinnus.de\/wordpress\/wp-json\/wp\/v2\/types\/page"}],"author":[{"embeddable":true,"href":"https:\/\/www.grinnus.de\/wordpress\/wp-json\/wp\/v2\/users\/1"}],"replies":[{"embeddable":true,"href":"https:\/\/www.grinnus.de\/wordpress\/wp-json\/wp\/v2\/comments?post=1372"}],"version-history":[{"count":17,"href":"https:\/\/www.grinnus.de\/wordpress\/wp-json\/wp\/v2\/pages\/1372\/revisions"}],"predecessor-version":[{"id":5070,"href":"https:\/\/www.grinnus.de\/wordpress\/wp-json\/wp\/v2\/pages\/1372\/revisions\/5070"}],"wp:attachment":[{"href":"https:\/\/www.grinnus.de\/wordpress\/wp-json\/wp\/v2\/media?parent=1372"}],"curies":[{"name":"wp","href":"https:\/\/api.w.org\/{rel}","templated":true}]}}